{"id":36418,"date":"2019-04-08T20:58:12","date_gmt":"2019-04-08T18:58:12","guid":{"rendered":"https:\/\/www.tessi.eu\/politique-dutilisation-des-donnees-personnelles\/"},"modified":"2024-01-30T11:54:47","modified_gmt":"2024-01-30T10:54:47","slug":"politique-dutilisation-des-donnees-personnelles","status":"publish","type":"page","link":"https:\/\/www.tessi.eu\/fr_ch\/politique-dutilisation-des-donnees-personnelles\/","title":{"rendered":"Politique d&rsquo;utilisation des donn\u00e9es personnelles"},"content":{"rendered":"<h3><strong>Identit\u00e9 du responsable du traitement<\/strong><\/h3>\n<p>Responsable du traitement\u00a0:<\/p>\n<p><strong>TESSI<\/strong><\/p>\n<p>Soci\u00e9t\u00e9 par Actions Simplifi\u00e9e (SAS) au capital de 6 523 342 \u20ac<br \/>\nSi\u00e8ge social\u00a0: 14 rue des Arts et M\u00e9tiers, 38027 Grenoble Cedex<br \/>\nImmatricul\u00e9e au RCS de Grenoble sous le n\u00b0\u00a0: 071 501 571<br \/>\nT\u00e9l. : +33 (0)4 76 70 59 10<\/p>\n<p><strong>Responsable de la publication\u00a0:<\/strong> Olivier Jolland<\/p>\n<p>\u00ab Site \u00bb : d\u00e9signe le site internet suivant : <em>tessi.eu<\/em><\/p>\n<h3>Coordonn\u00e9es du DPO (Data Protection Officer) du Groupe Tessi<\/h3>\n<p class=\"p7\">Adresse \u00e9lectronique : <a href=\"mailto:dpo.tessi@tessi.fr\">dpo.tessi@tessi.fr<\/a><br \/>\nAdresse postale : DPO Tessi &#8211; 45, rue Saint Jean de Dieu &#8211; 69007 Lyon<\/p>\n<h3><strong>Finalit\u00e9s \/ Base l\u00e9gale des traitements des donn\u00e9es \u00e0 caract\u00e8re personnel<\/strong><\/h3>\n<p>Les finalit\u00e9s des traitements de vos donn\u00e9es personnelles que Tessi effectue sont les suivantes :<\/p>\n<ol>\n<li>prospection commerciale B2B ;<\/li>\n<li>envoi d\u2019informations commerciales et\/ou de notifications et\/ou de documents demand\u00e9s, diffusion des contenus ;<\/li>\n<li>gestion et suivi des relations commerciales avec nos prospects et\/ou nos clients et\/ou nos partenaires (B2B), y compris enrichissement\/mise \u00e0 jour des bases de donn\u00e9es clients\/prospects;<\/li>\n<li>assistance technique et\/ou commerciale ;<\/li>\n<li>organisation de la participation \u00e0 un \u00e9v\u00e9nement ;<\/li>\n<li>s\u00e9curisation du Site et pr\u00e9vention des fraudes ;<\/li>\n<li>recrutement ;<\/li>\n<li>identification des visiteurs (via cookies) ;<\/li>\n<li>r\u00e9alisation de statistiques, d\u2019analyses et d\u2019\u00e9tudes d\u2019audience (via cookies) ;<\/li>\n<li>am\u00e9lioration des services (via cookies).<\/li>\n<\/ol>\n<p>Les bases l\u00e9gales de ces traitements sont les suivantes (selon l\u2019article 6 du R\u00e8glement europ\u00e9en sur la protection des donn\u00e9es \u2013 RGPD) :<\/p>\n<ul>\n<li>pour les traitements de 1 \u00e0 6 : l\u2019int\u00e9r\u00eat l\u00e9gitime de Tessi (cf. l\u2019article 6.1.f) du RGPD) dans la mesure o\u00f9 ces op\u00e9rations contribuent \u00e0 la promotion de nos produits et services, \u00e0 la gestion de nos relations commerciales et \u00e0 la gestion technique du Site ;<\/li>\n<li>pour le recrutement : l\u2019ex\u00e9cution de mesures pr\u00e9contractuelles (cf. l\u2019article 6.1.b) du RGPD) si vous candidatez pour un poste, ou votre consentement (cf. l\u2019article 6.1.a) du RGPD) si vous souhaitez recevoir nos offres d\u2019emploi ; <\/li>\n<li>pour les traitements de 8 \u00e0 10 : votre consentement (cf. l\u2019article 6.1.a) du RGPD) que vous pouvez exprimer en acceptant ou refusant les cookies concern\u00e9s, ou l\u2019int\u00e9r\u00eat l\u00e9gitime de TESSI (cf. l\u2019article 6.1f) du RGPD) pour les cookies fonctionnels et\/ou exempts de consentement.<\/li>\n<\/ul>\n<h3><strong>Cat\u00e9gories des donn\u00e9es personnelles \/ Collecte<\/strong><\/h3>\n<p>Vos donn\u00e9es personnelles trait\u00e9es par TESSI rel\u00e8vent des cat\u00e9gories suivantes :<\/p>\n<ul>\n<li>donn\u00e9es d\u2019identification (nom, pr\u00e9nom, num\u00e9ro de t\u00e9l\u00e9phone, adresse e-mail, etc\u2026) ;<\/li>\n<li>donn\u00e9es professionnelles (fonction, entreprise, num\u00e9ro de t\u00e9l\u00e9phone, adresse e-mail, centres d\u2019int\u00e9r\u00eat professionnel ; pour les besoins du recrutement \u00e9galement : niveau d\u2019exp\u00e9rience, d\u2019\u00e9tudes, de langues, CV, etc\u2026) ;<\/li>\n<li>donn\u00e9es de connexion et\/ou de navigation ;<\/li>\n<\/ul>\n<p>En ce qui concerne les formulaires de saisie d\u2019informations affich\u00e9s sur le Site, les donn\u00e9es \u00e0 caract\u00e8re personnel dont la communication est obligatoire pour la prise en compte de votre demande sont identifi\u00e9es par un ast\u00e9risque \u00ab *Champs obligatoires \u00bb. Le d\u00e9faut de communication d\u2019une donn\u00e9e personnelle identifi\u00e9e comme obligatoire provoquera la non validation du formulaire en question. Tessi ne pourra donc pas donner suite \u00e0 votre demande.<\/p>\n<p>Vos donn\u00e9es sont collect\u00e9es de mani\u00e8re directe lors de votre navigation sur le Site, soit automatiquement, au moyen des cookies, soit via les formulaires de saisie d\u2019informations pr\u00e9sent\u00e9s sur le Site. Vos donn\u00e9es \u00e0 caract\u00e8re personnel sont donc collect\u00e9es lorsque vous :<\/p>\n<ul>\n<li>consultez les diff\u00e9rentes pages du Site ;<\/li>\n<li>vous inscrivez \u00e0 notre newsletter ;<\/li>\n<li>lorsque vous faites une demande de documentation ;<\/li>\n<li>lorsque vous faites une candidature spontan\u00e9e ;<\/li>\n<li>contactez le service clients ;<\/li>\n<li>partagez un contenu avec quelqu\u2019un en lui adressant le lien vers l\u2019article par e-mail ;<\/li>\n<li>partagez un avis par l\u2019interm\u00e9diaire des r\u00e9seaux sociaux (Youtube, Twitter, Viadeo, LinkedIn, etc.).<\/li>\n<\/ul>\n<p>Vos donn\u00e9es peuvent \u00e9galement \u00eatre collect\u00e9es par Tessi de mani\u00e8re indirecte aupr\u00e8s de nos clients ou partenaires qui partagent vos donn\u00e9es dans le cadre d\u2019une collaboration ou d\u2019une relation commerciale (ex. votre employeur \u00e9tant un client, il peut nous communiquer vos coordonn\u00e9es professionnelles pour une prise de contact).<\/p>\n<p>Tessi peut proc\u00e9der au rapprochement des donn\u00e9es provenant de diff\u00e9rentes sources pour la r\u00e9alisation de la finalit\u00e9 suivante : prospection et gestion\/suivi de la relation commerciale.<br \/>\nNotamment, si vous acceptez certains cookies, vos donn\u00e9es de navigation sur le Site peuvent \u00eatre recoup\u00e9es avec les donn\u00e9es que vous saisissez dans le formulaire et utilis\u00e9es par TESSI pour la finalit\u00e9 susvis\u00e9e.<\/p>\n<h3><strong>Cookies<\/strong><\/h3>\n<p>Les donn\u00e9es \u00e0 caract\u00e8re personnel qui sont obtenues automatiquement \u00e0 l\u2019occasion de votre connexion et navigation sur le Site, notamment l\u2019adresse IP de votre terminal, et\/ou par l\u2019interm\u00e9diaire de fichiers informatiques stock\u00e9s sur votre terminal, commun\u00e9ment appel\u00e9s \u00ab cookies \u00bb, sont utilis\u00e9es conform\u00e9ment aux modalit\u00e9s pr\u00e9vues dans la \u00ab <a href=\"https:\/\/www.tessi.eu\/fr_ch\/politique-de-gestion-des-cookies\/\" target=\"_blank\" rel=\"noopener noreferrer\">Politique de gestion de cookies<\/a>\u00a0\u00bb<\/p>\n<h3><strong>Boutons de partage des r\u00e9seaux sociaux<\/strong><\/h3>\n<p>Le Site utilise des boutons de partage des r\u00e9seaux sociaux tels que LinkedIn, Twitter, Youtube, Facebook etc. permettent l\u2019\u00e9change des informations entre le Site et les sites des r\u00e9seaux sociaux concern\u00e9s.<br \/>\nPar cons\u00e9quent, les donn\u00e9es \u00e0 caract\u00e8re personnel des personnes qui utilisent les boutons de partage peuvent \u00eatre enregistr\u00e9es sur les serveurs des \u00e9diteurs des r\u00e9seaux sociaux.<br \/>\nTessi n\u2019est pas responsable des traitements de vos donn\u00e9es \u00e0 caract\u00e8re personnel effectu\u00e9s par les r\u00e9seaux sociaux pour les finalit\u00e9s d\u00e9finies par ces derniers.<br \/>\nNous vous invitons \u00e0 prendre connaissance des politiques de gestion des donn\u00e9es personnelles des r\u00e9seaux sociaux concern\u00e9s.<\/p>\n<h3><strong>Destinataires des donn\u00e9es<\/strong><\/h3>\n<p>Les donn\u00e9es \u00e0 caract\u00e8re personnel collect\u00e9es sur le Site sont r\u00e9serv\u00e9es \u00e0 l\u2019usage de Tessi. Elles peuvent \u00eatre transmises \u00e0 des filiales du Groupe Tessi. Elles peuvent \u00e9galement \u00eatre communiqu\u00e9es \u00e0 nos prestataires\/fournisseurs qui interviennent dans la gestion du Site (gestionnaire technique et h\u00e9bergeur du Site, fournisseur du service de mesures d\u2019audience notamment).<\/p>\n<p>Si vous utilisez le service FACIL\u2019ITI, nous vous informons que la soci\u00e9t\u00e9 FACIL\u2019ITI agit en tant que responsable de traitement, conform\u00e9ment \u00e0 sa politique de confidentialit\u00e9 : <a href=\"https:\/\/www.facil-iti.fr\/donnees-personnelles\/\" target=\"_blank\" rel=\"noopener noreferrer\">Donn\u00e9es personnelles et s\u00e9curit\u00e9 &#8211; FACIL&rsquo;iti (facil-iti.com)<\/a><\/p>\n<p>Tessi pourra \u00eatre amen\u00e9e \u00e0 divulguer les donn\u00e9es personnelles \u00e0 des autorit\u00e9s comp\u00e9tentes dans le cadre op\u00e9rations visant \u00e0 lutter contre toute activit\u00e9 p\u00e9nalement r\u00e9pr\u00e9hensible.<\/p>\n<h3><strong>Dur\u00e9e de conservation<\/strong><\/h3>\n<p>La dur\u00e9e de conservation des cookies n\u2019exc\u00e8de pas treize mois.<\/p>\n<p>Les donn\u00e9es utilis\u00e9es \u00e0 des fins de prospection commerciale, de communication des contenus demand\u00e9s, d\u2019assistance seront conserv\u00e9es pendant la dur\u00e9e de la relation commerciale, puis pour une dur\u00e9e de trois ans \u00e0 compter de la fin de la relation commerciale, sauf si une dur\u00e9e de conservation plus longue est n\u00e9cessaire pour les besoins de la prescription l\u00e9gale.  <\/p>\n<p>Les donn\u00e9es relatives \u00e0 un prospect seront conserv\u00e9es pendant un d\u00e9lai de trois ans \u00e0 compter de leur collecte ou du dernier contact \u00e9manant du prospect (ex. une demande de documentation, une demande d\u2019assistance, un appel t\u00e9l\u00e9phonique au service client, un clic sur un lien hypertexte du courriel adress\u00e9 par Tessi, une r\u00e9ponse positive \u00e0 un courriel demandant si le prospect souhaite continuer \u00e0 recevoir la prospection commerciale \u00e0 l\u2019\u00e9ch\u00e9ance du d\u00e9lai de trois ans).<\/p>\n<p>Les donn\u00e9es \u00e0 caract\u00e8re personnel collect\u00e9es pour la finalit\u00e9 \u00ab Recrutement \u00bb, sont g\u00e9r\u00e9es de fa\u00e7on confidentielle par le service des ressources humaines et ne sont pas conserv\u00e9es au-del\u00e0 de 1 an \u00e0 compter du dernier contact avec vous.<\/p>\n<h3><strong>Exercice des droits des personnes<\/strong><\/h3>\n<p>En fonction de la base l\u00e9gale sur laquelle repose le traitement de vos donn\u00e9es, vous b\u00e9n\u00e9ficiez d\u2019un droit d\u2019acc\u00e8s, de rectification, d\u2019effacement, d\u2019opposition (y compris le droit ne pas faire l\u2019objet d\u2019une d\u00e9cision fond\u00e9e exclusivement sur un traitement automatis\u00e9) ou, le cas \u00e9ch\u00e9ant, du retrait de votre consentement \u00e0 tout moment, ainsi que du droit \u00e0 la limitation et la portabilit\u00e9 de vos donn\u00e9es personnelles. Vous pouvez exercer votre droit en vous adressant au Data Protection Officer du Groupe Tessi (cf. la rubrique \u00ab Coordonn\u00e9es du DPO du Groupe Tessi \u00bb). Votre demande devra indiquer votre nom et pr\u00e9nom, adresse e-mail ou postale, \u00eatre sign\u00e9e. En cas de doute, nous pourrons vous demander de nous transmettre une copie d\u2019un justificatif d\u2019identit\u00e9 en cours de validit\u00e9.<\/p>\n<p>Vous pouvez \u00e9galement vous opposer \u00e0 l\u2019envoi d\u2019informations commerciales en cliquant sur le lien de d\u00e9sabonnement pr\u00e9sent dans les e-mails que vous recevez de la part de Tessi.<\/p>\n<p>Si, apr\u00e8s avoir contact\u00e9 notre DPO, vous estimez que vos droits n\u2019ont pas \u00e9t\u00e9 respect\u00e9s, vous pouvez adresser une r\u00e9clamation en ligne <a href=\"https:\/\/www.cnil.fr\/\" target=\"_blank\" rel=\"noopener noreferrer\">www.cnil.fr<\/a> ou par courrier postal \u00e0 la CNIL, CNIL &#8211; 3 Place de Fontenoy &#8211; TSA 80715 &#8211; 75334 PARIS CEDEX 07, si vous vous trouvez sur le territoire fran\u00e7ais.<br \/>\nSi vous vous trouvez sur le territoire espagnol, vous pouvez adresser une r\u00e9clamation en ligne <a href=\"https:\/\/www.aepd.es\" target=\"_blank\" rel=\"noopener noreferrer\">www.aepd.es<\/a> ou par courrier postal \u00e0 l\u2019AEPD, C\/ Jorge Juan, 6. 28001 Madrid.<\/p>\n<p>&nbsp;<\/p>\n","protected":false},"excerpt":{"rendered":"<p>Identit\u00e9 du responsable du traitement Responsable du traitement\u00a0: TESSI Soci\u00e9t\u00e9 par Actions Simplifi\u00e9e (SAS) au capital de 6 523 342 \u20ac Si\u00e8ge social\u00a0: 14 rue des Arts et M\u00e9tiers, 38027 Grenoble Cedex Immatricul\u00e9e au RCS de Grenoble sous le n\u00b0\u00a0: 071 501 571 T\u00e9l. : +33 (0)4 76 70 59 10 Responsable de la publication\u00a0: [&hellip;]<\/p>\n","protected":false},"author":1,"featured_media":0,"parent":0,"menu_order":311,"comment_status":"closed","ping_status":"closed","template":"page-templates\/donnees_perso.php","meta":{"_acf_changed":false,"footnotes":""},"class_list":["post-36418","page","type-page","status-publish","hentry"],"acf":[],"yoast_head":"<!-- This site is optimized with the Yoast SEO Premium plugin v22.3 (Yoast SEO v27.1.1) - https:\/\/yoast.com\/product\/yoast-seo-premium-wordpress\/ -->\n<title>Politique d&#039;utilisation des donn\u00e9es personnelles - Tessi International<\/title>\n<meta name=\"robots\" content=\"index, follow, max-snippet:-1, max-image-preview:large, max-video-preview:-1\" \/>\n<link rel=\"canonical\" href=\"https:\/\/www.tessi.eu\/fr_ch\/politique-dutilisation-des-donnees-personnelles\/\" \/>\n<meta property=\"og:locale\" content=\"fr_FR\" \/>\n<meta property=\"og:type\" content=\"article\" \/>\n<meta property=\"og:title\" content=\"Politique d&#039;utilisation des donn\u00e9es personnelles\" \/>\n<meta property=\"og:description\" content=\"Identit\u00e9 du responsable du traitement Responsable du traitement\u00a0: TESSI Soci\u00e9t\u00e9 par Actions Simplifi\u00e9e (SAS) au capital de 6 523 342 \u20ac Si\u00e8ge social\u00a0: 14 rue des Arts et M\u00e9tiers, 38027 Grenoble Cedex Immatricul\u00e9e au RCS de Grenoble sous le n\u00b0\u00a0: 071 501 571 T\u00e9l. : +33 (0)4 76 70 59 10 Responsable de la publication\u00a0: [&hellip;]\" \/>\n<meta property=\"og:url\" content=\"https:\/\/www.tessi.eu\/fr_ch\/politique-dutilisation-des-donnees-personnelles\/\" \/>\n<meta property=\"og:site_name\" content=\"Tessi International\" \/>\n<meta property=\"article:modified_time\" content=\"2024-01-30T10:54:47+00:00\" \/>\n<meta name=\"twitter:card\" content=\"summary_large_image\" \/>\n<meta name=\"twitter:label1\" content=\"Dur\u00e9e de lecture estim\u00e9e\" \/>\n\t<meta name=\"twitter:data1\" content=\"8 minutes\" \/>\n<script type=\"application\/ld+json\" class=\"yoast-schema-graph\">{\"@context\":\"https:\/\/schema.org\",\"@graph\":[{\"@type\":\"WebPage\",\"@id\":\"https:\/\/www.tessi.eu\/fr_ch\/politique-dutilisation-des-donnees-personnelles\/\",\"url\":\"https:\/\/www.tessi.eu\/fr_ch\/politique-dutilisation-des-donnees-personnelles\/\",\"name\":\"Politique d'utilisation des donn\u00e9es personnelles - Tessi International\",\"isPartOf\":{\"@id\":\"https:\/\/www.tessi.eu\/fr\/#website\"},\"datePublished\":\"2019-04-08T18:58:12+00:00\",\"dateModified\":\"2024-01-30T10:54:47+00:00\",\"breadcrumb\":{\"@id\":\"https:\/\/www.tessi.eu\/fr_ch\/politique-dutilisation-des-donnees-personnelles\/#breadcrumb\"},\"inLanguage\":\"fr-FR\",\"potentialAction\":[{\"@type\":\"ReadAction\",\"target\":[\"https:\/\/www.tessi.eu\/fr_ch\/politique-dutilisation-des-donnees-personnelles\/\"]}]},{\"@type\":\"BreadcrumbList\",\"@id\":\"https:\/\/www.tessi.eu\/fr_ch\/politique-dutilisation-des-donnees-personnelles\/#breadcrumb\",\"itemListElement\":[{\"@type\":\"ListItem\",\"position\":1,\"name\":\"Home\",\"item\":\"https:\/\/www.tessi.eu\/fr\/\"},{\"@type\":\"ListItem\",\"position\":2,\"name\":\"Politique d&#8217;utilisation des donn\u00e9es personnelles\"}]},{\"@type\":\"WebSite\",\"@id\":\"https:\/\/www.tessi.eu\/fr\/#website\",\"url\":\"https:\/\/www.tessi.eu\/fr\/\",\"name\":\"Tessi International\",\"description\":\"\",\"potentialAction\":[{\"@type\":\"SearchAction\",\"target\":{\"@type\":\"EntryPoint\",\"urlTemplate\":\"https:\/\/www.tessi.eu\/fr\/?s={search_term_string}\"},\"query-input\":{\"@type\":\"PropertyValueSpecification\",\"valueRequired\":true,\"valueName\":\"search_term_string\"}}],\"inLanguage\":\"fr-FR\"}]}<\/script>\n<!-- \/ Yoast SEO Premium plugin. -->","yoast_head_json":{"title":"Politique d'utilisation des donn\u00e9es personnelles - Tessi International","robots":{"index":"index","follow":"follow","max-snippet":"max-snippet:-1","max-image-preview":"max-image-preview:large","max-video-preview":"max-video-preview:-1"},"canonical":"https:\/\/www.tessi.eu\/fr_ch\/politique-dutilisation-des-donnees-personnelles\/","og_locale":"fr_FR","og_type":"article","og_title":"Politique d'utilisation des donn\u00e9es personnelles","og_description":"Identit\u00e9 du responsable du traitement Responsable du traitement\u00a0: TESSI Soci\u00e9t\u00e9 par Actions Simplifi\u00e9e (SAS) au capital de 6 523 342 \u20ac Si\u00e8ge social\u00a0: 14 rue des Arts et M\u00e9tiers, 38027 Grenoble Cedex Immatricul\u00e9e au RCS de Grenoble sous le n\u00b0\u00a0: 071 501 571 T\u00e9l. : +33 (0)4 76 70 59 10 Responsable de la publication\u00a0: [&hellip;]","og_url":"https:\/\/www.tessi.eu\/fr_ch\/politique-dutilisation-des-donnees-personnelles\/","og_site_name":"Tessi International","article_modified_time":"2024-01-30T10:54:47+00:00","twitter_card":"summary_large_image","twitter_misc":{"Dur\u00e9e de lecture estim\u00e9e":"8 minutes"},"schema":{"@context":"https:\/\/schema.org","@graph":[{"@type":"WebPage","@id":"https:\/\/www.tessi.eu\/fr_ch\/politique-dutilisation-des-donnees-personnelles\/","url":"https:\/\/www.tessi.eu\/fr_ch\/politique-dutilisation-des-donnees-personnelles\/","name":"Politique d'utilisation des donn\u00e9es personnelles - Tessi International","isPartOf":{"@id":"https:\/\/www.tessi.eu\/fr\/#website"},"datePublished":"2019-04-08T18:58:12+00:00","dateModified":"2024-01-30T10:54:47+00:00","breadcrumb":{"@id":"https:\/\/www.tessi.eu\/fr_ch\/politique-dutilisation-des-donnees-personnelles\/#breadcrumb"},"inLanguage":"fr-FR","potentialAction":[{"@type":"ReadAction","target":["https:\/\/www.tessi.eu\/fr_ch\/politique-dutilisation-des-donnees-personnelles\/"]}]},{"@type":"BreadcrumbList","@id":"https:\/\/www.tessi.eu\/fr_ch\/politique-dutilisation-des-donnees-personnelles\/#breadcrumb","itemListElement":[{"@type":"ListItem","position":1,"name":"Home","item":"https:\/\/www.tessi.eu\/fr\/"},{"@type":"ListItem","position":2,"name":"Politique d&#8217;utilisation des donn\u00e9es personnelles"}]},{"@type":"WebSite","@id":"https:\/\/www.tessi.eu\/fr\/#website","url":"https:\/\/www.tessi.eu\/fr\/","name":"Tessi International","description":"","potentialAction":[{"@type":"SearchAction","target":{"@type":"EntryPoint","urlTemplate":"https:\/\/www.tessi.eu\/fr\/?s={search_term_string}"},"query-input":{"@type":"PropertyValueSpecification","valueRequired":true,"valueName":"search_term_string"}}],"inLanguage":"fr-FR"}]}},"_links":{"self":[{"href":"https:\/\/www.tessi.eu\/fr\/wp-json\/wp\/v2\/pages\/36418\/"}],"collection":[{"href":"https:\/\/www.tessi.eu\/fr\/wp-json\/wp\/v2\/pages\/"}],"about":[{"href":"https:\/\/www.tessi.eu\/fr\/wp-json\/wp\/v2\/types\/page\/"}],"author":[{"embeddable":true,"href":"https:\/\/www.tessi.eu\/fr\/wp-json\/wp\/v2\/users\/1\/"}],"replies":[{"embeddable":true,"href":"https:\/\/www.tessi.eu\/fr\/wp-json\/wp\/v2\/comments\/?post=36418"}],"version-history":[{"count":2,"href":"https:\/\/www.tessi.eu\/fr\/wp-json\/wp\/v2\/pages\/36418\/revisions\/"}],"predecessor-version":[{"id":42702,"href":"https:\/\/www.tessi.eu\/fr\/wp-json\/wp\/v2\/pages\/36418\/revisions\/42702\/"}],"wp:attachment":[{"href":"https:\/\/www.tessi.eu\/fr\/wp-json\/wp\/v2\/media\/?parent=36418"}],"curies":[{"name":"wp","href":"https:\/\/api.w.org\/{rel}","templated":true}]}}