{"id":887,"date":"2019-02-19T14:15:07","date_gmt":"2019-02-19T13:15:07","guid":{"rendered":"https:\/\/www.tessi.eu\/?page_id=887"},"modified":"2026-05-06T14:16:25","modified_gmt":"2026-05-06T12:16:25","slug":"linnovation-par-tessi","status":"publish","type":"page","link":"https:\/\/www.tessi.eu\/fr\/linnovation-par-tessi\/","title":{"rendered":"L\u2019innovation par Tessi"},"content":{"rendered":"","protected":false},"excerpt":{"rendered":"","protected":false},"author":1,"featured_media":888,"parent":0,"menu_order":157,"comment_status":"closed","ping_status":"closed","template":"page-templates\/innovations.php","meta":{"_acf_changed":false,"footnotes":""},"class_list":["post-887","page","type-page","status-publish","has-post-thumbnail","hentry"],"acf":[],"yoast_head":"<!-- This site is optimized with the Yoast SEO Premium plugin v22.3 (Yoast SEO v27.1.1) - https:\/\/yoast.com\/product\/yoast-seo-premium-wordpress\/ -->\n<title>Innovation, les technologies d\u2019innovation au c\u0153ur de Tessi<\/title>\n<meta name=\"description\" content=\"D\u00e9couvrez toutes les possibilit\u00e9s de l&#039;\u00e9cosyst\u00e8me Tessi pour penser l&#039;entreprise du futur : Tessi lab, CETIA ou encore le programme P\u00e9pites Shaker.\" \/>\n<meta name=\"robots\" content=\"index, follow, max-snippet:-1, max-image-preview:large, max-video-preview:-1\" \/>\n<link rel=\"canonical\" href=\"https:\/\/www.tessi.eu\/fr\/linnovation-par-tessi\/\" \/>\n<meta property=\"og:locale\" content=\"fr_FR\" \/>\n<meta property=\"og:type\" content=\"article\" \/>\n<meta property=\"og:title\" content=\"L\u2019innovation par Tessi\" \/>\n<meta property=\"og:description\" content=\"D\u00e9couvrez toutes les possibilit\u00e9s de l&#039;\u00e9cosyst\u00e8me Tessi pour penser l&#039;entreprise du futur : Tessi lab, CETIA ou encore le programme P\u00e9pites Shaker.\" \/>\n<meta property=\"og:url\" content=\"https:\/\/www.tessi.eu\/fr\/linnovation-par-tessi\/\" \/>\n<meta property=\"og:site_name\" content=\"Tessi International\" \/>\n<meta property=\"article:modified_time\" content=\"2026-05-06T12:16:25+00:00\" \/>\n<meta property=\"og:image\" content=\"https:\/\/www.tessi.eu\/wp-content\/uploads\/2019\/02\/bg-inno.jpg\" \/>\n\t<meta property=\"og:image:width\" content=\"1240\" \/>\n\t<meta property=\"og:image:height\" content=\"430\" \/>\n\t<meta property=\"og:image:type\" content=\"image\/jpeg\" \/>\n<meta name=\"twitter:card\" content=\"summary_large_image\" \/>\n<meta name=\"twitter:label1\" content=\"Dur\u00e9e de lecture estim\u00e9e\" \/>\n\t<meta name=\"twitter:data1\" content=\"1 minute\" \/>\n<script type=\"application\/ld+json\" class=\"yoast-schema-graph\">{\"@context\":\"https:\/\/schema.org\",\"@graph\":[{\"@type\":\"WebPage\",\"@id\":\"https:\/\/www.tessi.eu\/fr\/linnovation-par-tessi\/\",\"url\":\"https:\/\/www.tessi.eu\/fr\/linnovation-par-tessi\/\",\"name\":\"Innovation, les technologies d\u2019innovation au c\u0153ur de Tessi\",\"isPartOf\":{\"@id\":\"https:\/\/www.tessi.eu\/fr\/#website\"},\"primaryImageOfPage\":{\"@id\":\"https:\/\/www.tessi.eu\/fr\/linnovation-par-tessi\/#primaryimage\"},\"image\":{\"@id\":\"https:\/\/www.tessi.eu\/fr\/linnovation-par-tessi\/#primaryimage\"},\"thumbnailUrl\":\"https:\/\/www.tessi.eu\/wp-content\/uploads\/2019\/02\/bg-inno.jpg\",\"datePublished\":\"2019-02-19T13:15:07+00:00\",\"dateModified\":\"2026-05-06T12:16:25+00:00\",\"description\":\"D\u00e9couvrez toutes les possibilit\u00e9s de l'\u00e9cosyst\u00e8me Tessi pour penser l'entreprise du futur : Tessi lab, CETIA ou encore le programme P\u00e9pites Shaker.\",\"breadcrumb\":{\"@id\":\"https:\/\/www.tessi.eu\/fr\/linnovation-par-tessi\/#breadcrumb\"},\"inLanguage\":\"fr-FR\",\"potentialAction\":[{\"@type\":\"ReadAction\",\"target\":[\"https:\/\/www.tessi.eu\/fr\/linnovation-par-tessi\/\"]}]},{\"@type\":\"ImageObject\",\"inLanguage\":\"fr-FR\",\"@id\":\"https:\/\/www.tessi.eu\/fr\/linnovation-par-tessi\/#primaryimage\",\"url\":\"https:\/\/www.tessi.eu\/wp-content\/uploads\/2019\/02\/bg-inno.jpg\",\"contentUrl\":\"https:\/\/www.tessi.eu\/wp-content\/uploads\/2019\/02\/bg-inno.jpg\",\"width\":1240,\"height\":430,\"caption\":\"bg-innovation\"},{\"@type\":\"BreadcrumbList\",\"@id\":\"https:\/\/www.tessi.eu\/fr\/linnovation-par-tessi\/#breadcrumb\",\"itemListElement\":[{\"@type\":\"ListItem\",\"position\":1,\"name\":\"Home\",\"item\":\"https:\/\/www.tessi.eu\/fr\/\"},{\"@type\":\"ListItem\",\"position\":2,\"name\":\"L\u2019innovation par Tessi\"}]},{\"@type\":\"WebSite\",\"@id\":\"https:\/\/www.tessi.eu\/fr\/#website\",\"url\":\"https:\/\/www.tessi.eu\/fr\/\",\"name\":\"Tessi International\",\"description\":\"\",\"potentialAction\":[{\"@type\":\"SearchAction\",\"target\":{\"@type\":\"EntryPoint\",\"urlTemplate\":\"https:\/\/www.tessi.eu\/fr\/?s={search_term_string}\"},\"query-input\":{\"@type\":\"PropertyValueSpecification\",\"valueRequired\":true,\"valueName\":\"search_term_string\"}}],\"inLanguage\":\"fr-FR\"}]}<\/script>\n<!-- \/ Yoast SEO Premium plugin. -->","yoast_head_json":{"title":"Innovation, les technologies d\u2019innovation au c\u0153ur de Tessi","description":"D\u00e9couvrez toutes les possibilit\u00e9s de l'\u00e9cosyst\u00e8me Tessi pour penser l'entreprise du futur : Tessi lab, CETIA ou encore le programme P\u00e9pites Shaker.","robots":{"index":"index","follow":"follow","max-snippet":"max-snippet:-1","max-image-preview":"max-image-preview:large","max-video-preview":"max-video-preview:-1"},"canonical":"https:\/\/www.tessi.eu\/fr\/linnovation-par-tessi\/","og_locale":"fr_FR","og_type":"article","og_title":"L\u2019innovation par Tessi","og_description":"D\u00e9couvrez toutes les possibilit\u00e9s de l'\u00e9cosyst\u00e8me Tessi pour penser l'entreprise du futur : Tessi lab, CETIA ou encore le programme P\u00e9pites Shaker.","og_url":"https:\/\/www.tessi.eu\/fr\/linnovation-par-tessi\/","og_site_name":"Tessi International","article_modified_time":"2026-05-06T12:16:25+00:00","og_image":[{"width":1240,"height":430,"url":"https:\/\/www.tessi.eu\/wp-content\/uploads\/2019\/02\/bg-inno.jpg","type":"image\/jpeg"}],"twitter_card":"summary_large_image","twitter_misc":{"Dur\u00e9e de lecture estim\u00e9e":"1 minute"},"schema":{"@context":"https:\/\/schema.org","@graph":[{"@type":"WebPage","@id":"https:\/\/www.tessi.eu\/fr\/linnovation-par-tessi\/","url":"https:\/\/www.tessi.eu\/fr\/linnovation-par-tessi\/","name":"Innovation, les technologies d\u2019innovation au c\u0153ur de Tessi","isPartOf":{"@id":"https:\/\/www.tessi.eu\/fr\/#website"},"primaryImageOfPage":{"@id":"https:\/\/www.tessi.eu\/fr\/linnovation-par-tessi\/#primaryimage"},"image":{"@id":"https:\/\/www.tessi.eu\/fr\/linnovation-par-tessi\/#primaryimage"},"thumbnailUrl":"https:\/\/www.tessi.eu\/wp-content\/uploads\/2019\/02\/bg-inno.jpg","datePublished":"2019-02-19T13:15:07+00:00","dateModified":"2026-05-06T12:16:25+00:00","description":"D\u00e9couvrez toutes les possibilit\u00e9s de l'\u00e9cosyst\u00e8me Tessi pour penser l'entreprise du futur : Tessi lab, CETIA ou encore le programme P\u00e9pites Shaker.","breadcrumb":{"@id":"https:\/\/www.tessi.eu\/fr\/linnovation-par-tessi\/#breadcrumb"},"inLanguage":"fr-FR","potentialAction":[{"@type":"ReadAction","target":["https:\/\/www.tessi.eu\/fr\/linnovation-par-tessi\/"]}]},{"@type":"ImageObject","inLanguage":"fr-FR","@id":"https:\/\/www.tessi.eu\/fr\/linnovation-par-tessi\/#primaryimage","url":"https:\/\/www.tessi.eu\/wp-content\/uploads\/2019\/02\/bg-inno.jpg","contentUrl":"https:\/\/www.tessi.eu\/wp-content\/uploads\/2019\/02\/bg-inno.jpg","width":1240,"height":430,"caption":"bg-innovation"},{"@type":"BreadcrumbList","@id":"https:\/\/www.tessi.eu\/fr\/linnovation-par-tessi\/#breadcrumb","itemListElement":[{"@type":"ListItem","position":1,"name":"Home","item":"https:\/\/www.tessi.eu\/fr\/"},{"@type":"ListItem","position":2,"name":"L\u2019innovation par Tessi"}]},{"@type":"WebSite","@id":"https:\/\/www.tessi.eu\/fr\/#website","url":"https:\/\/www.tessi.eu\/fr\/","name":"Tessi International","description":"","potentialAction":[{"@type":"SearchAction","target":{"@type":"EntryPoint","urlTemplate":"https:\/\/www.tessi.eu\/fr\/?s={search_term_string}"},"query-input":{"@type":"PropertyValueSpecification","valueRequired":true,"valueName":"search_term_string"}}],"inLanguage":"fr-FR"}]}},"_links":{"self":[{"href":"https:\/\/www.tessi.eu\/fr\/wp-json\/wp\/v2\/pages\/887\/"}],"collection":[{"href":"https:\/\/www.tessi.eu\/fr\/wp-json\/wp\/v2\/pages\/"}],"about":[{"href":"https:\/\/www.tessi.eu\/fr\/wp-json\/wp\/v2\/types\/page\/"}],"author":[{"embeddable":true,"href":"https:\/\/www.tessi.eu\/fr\/wp-json\/wp\/v2\/users\/1\/"}],"replies":[{"embeddable":true,"href":"https:\/\/www.tessi.eu\/fr\/wp-json\/wp\/v2\/comments\/?post=887"}],"version-history":[{"count":6,"href":"https:\/\/www.tessi.eu\/fr\/wp-json\/wp\/v2\/pages\/887\/revisions\/"}],"predecessor-version":[{"id":69637,"href":"https:\/\/www.tessi.eu\/fr\/wp-json\/wp\/v2\/pages\/887\/revisions\/69637\/"}],"wp:featuredmedia":[{"embeddable":true,"href":"https:\/\/www.tessi.eu\/fr\/wp-json\/wp\/v2\/media\/888\/"}],"wp:attachment":[{"href":"https:\/\/www.tessi.eu\/fr\/wp-json\/wp\/v2\/media\/?parent=887"}],"curies":[{"name":"wp","href":"https:\/\/api.w.org\/{rel}","templated":true}]}}