{"id":8582,"date":"2019-04-08T19:59:16","date_gmt":"2019-04-08T18:59:16","guid":{"rendered":"https:\/\/www.tessi.eu\/?page_id=8582"},"modified":"2026-04-23T11:05:39","modified_gmt":"2026-04-23T09:05:39","slug":"mentions-legales","status":"publish","type":"page","link":"https:\/\/www.tessi.eu\/fr\/mentions-legales\/","title":{"rendered":"Mentions l\u00e9gales"},"content":{"rendered":"<h3>Le pr\u00e9sent site est \u00e9dit\u00e9 par :<strong><br \/>\n<\/strong><\/h3>\n<p><strong>TESSI<\/strong><\/p>\n<p>Soci\u00e9t\u00e9 par Actions Simplifi\u00e9e (SAS) au capital de 6 523 342 \u20ac<br \/>\nSi\u00e8ge social\u00a0: 14 rue des Arts et M\u00e9tiers, 38027 Grenoble Cedex<br \/>\nImmatricul\u00e9e au RCS de Grenoble sous le n\u00b0\u00a0: 071 501 571<br \/>\nT\u00e9l. : +33 (0)4 76 70 59 10<\/p>\n<p><strong>Responsable de la publication\u00a0:<\/strong> Alain de Lambilly<\/p>\n<h3><strong>H\u00e9bergement du site :<\/strong><\/h3>\n<p>PLANET-WORK<br \/>\nSoci\u00e9t\u00e9 par Actions Simplifi\u00e9e (SAS) au capital de 50.000,00 \u20ac<br \/>\nImmatricul\u00e9e au Registre du Commerce et des Soci\u00e9t\u00e9s de Paris sous le n\u00b0 334 580 800<br \/>\nFiliale de DOUBLEVEY &#8211; SAS au capital de 1.574.173,00 \u20ac &#8211; RCS Le Mans 808 168 579<br \/>\nSi\u00e8ge social : 231 rue Saint-Honor\u00e9, 75001 Paris &#8211; France<br \/>\nT\u00e9l. : +33 (0)891 024 424 (France)<br \/>\nT\u00e9l. : +32 (0)2 808 43 50 (Belgique)<br \/>\nFax : +33 (0)1 41 79 78 61<br \/>\nEmail : <a href=\"mailto:contact@planet-work.com\">contact@planet-work.com<\/a><\/p>\n<p>Adresse du site web de l\u2019h\u00e9bergeur\u00a0: <a href=\"https:\/\/www.planet-work.com\/\" target=\"_blank\" rel=\"noopener noreferrer\">www.planet-work.com<\/a><\/p>\n<h3>Soci\u00e9t\u00e9 du Groupe Tessi en Espagne<\/h3>\n<ul>\n<li>TODO EN CLOUD S.L.<br \/>\nCalle del Golfo de Sal\u00f3nica, 27, 7\u00ba. 28033, Madrid, SPAIN<br \/>\nCIF ESB86266533<br \/>\nT\u00e9l.: +34 910 801 233<\/li>\n<\/ul>\n<h3><strong>Droits d\u2019auteur et propri\u00e9t\u00e9 intellectuelle<\/strong><\/h3>\n<p>Le pr\u00e9sent site est soumis \u00e0\u00a0la l\u00e9gislation fran\u00e7aise et internationale sur les droits d\u2019auteur et la propri\u00e9t\u00e9 intellectuelle.<br \/>\nToute reproduction ou repr\u00e9sentation totale ou partielle de ce site par quelque proc\u00e9d\u00e9 que ce soit et sur quelque support que ce soit, sans l\u2019autorisation expresse et pr\u00e9alable de Tessi est interdite et constituerait une contrefa\u00e7on.<br \/>\nLes marques de Tessi et de ses filiales ou partenaires, ainsi que les logos figurant sur le site sont des marques d\u00e9pos\u00e9es. Toute reproduction totale ou partielle de ces marques ou logos effectu\u00e9e \u00e0\u00a0partir des \u00e9l\u00e9ments du site sans l\u2019autorisation expresse et pr\u00e9alable de Tessi est interdite.<\/p>\n<h3><strong>Liens hypertextes contenus sur le site<\/strong><\/h3>\n<p>Tessi se r\u00e9serve la possibilit\u00e9 de mettre en place des liens hypertextes sur le pr\u00e9sent site donnant acc\u00e8s \u00e0\u00a0des pages web et des sites web \u00e9dit\u00e9s ou g\u00e9r\u00e9s par des tiers pour lesquels Tessi d\u00e9cline toute responsabilit\u00e9 quant au contenu des informations fournies sur ces sites au titre de l\u2019activation de ces liens hypertextes.<\/p>\n<h3><strong>Contact<\/strong><\/h3>\n<p>Pour toute information compl\u00e9mentaire vous pouvez nous contacter par courrier \u00e9lectronique \u00e0 l\u2019adresse : <a href=\"mailto:contact38@tessi.fr\">contact38@tessi.fr<\/a> ou en nous \u00e9crivant \u00e0 :<br \/>\nTessi\u00a0&#8211; 14 rue des Arts et M\u00e9tiers, 38027 Grenoble Cedex<\/p>\n","protected":false},"excerpt":{"rendered":"<p>Le pr\u00e9sent site est \u00e9dit\u00e9 par : TESSI Soci\u00e9t\u00e9 par Actions Simplifi\u00e9e (SAS) au capital de 6 523 342 \u20ac Si\u00e8ge social\u00a0: 14 rue des Arts et M\u00e9tiers, 38027 Grenoble Cedex Immatricul\u00e9e au RCS de Grenoble sous le n\u00b0\u00a0: 071 501 571 T\u00e9l. : +33 (0)4 76 70 59 10 Responsable de la publication\u00a0: Alain [&hellip;]<\/p>\n","protected":false},"author":1,"featured_media":0,"parent":0,"menu_order":262,"comment_status":"closed","ping_status":"closed","template":"page-templates\/type-page.php","meta":{"_acf_changed":false,"footnotes":""},"class_list":["post-8582","page","type-page","status-publish","hentry"],"acf":[],"yoast_head":"<!-- This site is optimized with the Yoast SEO Premium plugin v22.3 (Yoast SEO v27.1.1) - https:\/\/yoast.com\/product\/yoast-seo-premium-wordpress\/ -->\n<title>Mentions l\u00e9gales - Tessi International<\/title>\n<meta name=\"robots\" content=\"index, follow, max-snippet:-1, max-image-preview:large, max-video-preview:-1\" \/>\n<link rel=\"canonical\" href=\"https:\/\/www.tessi.eu\/fr\/mentions-legales\/\" \/>\n<meta property=\"og:locale\" content=\"fr_FR\" \/>\n<meta property=\"og:type\" content=\"article\" \/>\n<meta property=\"og:title\" content=\"Mentions l\u00e9gales\" \/>\n<meta property=\"og:description\" content=\"Le pr\u00e9sent site est \u00e9dit\u00e9 par : TESSI Soci\u00e9t\u00e9 par Actions Simplifi\u00e9e (SAS) au capital de 6 523 342 \u20ac Si\u00e8ge social\u00a0: 14 rue des Arts et M\u00e9tiers, 38027 Grenoble Cedex Immatricul\u00e9e au RCS de Grenoble sous le n\u00b0\u00a0: 071 501 571 T\u00e9l. : +33 (0)4 76 70 59 10 Responsable de la publication\u00a0: Alain [&hellip;]\" \/>\n<meta property=\"og:url\" content=\"https:\/\/www.tessi.eu\/fr\/mentions-legales\/\" \/>\n<meta property=\"og:site_name\" content=\"Tessi International\" \/>\n<meta property=\"article:modified_time\" content=\"2026-04-23T09:05:39+00:00\" \/>\n<meta name=\"twitter:card\" content=\"summary_large_image\" \/>\n<meta name=\"twitter:label1\" content=\"Dur\u00e9e de lecture estim\u00e9e\" \/>\n\t<meta name=\"twitter:data1\" content=\"2 minutes\" \/>\n<script type=\"application\/ld+json\" class=\"yoast-schema-graph\">{\"@context\":\"https:\/\/schema.org\",\"@graph\":[{\"@type\":\"WebPage\",\"@id\":\"https:\/\/www.tessi.eu\/fr\/mentions-legales\/\",\"url\":\"https:\/\/www.tessi.eu\/fr\/mentions-legales\/\",\"name\":\"Mentions l\u00e9gales - Tessi International\",\"isPartOf\":{\"@id\":\"https:\/\/www.tessi.eu\/fr\/#website\"},\"datePublished\":\"2019-04-08T18:59:16+00:00\",\"dateModified\":\"2026-04-23T09:05:39+00:00\",\"breadcrumb\":{\"@id\":\"https:\/\/www.tessi.eu\/fr\/mentions-legales\/#breadcrumb\"},\"inLanguage\":\"fr-FR\",\"potentialAction\":[{\"@type\":\"ReadAction\",\"target\":[\"https:\/\/www.tessi.eu\/fr\/mentions-legales\/\"]}]},{\"@type\":\"BreadcrumbList\",\"@id\":\"https:\/\/www.tessi.eu\/fr\/mentions-legales\/#breadcrumb\",\"itemListElement\":[{\"@type\":\"ListItem\",\"position\":1,\"name\":\"Home\",\"item\":\"https:\/\/www.tessi.eu\/fr\/\"},{\"@type\":\"ListItem\",\"position\":2,\"name\":\"Mentions l\u00e9gales\"}]},{\"@type\":\"WebSite\",\"@id\":\"https:\/\/www.tessi.eu\/fr\/#website\",\"url\":\"https:\/\/www.tessi.eu\/fr\/\",\"name\":\"Tessi International\",\"description\":\"\",\"potentialAction\":[{\"@type\":\"SearchAction\",\"target\":{\"@type\":\"EntryPoint\",\"urlTemplate\":\"https:\/\/www.tessi.eu\/fr\/?s={search_term_string}\"},\"query-input\":{\"@type\":\"PropertyValueSpecification\",\"valueRequired\":true,\"valueName\":\"search_term_string\"}}],\"inLanguage\":\"fr-FR\"}]}<\/script>\n<!-- \/ Yoast SEO Premium plugin. -->","yoast_head_json":{"title":"Mentions l\u00e9gales - Tessi International","robots":{"index":"index","follow":"follow","max-snippet":"max-snippet:-1","max-image-preview":"max-image-preview:large","max-video-preview":"max-video-preview:-1"},"canonical":"https:\/\/www.tessi.eu\/fr\/mentions-legales\/","og_locale":"fr_FR","og_type":"article","og_title":"Mentions l\u00e9gales","og_description":"Le pr\u00e9sent site est \u00e9dit\u00e9 par : TESSI Soci\u00e9t\u00e9 par Actions Simplifi\u00e9e (SAS) au capital de 6 523 342 \u20ac Si\u00e8ge social\u00a0: 14 rue des Arts et M\u00e9tiers, 38027 Grenoble Cedex Immatricul\u00e9e au RCS de Grenoble sous le n\u00b0\u00a0: 071 501 571 T\u00e9l. : +33 (0)4 76 70 59 10 Responsable de la publication\u00a0: Alain [&hellip;]","og_url":"https:\/\/www.tessi.eu\/fr\/mentions-legales\/","og_site_name":"Tessi International","article_modified_time":"2026-04-23T09:05:39+00:00","twitter_card":"summary_large_image","twitter_misc":{"Dur\u00e9e de lecture estim\u00e9e":"2 minutes"},"schema":{"@context":"https:\/\/schema.org","@graph":[{"@type":"WebPage","@id":"https:\/\/www.tessi.eu\/fr\/mentions-legales\/","url":"https:\/\/www.tessi.eu\/fr\/mentions-legales\/","name":"Mentions l\u00e9gales - Tessi International","isPartOf":{"@id":"https:\/\/www.tessi.eu\/fr\/#website"},"datePublished":"2019-04-08T18:59:16+00:00","dateModified":"2026-04-23T09:05:39+00:00","breadcrumb":{"@id":"https:\/\/www.tessi.eu\/fr\/mentions-legales\/#breadcrumb"},"inLanguage":"fr-FR","potentialAction":[{"@type":"ReadAction","target":["https:\/\/www.tessi.eu\/fr\/mentions-legales\/"]}]},{"@type":"BreadcrumbList","@id":"https:\/\/www.tessi.eu\/fr\/mentions-legales\/#breadcrumb","itemListElement":[{"@type":"ListItem","position":1,"name":"Home","item":"https:\/\/www.tessi.eu\/fr\/"},{"@type":"ListItem","position":2,"name":"Mentions l\u00e9gales"}]},{"@type":"WebSite","@id":"https:\/\/www.tessi.eu\/fr\/#website","url":"https:\/\/www.tessi.eu\/fr\/","name":"Tessi International","description":"","potentialAction":[{"@type":"SearchAction","target":{"@type":"EntryPoint","urlTemplate":"https:\/\/www.tessi.eu\/fr\/?s={search_term_string}"},"query-input":{"@type":"PropertyValueSpecification","valueRequired":true,"valueName":"search_term_string"}}],"inLanguage":"fr-FR"}]}},"_links":{"self":[{"href":"https:\/\/www.tessi.eu\/fr\/wp-json\/wp\/v2\/pages\/8582\/"}],"collection":[{"href":"https:\/\/www.tessi.eu\/fr\/wp-json\/wp\/v2\/pages\/"}],"about":[{"href":"https:\/\/www.tessi.eu\/fr\/wp-json\/wp\/v2\/types\/page\/"}],"author":[{"embeddable":true,"href":"https:\/\/www.tessi.eu\/fr\/wp-json\/wp\/v2\/users\/1\/"}],"replies":[{"embeddable":true,"href":"https:\/\/www.tessi.eu\/fr\/wp-json\/wp\/v2\/comments\/?post=8582"}],"version-history":[{"count":10,"href":"https:\/\/www.tessi.eu\/fr\/wp-json\/wp\/v2\/pages\/8582\/revisions\/"}],"predecessor-version":[{"id":69401,"href":"https:\/\/www.tessi.eu\/fr\/wp-json\/wp\/v2\/pages\/8582\/revisions\/69401\/"}],"wp:attachment":[{"href":"https:\/\/www.tessi.eu\/fr\/wp-json\/wp\/v2\/media\/?parent=8582"}],"curies":[{"name":"wp","href":"https:\/\/api.w.org\/{rel}","templated":true}]}}