{"id":8580,"date":"2019-04-08T20:57:16","date_gmt":"2019-04-08T18:57:16","guid":{"rendered":"https:\/\/www.tessi.eu\/?page_id=8580"},"modified":"2022-09-06T17:10:56","modified_gmt":"2022-09-06T15:10:56","slug":"politique-de-gestion-des-cookies","status":"publish","type":"page","link":"https:\/\/www.tessi.eu\/fr\/politique-de-gestion-des-cookies\/","title":{"rendered":"Politique de gestion des cookies"},"content":{"rendered":"<h3>Cookies internes ou cookies tiers<\/h3>\n<p>L\u2019ensemble des cookies mis en \u0153uvre via le Site sont soit des cookies internes plac\u00e9s par TESSI, soit des cookies tiers plac\u00e9s par des op\u00e9rateurs tiers. Ces derniers peuvent utiliser les donn\u00e9es collect\u00e9es via les cookies qu\u2019ils installent.<\/p>\n<h3>Cookies de session ou cookies persistants<\/h3>\n<p>Les cookies de session servent \u00e0 stocker temporairement des informations pour la dur\u00e9e de la session de navigation de l\u2019internaute sur le Site. Ils sont supprim\u00e9s lorsque l\u2019internaute quitte le Site. Au contraire, les cookies persistants permettent de conserver pendant un laps de temps d\u00e9fini certaines informations obtenues lors d\u2019un passage de l\u2019internaute sur le Site afin de pouvoir r\u00e9utiliser ces informations lors d\u2019une visite ult\u00e9rieure.<\/p>\n<h3>Cookies strictement n\u00e9cessaires au fonctionnement du Site<\/h3>\n<p>Ces cookies sont n\u00e9cessaires \u00e0 la navigation sur le Site et \u00e0 l\u2019utilisation de certaines fonctionnalit\u00e9s de celui-ci, comme l\u2019acc\u00e8s aux pages s\u00e9curis\u00e9es. Ces cookies ne recueillent pas d\u2019informations personnelles des internautes susceptibles d\u2019\u00eatre utilis\u00e9es dans le but de m\u00e9moriser les sites internet visit\u00e9s ou \u00e0 des fins de marketing.<\/p>\n<h3>Cookies fonctionnels pour personnaliser la navigation ou utiliser certaines fonctionnalit\u00e9s du Site<\/h3>\n<p>Ces cookies se souviennent des choix effectu\u00e9s par les internautes (par exemple : la langue) et permettent de personnaliser la navigation. Ils peuvent \u00e9galement permettre d\u2019utiliser certaines fonctionnalit\u00e9s.<\/p>\n<h3>Cookies de performance pour mesurer l\u2019audience du Site<\/h3>\n<p>Ces cookies recueillent des renseignements sur la mani\u00e8re dont les internautes utilisent le Site. Ils permettent notamment d\u2019identifier les pages consult\u00e9es le plus souvent.<\/p>\n<h3>Boutons de partage des r\u00e9seaux sociaux<\/h3>\n<p>Le Site propose \u00e0 l\u2019internaute une fonctionnalit\u00e9 de partage \u00e0 des sites tiers : les r\u00e9seaux sociaux Twitter et LinkedIn ainsi que sur le site de partage de vid\u00e9os Youtube. L\u2019\u00e9diteur du site web correspondant est inform\u00e9 lorsque l\u2019internaute navigue sur la page du Site contenant le bouton de partage du r\u00e9seau social. Par ailleurs, lorsque l\u2019internaute actionne le bouton de partage et cr\u00e9e ou se connecte \u00e0 son compte, le site tiers met en \u0153uvre des cookies qui suivent sa navigation sur internet. Ces cookies \u00e9chappent au contr\u00f4le de Tessi. L\u2019internaute est invit\u00e9 \u00e0 consulter la politique d\u2019utilisation des donn\u00e9es et les r\u00e8gles d\u2019utilisation des cookies de Twitter, LinkedIn et de Youtube en cliquant sur les liens suivants&nbsp;:<br \/>\n<a href=\"https:\/\/twitter.com\/privacy\" target=\"_blank\" rel=\"noopener\">https:\/\/twitter.com\/privacy<\/a> et <a href=\"https:\/\/support.twitter.com\/articles\/20170518-utilisation-des-cookies-et-des-technologies-similaires-par-twitter#\" target=\"_blank\" rel=\"noopener\">https:\/\/support.twitter.com\/articles\/20170518-utilisation-des-cookies-et-des-technologies-similaires-par-twitter#<\/a>.<br \/>\n<a href=\"https:\/\/fr.linkedin.com\/legal\/privacy-policy\" target=\"_blank\" rel=\"noopener\">https:\/\/fr.linkedin.com\/legal\/privacy-policy<\/a><br \/>\n<a href=\"https:\/\/www.youtube.com\/intl\/ALL_fr\/howyoutubeworks\/user-settings\/privacy\/\" target=\"_blank\" rel=\"noopener\">https:\/\/www.youtube.com\/intl\/ALL_fr\/howyoutubeworks\/user-settings\/privacy\/<\/a><\/p>\n<table>\n<tbody>\n<tr>\n<td style=\"width: 100px;\"><strong>Nom du cookie<\/strong><\/td>\n<td style=\"width: 100px;\"><strong>Prestataire g\u00e9rant<\/strong><\/td>\n<td style=\"width: 362px;\"><strong>Description \/ Finalit\u00e9<\/strong><\/td>\n<td style=\"width: 150px;\" align=\"right\"><strong>Dur\u00e9e de conservation<\/strong><\/td>\n<\/tr>\n<tr>\n<td colspan=\"4\">\n&nbsp;\n<\/td>\n<\/tr>\n<tr>\n<td colspan=\"4\">\n<h4>Statistiques et audience<\/h4>\n<\/td>\n<\/tr>\n<tr>\n<td><strong>_hjTLDTest<\/strong><\/td>\n<td><strong>Hotjar<\/strong><\/td>\n<td>Lorsque le script Hotjar s&rsquo;ex\u00e9cute, nous essayons de d\u00e9terminer le chemin le plus g\u00e9n\u00e9rique des cookies que nous devrions utiliser, au lieu du nom d&rsquo;h\u00f4te de la page. Ceci pour que les cookies puissent \u00eatre partag\u00e9s entre les sous-domaines (le cas \u00e9ch\u00e9ant). Pour ce faire, nous essayons de stocker le cookie _hjTLDTest pour diff\u00e9rentes alternatives de sous-cha\u00eene d&rsquo;URL jusqu&rsquo;\u00e0 ce qu&rsquo;il \u00e9choue. Apr\u00e8s cette v\u00e9rification, le cookie est supprim\u00e9.<\/td>\n<td align=\"right\">Session<\/td>\n<\/tr>\n<tr>\n<td><strong>_hjid<\/strong><\/td>\n<td><strong>Hotjar<\/strong><\/td>\n<td>D\u00e9finit un identifiant unique pour le session. Cela permet au site web d&rsquo;obtenir des donn\u00e9es sur le consentement des visiteurs \u00e0 des fins statistiques.<\/td>\n<td align=\"right\">13 mois<\/td>\n<\/tr>\n<tr>\n<td><strong>_hjViewportld<\/strong><\/td>\n<td><strong>Hotjar<\/strong><\/td>\n<td>D\u00e9finit un identifiant unique pour le session. Cela permet au site web d&rsquo;obtenir des donn\u00e9es sur le consentement des visiteurs \u00e0 des fins statistiques.<\/td>\n<td align=\"right\">Session<\/td>\n<\/tr>\n<tr>\n<td><strong>_hjIncludedInSample<\/strong><\/td>\n<td><strong>Hotjar<\/strong><\/td>\n<td>D\u00e9termine si la navigation de l&rsquo;utilisateur doit \u00eatre enregistr\u00e9e dans un certain espace r\u00e9serv\u00e9 pour les statistiques.<\/td>\n<td align=\"right\">Session<\/td>\n<\/tr>\n<tr>\n<td><strong>Visitor<\/strong><\/td>\n<td><strong>Plezi<\/strong><\/td>\n<td>Ce cookie permet d\u2019associer au navigateur un identifiant unique qui permet \u00e0 Plezi de rattacher l\u2019ensemble des visites \u00e0 un m\u00eame navigateur.<\/td>\n<td align=\"right\">13 mois<\/td>\n<\/tr>\n<tr>\n<td><strong>Visit<\/strong><\/td>\n<td><strong>Plezi<\/strong><\/td>\n<td>Ce cookie permet de consolider l\u2019ensemble des pages vues durant une visite.<\/td>\n<td align=\"right\">30 minutes<\/td>\n<\/tr>\n<tr>\n<td colspan=\"4\">\n&nbsp;\n<\/td>\n<\/tr>\n<tr>\n<td colspan=\"4\">\n<h4>Exp\u00e9rience et marketing<\/h4>\n<\/td>\n<\/tr>\n<tr>\n<td><strong>IDE<\/strong><\/td>\n<td><strong>DoubleClick<\/strong><\/td>\n<td>Utilis\u00e9 par Google DoubleClick pour enregistrer et signaler les actions de l&rsquo;utilisateur du site apr\u00e8s qu&rsquo;il est vu ou cliqu\u00e9 sur une des pubs de l&rsquo;annonceur dans le but de mesurer l&rsquo;efficacit\u00e9 et de pr\u00e9senter des annonces publicitaires cibl\u00e9s \u00e0 l&rsquo;utilisateur.<\/td>\n<td align=\"right\">1 ann\u00e9e<\/td>\n<\/tr>\n<tr>\n<td><strong>Test_cookie<\/strong><\/td>\n<td><strong>DoubleClick<\/strong><\/td>\n<td>Utilis\u00e9 pour v\u00e9rifier si le navigateur de l&rsquo;utilisateur acceptent les cookies.<\/td>\n<td align=\"right\">1 jour<\/td>\n<\/tr>\n<tr>\n<td><strong>Visitor<\/strong><\/td>\n<td><strong>Plezi<\/strong><\/td>\n<td>Ce cookie permet d\u2019associer au navigateur un identifiant unique qui permet \u00e0 Plezi de rattacher l\u2019ensemble des visites \u00e0 un m\u00eame navigateur.<\/td>\n<td align=\"right\">13 mois<\/td>\n<\/tr>\n<tr>\n<td><strong>Visit<\/strong><\/td>\n<td><strong>Plezi<\/strong><\/td>\n<td>Ce cookie permet de consolider l\u2019ensemble des pages vues durant une visite.<\/td>\n<td align=\"right\">30 minutes<\/td>\n<\/tr>\n<tr>\n<td colspan=\"4\">\n&nbsp;\n<\/td>\n<\/tr>\n<tr>\n<td colspan=\"4\">\n<h4>Fonctionnels<\/h4>\n<\/td>\n<\/tr>\n<tr>\n<td><strong>piwik_ignore<\/strong><\/td>\n<td><strong>Matomo<\/strong><\/td>\n<td>Permet d&rsquo;ignorer la mesure d&rsquo;audience Piwik.<\/td>\n<td align=\"right\">12 mois<\/td>\n<\/tr>\n<tr>\n<td><strong>_pk_id.nnnnn<\/strong><\/td>\n<td><strong>Matomo<\/strong><\/td>\n<td>Permet de stocker votre identifiant unique de visite (si la mesure d&rsquo;audience Piwik est active).<\/td>\n<td align=\"right\">6 mois<\/td>\n<\/tr>\n<tr>\n<td><strong>_pk_ses.nnnnn<\/strong><\/td>\n<td><strong>Matomo<\/strong><\/td>\n<td>Permet le stockage temporaire de vos donn\u00e9es de visite (si la mesure d&rsquo;audience Piwik est active).<\/td>\n<td align=\"right\">30 minutes<\/td>\n<\/tr>\n<tr>\n<td><strong>PHPSESSID<\/strong><\/td>\n<td><strong>Tessi<\/strong><\/td>\n<td>Conserve la configuration des param\u00e8tres des utilisateurs \u00e0 travers les demandes des pages.Le cookie aide par exemple \u00e0 \u00e9viter que les donn\u00e9es recueillies via un formulaire soient enregistr\u00e9es plusieurs fois.<\/td>\n<td align=\"right\">Session<\/td>\n<\/tr>\n<tr>\n<td><strong>FACIL_ITI<\/strong><\/td>\n<td><strong>Facil&rsquo;Iti<\/strong><\/td>\n<td>Gestion du profil utilisateur sur son propre navigateur.<\/td>\n<td align=\"right\">Tant que l\u2019utilisateur ne supprime pas son profil via l\u2019application ou les param\u00e8tres de son navigateur<\/td>\n<\/tr>\n<tr>\n<td><strong>FACIL_ITI_CACHE<\/strong><\/td>\n<td><strong>Facil&rsquo;Iti<\/strong><\/td>\n<td>Stockage temporaire de donn\u00e9es techniques pour acc\u00e9l\u00e9rer certains traitements.<\/td>\n<td align=\"right\">Temporaire avec une suppression automatique \u00e0 la fin de la session de navigation<\/td>\n<\/tr>\n<tr>\n<td><strong>_icl_current_language<\/strong><\/td>\n<td><strong>Tessi<\/strong><\/td>\n<td>Enregistre la langue pr\u00e9f\u00e9r\u00e9e de l&rsquo;utilisateur sur le site.<\/td>\n<td align=\"right\">1 jour<\/td>\n<\/tr>\n<\/tbody>\n<\/table>\n<h3 style=\"padding-top: 0px;\">Param\u00e9trages<\/h3>\n<table style=\"background-color: #FFFFFF; padding: 15px 0px 30px 0px; margin: 10px 0px 60px;\">\n<tbody>\n<tr valign=\"middle\">\n<td style=\"border-bottom: none;\">L\u2019internaute a la possibilit\u00e9 \u00e0 tout moment de g\u00e9rer ses cookies en cliquant sur l\u2019ic\u00f4ne <img loading=\"lazy\" decoding=\"async\" class=\"alignnone size-full wp-image-13184\" src=\"https:\/\/www.tessi.eu\/wp-content\/uploads\/2020\/09\/cookies-v2-1.png\" alt=\"\" width=\"42\" height=\"40\" srcset=\"https:\/\/www.tessi.eu\/wp-content\/uploads\/2020\/09\/cookies-v2-1.png 42w, https:\/\/www.tessi.eu\/wp-content\/uploads\/2020\/09\/cookies-v2-1-24x24.png 24w, https:\/\/www.tessi.eu\/wp-content\/uploads\/2020\/09\/cookies-v2-1-36x34.png 36w\" sizes=\"auto, (max-width: 42px) 100vw, 42px\" \/> en bas \u00e0 gauche de l&rsquo;\u00e9cran.<\/td>\n<\/tr>\n<tr valign=\"middle\">\n<td style=\"border-bottom: none;\">Outre la possibilit\u00e9 d\u2019accepter \/ refuser les cookies via le centre de gestion disponible directement sur le Site, l\u2019internaute a la possibilit\u00e9 de param\u00e9trer son navigateur pour supprimer les cookies d\u00e9j\u00e0 install\u00e9s sur son terminal, pour \u00eatre invit\u00e9 \u00e0 accepter ou refuser l\u2019installation de cookies au cas par cas ou pour accepter ou refuser automatiquement tous les cookies pour certains sites ou pour tous les sites. Toutefois, le refus d\u2019utilisation des cookies peut emp\u00eacher certaines fonctionnalit\u00e9s du Site.<\/p>\n<p>Les param\u00e9trages de gestion des cookies varient selon les navigateurs. Les instructions \u00e0 ce sujet pour les navigateurs les plus courants sont disponibles en cliquant sur les liens ci-dessous :<br \/>\n<a href=\"https:\/\/support.microsoft.com\/fr-fr\/windows\/supprimer-et-g%C3%A9rer-les-cookies-168dab11-0753-043d-7c16-ede5947fc64d\" target=\"_blank\" rel=\"noopener\">Supprimer et g\u00e9rer les cookies (microsoft.com)<\/a><br \/>\n<a href=\"https:\/\/support.google.com\/chrome\/answer\/95647?hl=fr\" target=\"_blank\" rel=\"noopener\">Chrome<\/a><br \/>\n<a href=\"https:\/\/support.mozilla.org\/fr\/kb\/empecher-sites-web-stocker-cookies-donnees-site-firefox?esab=a&#038;s=blocking+cookies&#038;r=2&#038;as=s&#038;redirectslug=empecher-sites-enregistrer-preferences&#038;redirectlocale=fr\" target=\"_blank\" rel=\"noopener\">Firefox<\/a><br \/>\n<a href=\"https:\/\/support.apple.com\/fr-fr\/HT201265\" target=\"_blank\" rel=\"noopener\">Effacer l\u2019historique et les cookies enregistr\u00e9s dans Safari sur votre iPhone, iPad ou iPod touch &#8211; Assistance Apple (FR)<\/a>\n<\/td>\n<\/tr>\n<\/tbody>\n<\/table>\n","protected":false},"excerpt":{"rendered":"<p>Cookies internes ou cookies tiers L\u2019ensemble des cookies mis en \u0153uvre via le Site sont soit des cookies internes plac\u00e9s par TESSI, soit des cookies tiers plac\u00e9s par des op\u00e9rateurs tiers. Ces derniers peuvent utiliser les donn\u00e9es collect\u00e9es via les cookies qu\u2019ils installent. Cookies de session ou cookies persistants Les cookies de session servent \u00e0 [&hellip;]<\/p>\n","protected":false},"author":1,"featured_media":8935,"parent":0,"menu_order":291,"comment_status":"closed","ping_status":"closed","template":"page-templates\/gestion_cookies.php","meta":{"_acf_changed":false,"footnotes":""},"class_list":["post-8580","page","type-page","status-publish","has-post-thumbnail","hentry"],"acf":[],"yoast_head":"<!-- This site is optimized with the Yoast SEO Premium plugin v22.3 (Yoast SEO v27.1.1) - https:\/\/yoast.com\/product\/yoast-seo-premium-wordpress\/ -->\n<title>Politique de gestion des cookies - Tessi International<\/title>\n<meta name=\"robots\" content=\"index, follow, max-snippet:-1, max-image-preview:large, max-video-preview:-1\" \/>\n<link rel=\"canonical\" href=\"https:\/\/www.tessi.eu\/fr\/politique-de-gestion-des-cookies\/\" \/>\n<meta property=\"og:locale\" content=\"fr_FR\" \/>\n<meta property=\"og:type\" content=\"article\" \/>\n<meta property=\"og:title\" content=\"Politique de gestion des cookies\" \/>\n<meta property=\"og:description\" content=\"Cookies internes ou cookies tiers L\u2019ensemble des cookies mis en \u0153uvre via le Site sont soit des cookies internes plac\u00e9s par TESSI, soit des cookies tiers plac\u00e9s par des op\u00e9rateurs tiers. Ces derniers peuvent utiliser les donn\u00e9es collect\u00e9es via les cookies qu\u2019ils installent. Cookies de session ou cookies persistants Les cookies de session servent \u00e0 [&hellip;]\" \/>\n<meta property=\"og:url\" content=\"https:\/\/www.tessi.eu\/fr\/politique-de-gestion-des-cookies\/\" \/>\n<meta property=\"og:site_name\" content=\"Tessi International\" \/>\n<meta property=\"article:modified_time\" content=\"2022-09-06T15:10:56+00:00\" \/>\n<meta property=\"og:image\" content=\"https:\/\/tessi.on-web.fr\/wp-content\/uploads\/2019\/04\/header_politique_cookies-2.jpg\" \/>\n\t<meta property=\"og:image:width\" content=\"1240\" \/>\n\t<meta property=\"og:image:height\" content=\"430\" \/>\n\t<meta property=\"og:image:type\" content=\"image\/jpeg\" \/>\n<meta name=\"twitter:card\" content=\"summary_large_image\" \/>\n<meta name=\"twitter:label1\" content=\"Dur\u00e9e de lecture estim\u00e9e\" \/>\n\t<meta name=\"twitter:data1\" content=\"6 minutes\" \/>\n<script type=\"application\/ld+json\" class=\"yoast-schema-graph\">{\"@context\":\"https:\/\/schema.org\",\"@graph\":[{\"@type\":\"WebPage\",\"@id\":\"https:\/\/www.tessi.eu\/fr\/politique-de-gestion-des-cookies\/\",\"url\":\"https:\/\/www.tessi.eu\/fr\/politique-de-gestion-des-cookies\/\",\"name\":\"Politique de gestion des cookies - Tessi International\",\"isPartOf\":{\"@id\":\"https:\/\/www.tessi.eu\/fr\/#website\"},\"primaryImageOfPage\":{\"@id\":\"https:\/\/www.tessi.eu\/fr\/politique-de-gestion-des-cookies\/#primaryimage\"},\"image\":{\"@id\":\"https:\/\/www.tessi.eu\/fr\/politique-de-gestion-des-cookies\/#primaryimage\"},\"thumbnailUrl\":\"https:\/\/www.tessi.eu\/wp-content\/uploads\/2019\/04\/header_politique_cookies-2.jpg\",\"datePublished\":\"2019-04-08T18:57:16+00:00\",\"dateModified\":\"2022-09-06T15:10:56+00:00\",\"breadcrumb\":{\"@id\":\"https:\/\/www.tessi.eu\/fr\/politique-de-gestion-des-cookies\/#breadcrumb\"},\"inLanguage\":\"fr-FR\",\"potentialAction\":[{\"@type\":\"ReadAction\",\"target\":[\"https:\/\/www.tessi.eu\/fr\/politique-de-gestion-des-cookies\/\"]}]},{\"@type\":\"ImageObject\",\"inLanguage\":\"fr-FR\",\"@id\":\"https:\/\/www.tessi.eu\/fr\/politique-de-gestion-des-cookies\/#primaryimage\",\"url\":\"https:\/\/www.tessi.eu\/wp-content\/uploads\/2019\/04\/header_politique_cookies-2.jpg\",\"contentUrl\":\"https:\/\/www.tessi.eu\/wp-content\/uploads\/2019\/04\/header_politique_cookies-2.jpg\",\"width\":1240,\"height\":430,\"caption\":\"HEADER_POLITIQUE_COOKIES\"},{\"@type\":\"BreadcrumbList\",\"@id\":\"https:\/\/www.tessi.eu\/fr\/politique-de-gestion-des-cookies\/#breadcrumb\",\"itemListElement\":[{\"@type\":\"ListItem\",\"position\":1,\"name\":\"Home\",\"item\":\"https:\/\/www.tessi.eu\/fr\/\"},{\"@type\":\"ListItem\",\"position\":2,\"name\":\"Politique de gestion des cookies\"}]},{\"@type\":\"WebSite\",\"@id\":\"https:\/\/www.tessi.eu\/fr\/#website\",\"url\":\"https:\/\/www.tessi.eu\/fr\/\",\"name\":\"Tessi International\",\"description\":\"\",\"potentialAction\":[{\"@type\":\"SearchAction\",\"target\":{\"@type\":\"EntryPoint\",\"urlTemplate\":\"https:\/\/www.tessi.eu\/fr\/?s={search_term_string}\"},\"query-input\":{\"@type\":\"PropertyValueSpecification\",\"valueRequired\":true,\"valueName\":\"search_term_string\"}}],\"inLanguage\":\"fr-FR\"}]}<\/script>\n<!-- \/ Yoast SEO Premium plugin. -->","yoast_head_json":{"title":"Politique de gestion des cookies - Tessi International","robots":{"index":"index","follow":"follow","max-snippet":"max-snippet:-1","max-image-preview":"max-image-preview:large","max-video-preview":"max-video-preview:-1"},"canonical":"https:\/\/www.tessi.eu\/fr\/politique-de-gestion-des-cookies\/","og_locale":"fr_FR","og_type":"article","og_title":"Politique de gestion des cookies","og_description":"Cookies internes ou cookies tiers L\u2019ensemble des cookies mis en \u0153uvre via le Site sont soit des cookies internes plac\u00e9s par TESSI, soit des cookies tiers plac\u00e9s par des op\u00e9rateurs tiers. Ces derniers peuvent utiliser les donn\u00e9es collect\u00e9es via les cookies qu\u2019ils installent. Cookies de session ou cookies persistants Les cookies de session servent \u00e0 [&hellip;]","og_url":"https:\/\/www.tessi.eu\/fr\/politique-de-gestion-des-cookies\/","og_site_name":"Tessi International","article_modified_time":"2022-09-06T15:10:56+00:00","og_image":[{"width":1240,"height":430,"url":"https:\/\/tessi.on-web.fr\/wp-content\/uploads\/2019\/04\/header_politique_cookies-2.jpg","type":"image\/jpeg"}],"twitter_card":"summary_large_image","twitter_misc":{"Dur\u00e9e de lecture estim\u00e9e":"6 minutes"},"schema":{"@context":"https:\/\/schema.org","@graph":[{"@type":"WebPage","@id":"https:\/\/www.tessi.eu\/fr\/politique-de-gestion-des-cookies\/","url":"https:\/\/www.tessi.eu\/fr\/politique-de-gestion-des-cookies\/","name":"Politique de gestion des cookies - Tessi International","isPartOf":{"@id":"https:\/\/www.tessi.eu\/fr\/#website"},"primaryImageOfPage":{"@id":"https:\/\/www.tessi.eu\/fr\/politique-de-gestion-des-cookies\/#primaryimage"},"image":{"@id":"https:\/\/www.tessi.eu\/fr\/politique-de-gestion-des-cookies\/#primaryimage"},"thumbnailUrl":"https:\/\/www.tessi.eu\/wp-content\/uploads\/2019\/04\/header_politique_cookies-2.jpg","datePublished":"2019-04-08T18:57:16+00:00","dateModified":"2022-09-06T15:10:56+00:00","breadcrumb":{"@id":"https:\/\/www.tessi.eu\/fr\/politique-de-gestion-des-cookies\/#breadcrumb"},"inLanguage":"fr-FR","potentialAction":[{"@type":"ReadAction","target":["https:\/\/www.tessi.eu\/fr\/politique-de-gestion-des-cookies\/"]}]},{"@type":"ImageObject","inLanguage":"fr-FR","@id":"https:\/\/www.tessi.eu\/fr\/politique-de-gestion-des-cookies\/#primaryimage","url":"https:\/\/www.tessi.eu\/wp-content\/uploads\/2019\/04\/header_politique_cookies-2.jpg","contentUrl":"https:\/\/www.tessi.eu\/wp-content\/uploads\/2019\/04\/header_politique_cookies-2.jpg","width":1240,"height":430,"caption":"HEADER_POLITIQUE_COOKIES"},{"@type":"BreadcrumbList","@id":"https:\/\/www.tessi.eu\/fr\/politique-de-gestion-des-cookies\/#breadcrumb","itemListElement":[{"@type":"ListItem","position":1,"name":"Home","item":"https:\/\/www.tessi.eu\/fr\/"},{"@type":"ListItem","position":2,"name":"Politique de gestion des cookies"}]},{"@type":"WebSite","@id":"https:\/\/www.tessi.eu\/fr\/#website","url":"https:\/\/www.tessi.eu\/fr\/","name":"Tessi International","description":"","potentialAction":[{"@type":"SearchAction","target":{"@type":"EntryPoint","urlTemplate":"https:\/\/www.tessi.eu\/fr\/?s={search_term_string}"},"query-input":{"@type":"PropertyValueSpecification","valueRequired":true,"valueName":"search_term_string"}}],"inLanguage":"fr-FR"}]}},"_links":{"self":[{"href":"https:\/\/www.tessi.eu\/fr\/wp-json\/wp\/v2\/pages\/8580\/"}],"collection":[{"href":"https:\/\/www.tessi.eu\/fr\/wp-json\/wp\/v2\/pages\/"}],"about":[{"href":"https:\/\/www.tessi.eu\/fr\/wp-json\/wp\/v2\/types\/page\/"}],"author":[{"embeddable":true,"href":"https:\/\/www.tessi.eu\/fr\/wp-json\/wp\/v2\/users\/1\/"}],"replies":[{"embeddable":true,"href":"https:\/\/www.tessi.eu\/fr\/wp-json\/wp\/v2\/comments\/?post=8580"}],"version-history":[{"count":10,"href":"https:\/\/www.tessi.eu\/fr\/wp-json\/wp\/v2\/pages\/8580\/revisions\/"}],"predecessor-version":[{"id":24325,"href":"https:\/\/www.tessi.eu\/fr\/wp-json\/wp\/v2\/pages\/8580\/revisions\/24325\/"}],"wp:featuredmedia":[{"embeddable":true,"href":"https:\/\/www.tessi.eu\/fr\/wp-json\/wp\/v2\/media\/8935\/"}],"wp:attachment":[{"href":"https:\/\/www.tessi.eu\/fr\/wp-json\/wp\/v2\/media\/?parent=8580"}],"curies":[{"name":"wp","href":"https:\/\/api.w.org\/{rel}","templated":true}]}}