{"id":8575,"date":"2019-04-08T20:53:35","date_gmt":"2019-04-08T18:53:35","guid":{"rendered":"https:\/\/www.tessi.eu\/?page_id=8575"},"modified":"2020-09-22T09:32:24","modified_gmt":"2020-09-22T07:32:24","slug":"formulaire-contact","status":"publish","type":"page","link":"https:\/\/www.tessi.eu\/fr\/formulaire-contact\/","title":{"rendered":"Formulaire contact"},"content":{"rendered":"<h3><strong>Identit\u00e9 du responsable du traitement<\/strong><\/h3>\n<p>Responsable du traitement\u00a0:<\/p>\n<p><strong>TESSI<\/strong><\/p>\n<p>SA \u00e0 Directoire et Conseil de Surveillance<\/p>\n<p>Adresse si\u00e8ge\u00a0: 14 rue des Arts et M\u00e9tiers, 38027 Grenoble Cedex<\/p>\n<p>Capital social\u00a0: 5 620 974EUR<\/p>\n<p>Immatricul\u00e9e au RCS de Grenoble sous le n\u00b0\u00a0: 071 501 571<\/p>\n<p>T\u00e9l\u00a0: 04 76 70 59 10<\/p>\n<p>&nbsp;<\/p>\n<p>Responsable de la publication\u00a0: Olivier Jolland<\/p>\n<p>&nbsp;<\/p>\n<h3><strong>Finalit\u00e9 du traitement<\/strong><\/h3>\n<p>En fonction de la nature de votre demande les finalit\u00e9s de traitement que Tessi effectue peuvent \u00eatre les suivantes :<\/p>\n<ul>\n<li>envoi d\u2019informations commerciales et\/ou de notifications et\/ou de documents demand\u00e9s,<\/li>\n<li>gestion des relations avec nos prospects et\/ou nos clients et\/ou nos partenaires,<\/li>\n<li>assistance technique et\/ou commerciale,<\/li>\n<li>enrichissement\/mise \u00e0 jour des bases de donn\u00e9es clients\/prospects,<\/li>\n<li>r\u00e9alisation de statistiques, d\u2019analyses et d\u2019\u00e9tudes d\u2019audience,<\/li>\n<li>gestion de carri\u00e8res,<\/li>\n<\/ul>\n<p>&nbsp;<\/p>\n<h3><strong>Exercice des droits des personnes<\/strong><\/h3>\n<p>Vous b\u00e9n\u00e9ficiez d\u2019un droit d\u2019acc\u00e8s, de rectification, d\u2019effacement, d\u2019opposition (y compris le droit ne pas faire l&rsquo;objet d&rsquo;une d\u00e9cision fond\u00e9e exclusivement sur un traitement automatis\u00e9) ou, le cas \u00e9ch\u00e9ant, du retrait de votre consentement \u00e0 tout moment, ainsi que du droit \u00e0 la limitation et la portabilit\u00e9 de vos donn\u00e9es personnelles. Vous pouvez exercer votre droit en vous adressant au Data Protection Officer du Groupe Tessi (cf. la rubrique \u00ab Coordonn\u00e9es du DPO du Groupe Tessi \u00bb). Votre demande devra indiquer votre nom et pr\u00e9nom, adresse e-mail ou postale, \u00eatre sign\u00e9e et accompagn\u00e9e d\u2019un justificatif d\u2019identit\u00e9 en cours validit\u00e9.<\/p>\n<p>Vous pouvez \u00e9galement vous opposer \u00e0 l\u2019envoi d\u2019informations commerciales en cliquant sur le lien de d\u00e9sabonnement pr\u00e9sent en bas des e-mails commerciaux envoy\u00e9s par Tessi.<\/p>\n<p>Si, apr\u00e8s avoir contact\u00e9 notre DPO, vous estimez que vos droits n\u2019ont pas \u00e9t\u00e9 respect\u00e9s, vous pouvez adresser une r\u00e9clamation en ligne ou par courrier postal \u00e0 la CNIL.<\/p>\n<p>Pour plus d\u2019information concernant vos droits, vous pouvez <a href=\"https:\/\/www.tessi.eu\/fr\/politique-dutilisation-des-donnees-personnelles\/\" target=\"_blank\" rel=\"noopener noreferrer\">consulter notre page de protection des donn\u00e9es personnelles<\/a><\/p>\n","protected":false},"excerpt":{"rendered":"<p>Identit\u00e9 du responsable du traitement Responsable du traitement\u00a0: TESSI SA \u00e0 Directoire et Conseil de Surveillance Adresse si\u00e8ge\u00a0: 14 rue des Arts et M\u00e9tiers, 38027 Grenoble Cedex Capital social\u00a0: 5 620 974EUR Immatricul\u00e9e au RCS de Grenoble sous le n\u00b0\u00a0: 071 501 571 T\u00e9l\u00a0: 04 76 70 59 10 &nbsp; Responsable de la publication\u00a0: Olivier [&hellip;]<\/p>\n","protected":false},"author":1,"featured_media":0,"parent":0,"menu_order":279,"comment_status":"closed","ping_status":"closed","template":"page-templates\/type-page.php","meta":{"_acf_changed":false,"footnotes":""},"class_list":["post-8575","page","type-page","status-publish","hentry"],"acf":[],"yoast_head":"<!-- This site is optimized with the Yoast SEO Premium plugin v22.3 (Yoast SEO v27.1.1) - https:\/\/yoast.com\/product\/yoast-seo-premium-wordpress\/ -->\n<title>Formulaire contact - Tessi International<\/title>\n<meta name=\"robots\" content=\"index, follow, max-snippet:-1, max-image-preview:large, max-video-preview:-1\" \/>\n<link rel=\"canonical\" href=\"https:\/\/www.tessi.eu\/fr\/formulaire-contact\/\" \/>\n<meta property=\"og:locale\" content=\"fr_FR\" \/>\n<meta property=\"og:type\" content=\"article\" \/>\n<meta property=\"og:title\" content=\"Formulaire contact\" \/>\n<meta property=\"og:description\" content=\"Identit\u00e9 du responsable du traitement Responsable du traitement\u00a0: TESSI SA \u00e0 Directoire et Conseil de Surveillance Adresse si\u00e8ge\u00a0: 14 rue des Arts et M\u00e9tiers, 38027 Grenoble Cedex Capital social\u00a0: 5 620 974EUR Immatricul\u00e9e au RCS de Grenoble sous le n\u00b0\u00a0: 071 501 571 T\u00e9l\u00a0: 04 76 70 59 10 &nbsp; Responsable de la publication\u00a0: Olivier [&hellip;]\" \/>\n<meta property=\"og:url\" content=\"https:\/\/www.tessi.eu\/fr\/formulaire-contact\/\" \/>\n<meta property=\"og:site_name\" content=\"Tessi International\" \/>\n<meta property=\"article:modified_time\" content=\"2020-09-22T07:32:24+00:00\" \/>\n<meta name=\"twitter:card\" content=\"summary_large_image\" \/>\n<meta name=\"twitter:label1\" content=\"Dur\u00e9e de lecture estim\u00e9e\" \/>\n\t<meta name=\"twitter:data1\" content=\"2 minutes\" \/>\n<script type=\"application\/ld+json\" class=\"yoast-schema-graph\">{\"@context\":\"https:\/\/schema.org\",\"@graph\":[{\"@type\":\"WebPage\",\"@id\":\"https:\/\/www.tessi.eu\/fr\/formulaire-contact\/\",\"url\":\"https:\/\/www.tessi.eu\/fr\/formulaire-contact\/\",\"name\":\"Formulaire contact - Tessi International\",\"isPartOf\":{\"@id\":\"https:\/\/www.tessi.eu\/fr\/#website\"},\"datePublished\":\"2019-04-08T18:53:35+00:00\",\"dateModified\":\"2020-09-22T07:32:24+00:00\",\"breadcrumb\":{\"@id\":\"https:\/\/www.tessi.eu\/fr\/formulaire-contact\/#breadcrumb\"},\"inLanguage\":\"fr-FR\",\"potentialAction\":[{\"@type\":\"ReadAction\",\"target\":[\"https:\/\/www.tessi.eu\/fr\/formulaire-contact\/\"]}]},{\"@type\":\"BreadcrumbList\",\"@id\":\"https:\/\/www.tessi.eu\/fr\/formulaire-contact\/#breadcrumb\",\"itemListElement\":[{\"@type\":\"ListItem\",\"position\":1,\"name\":\"Home\",\"item\":\"https:\/\/www.tessi.eu\/fr\/\"},{\"@type\":\"ListItem\",\"position\":2,\"name\":\"Formulaire contact\"}]},{\"@type\":\"WebSite\",\"@id\":\"https:\/\/www.tessi.eu\/fr\/#website\",\"url\":\"https:\/\/www.tessi.eu\/fr\/\",\"name\":\"Tessi International\",\"description\":\"\",\"potentialAction\":[{\"@type\":\"SearchAction\",\"target\":{\"@type\":\"EntryPoint\",\"urlTemplate\":\"https:\/\/www.tessi.eu\/fr\/?s={search_term_string}\"},\"query-input\":{\"@type\":\"PropertyValueSpecification\",\"valueRequired\":true,\"valueName\":\"search_term_string\"}}],\"inLanguage\":\"fr-FR\"}]}<\/script>\n<!-- \/ Yoast SEO Premium plugin. -->","yoast_head_json":{"title":"Formulaire contact - Tessi International","robots":{"index":"index","follow":"follow","max-snippet":"max-snippet:-1","max-image-preview":"max-image-preview:large","max-video-preview":"max-video-preview:-1"},"canonical":"https:\/\/www.tessi.eu\/fr\/formulaire-contact\/","og_locale":"fr_FR","og_type":"article","og_title":"Formulaire contact","og_description":"Identit\u00e9 du responsable du traitement Responsable du traitement\u00a0: TESSI SA \u00e0 Directoire et Conseil de Surveillance Adresse si\u00e8ge\u00a0: 14 rue des Arts et M\u00e9tiers, 38027 Grenoble Cedex Capital social\u00a0: 5 620 974EUR Immatricul\u00e9e au RCS de Grenoble sous le n\u00b0\u00a0: 071 501 571 T\u00e9l\u00a0: 04 76 70 59 10 &nbsp; Responsable de la publication\u00a0: Olivier [&hellip;]","og_url":"https:\/\/www.tessi.eu\/fr\/formulaire-contact\/","og_site_name":"Tessi International","article_modified_time":"2020-09-22T07:32:24+00:00","twitter_card":"summary_large_image","twitter_misc":{"Dur\u00e9e de lecture estim\u00e9e":"2 minutes"},"schema":{"@context":"https:\/\/schema.org","@graph":[{"@type":"WebPage","@id":"https:\/\/www.tessi.eu\/fr\/formulaire-contact\/","url":"https:\/\/www.tessi.eu\/fr\/formulaire-contact\/","name":"Formulaire contact - Tessi International","isPartOf":{"@id":"https:\/\/www.tessi.eu\/fr\/#website"},"datePublished":"2019-04-08T18:53:35+00:00","dateModified":"2020-09-22T07:32:24+00:00","breadcrumb":{"@id":"https:\/\/www.tessi.eu\/fr\/formulaire-contact\/#breadcrumb"},"inLanguage":"fr-FR","potentialAction":[{"@type":"ReadAction","target":["https:\/\/www.tessi.eu\/fr\/formulaire-contact\/"]}]},{"@type":"BreadcrumbList","@id":"https:\/\/www.tessi.eu\/fr\/formulaire-contact\/#breadcrumb","itemListElement":[{"@type":"ListItem","position":1,"name":"Home","item":"https:\/\/www.tessi.eu\/fr\/"},{"@type":"ListItem","position":2,"name":"Formulaire contact"}]},{"@type":"WebSite","@id":"https:\/\/www.tessi.eu\/fr\/#website","url":"https:\/\/www.tessi.eu\/fr\/","name":"Tessi International","description":"","potentialAction":[{"@type":"SearchAction","target":{"@type":"EntryPoint","urlTemplate":"https:\/\/www.tessi.eu\/fr\/?s={search_term_string}"},"query-input":{"@type":"PropertyValueSpecification","valueRequired":true,"valueName":"search_term_string"}}],"inLanguage":"fr-FR"}]}},"_links":{"self":[{"href":"https:\/\/www.tessi.eu\/fr\/wp-json\/wp\/v2\/pages\/8575\/"}],"collection":[{"href":"https:\/\/www.tessi.eu\/fr\/wp-json\/wp\/v2\/pages\/"}],"about":[{"href":"https:\/\/www.tessi.eu\/fr\/wp-json\/wp\/v2\/types\/page\/"}],"author":[{"embeddable":true,"href":"https:\/\/www.tessi.eu\/fr\/wp-json\/wp\/v2\/users\/1\/"}],"replies":[{"embeddable":true,"href":"https:\/\/www.tessi.eu\/fr\/wp-json\/wp\/v2\/comments\/?post=8575"}],"version-history":[{"count":2,"href":"https:\/\/www.tessi.eu\/fr\/wp-json\/wp\/v2\/pages\/8575\/revisions\/"}],"predecessor-version":[{"id":13429,"href":"https:\/\/www.tessi.eu\/fr\/wp-json\/wp\/v2\/pages\/8575\/revisions\/13429\/"}],"wp:attachment":[{"href":"https:\/\/www.tessi.eu\/fr\/wp-json\/wp\/v2\/media\/?parent=8575"}],"curies":[{"name":"wp","href":"https:\/\/api.w.org\/{rel}","templated":true}]}}