{"id":7179,"date":"2019-03-19T12:37:36","date_gmt":"2019-03-19T11:37:36","guid":{"rendered":"https:\/\/www.tessi.eu\/?page_id=7179"},"modified":"2019-03-19T12:37:36","modified_gmt":"2019-03-19T11:37:36","slug":"golem-ai","status":"publish","type":"page","link":"https:\/\/www.tessi.eu\/fr\/golem-ai\/","title":{"rendered":"Golem.ai"},"content":{"rendered":"<p>Chez Tessi, nous avons un int\u00e9r\u00eat fort pour le milieu entrepreneurial et technologique europ\u00e9en. A\u00a0travers le P\u00e9pites Shaker, nous recherchons des solutions technologiques diff\u00e9renciantes et novatrices.\u00a0Golem.ai en est un parfait exemple.\u00a0<strong>Son moteur d\u2019interpr\u00e9tation du langage humain permet de cr\u00e9er des interfaces de contr\u00f4le via le langage naturel.<\/strong><\/p>\n<p>La collaboration entre Golem.ai et Tessi, c\u2019est un coup de c\u0153ur r\u00e9ciproque !\u00a0Elle s\u2019est construite sur un socle de valeurs et d\u2019int\u00e9r\u00eats communs qui anime les deux entreprises\u00a0: la passion pour les technologies d\u2019Intelligence Artificielle, l\u2019automatisation et le sens du client.<\/p>\n<p>Golem.ai est une startup qui modifie les interactions Homme-machine telles que nous les connaissons. En d\u00e9veloppant son logiciel de compr\u00e9hension du langage humain, Golem.ai facilite le dialogue avec la machine.<\/p>\n<p>L\u2019opposition \u2018Humain versus The Machine\u2019\u00a0\u00e9volue dor\u00e9navant vers ce que l\u2019on peut consid\u00e9rer davantage comme une collaboration : un travail d\u2019\u00e9quipe entre l\u2019utilisateur et ses outils num\u00e9riques.<\/p>\n<p>Golem.ai a\u00a0d\u00e9velopp\u00e9 un moteur puissant d\u2019interpr\u00e9tation du langage naturel\u00a0;\u00a0<strong>une technologie qui peut automatiser les services clients et SAV des entreprises.<br \/>\n<\/strong>L\u2019int\u00e9r\u00eat\u00a0: garantir une meilleure r\u00e9activit\u00e9 de vos services et am\u00e9liorer la performance de vos employ\u00e9s.<\/p>\n<p>Prenons l\u2019exemple de l\u2019automatisation des mails.<br \/>\nGr\u00e2ce \u00e0\u00a0son IA, Golem.ai propose de traiter le contenu d\u2019un mail et de r\u00e9pondre automatiquement aux demandes clients les plus r\u00e9guli\u00e8res, par une approche linguistique et non par machine learning.<br \/>\nLe r\u00e9sultat\u00a0: un gain de temps consid\u00e9rable qui permet de concentrer son \u00e9nergie sur l\u2019\u00e9laboration et le maintien d\u2019une relation client privil\u00e9gi\u00e9e.<\/p>\n<p>De nombreuses exp\u00e9riences utilisateurs sont possibles\u00a0: chatbot, automatisation du centre de relation client, remplacement de formulaire par des champs libres, commande vocale\u2026 dans l\u2019objectif unique de\u00a0<strong>fluidifier l\u2019interaction entre l\u2019entreprise et le client utilisateur.<\/strong><\/p>\n<p>En suivant la r\u00e9volution \u00ab\u00a0Voice First\u00a0\u00bb, Tessi s\u2019attache en int\u00e9grant Golem.ai \u00e0\u00a0placer l\u2019intelligence artificielle au c\u0153ur des processus de traitement de l\u2019information.<\/p>\n<p>Nous sommes donc tr\u00e8s fiers d\u2019int\u00e9grer Golem.ai au P\u00e9pites Shaker\u00a0!<\/p>\n<p><a href=\"https:\/\/golem.ai\/\" target=\"_blank\" rel=\"noopener noreferrer\">Voir le site Internet<\/a><\/p>\n","protected":false},"excerpt":{"rendered":"<p>Chez Tessi, nous avons un int\u00e9r\u00eat fort pour le milieu entrepreneurial et technologique europ\u00e9en. A\u00a0travers le P\u00e9pites Shaker, nous recherchons des solutions technologiques diff\u00e9renciantes et novatrices.\u00a0Golem.ai en est un parfait exemple.\u00a0Son moteur d\u2019interpr\u00e9tation du langage humain permet de cr\u00e9er des interfaces de contr\u00f4le via le langage naturel. La collaboration entre Golem.ai et Tessi, c\u2019est un [&hellip;]<\/p>\n","protected":false},"author":1,"featured_media":0,"parent":0,"menu_order":226,"comment_status":"closed","ping_status":"closed","template":"page-templates\/type-page.php","meta":{"_acf_changed":false,"footnotes":""},"class_list":["post-7179","page","type-page","status-publish","hentry"],"acf":[],"yoast_head":"<!-- This site is optimized with the Yoast SEO Premium plugin v22.3 (Yoast SEO v27.1.1) - https:\/\/yoast.com\/product\/yoast-seo-premium-wordpress\/ -->\n<title>Golem.ai - Tessi International<\/title>\n<meta name=\"robots\" content=\"index, follow, max-snippet:-1, max-image-preview:large, max-video-preview:-1\" \/>\n<link rel=\"canonical\" href=\"https:\/\/www.tessi.eu\/fr\/golem-ai\/\" \/>\n<meta property=\"og:locale\" content=\"fr_FR\" \/>\n<meta property=\"og:type\" content=\"article\" \/>\n<meta property=\"og:title\" content=\"Golem.ai\" \/>\n<meta property=\"og:description\" content=\"Chez Tessi, nous avons un int\u00e9r\u00eat fort pour le milieu entrepreneurial et technologique europ\u00e9en. A\u00a0travers le P\u00e9pites Shaker, nous recherchons des solutions technologiques diff\u00e9renciantes et novatrices.\u00a0Golem.ai en est un parfait exemple.\u00a0Son moteur d\u2019interpr\u00e9tation du langage humain permet de cr\u00e9er des interfaces de contr\u00f4le via le langage naturel. La collaboration entre Golem.ai et Tessi, c\u2019est un [&hellip;]\" \/>\n<meta property=\"og:url\" content=\"https:\/\/www.tessi.eu\/fr\/golem-ai\/\" \/>\n<meta property=\"og:site_name\" content=\"Tessi International\" \/>\n<meta name=\"twitter:card\" content=\"summary_large_image\" \/>\n<meta name=\"twitter:label1\" content=\"Dur\u00e9e de lecture estim\u00e9e\" \/>\n\t<meta name=\"twitter:data1\" content=\"2 minutes\" \/>\n<script type=\"application\/ld+json\" class=\"yoast-schema-graph\">{\"@context\":\"https:\/\/schema.org\",\"@graph\":[{\"@type\":\"WebPage\",\"@id\":\"https:\/\/www.tessi.eu\/fr\/golem-ai\/\",\"url\":\"https:\/\/www.tessi.eu\/fr\/golem-ai\/\",\"name\":\"Golem.ai - Tessi International\",\"isPartOf\":{\"@id\":\"https:\/\/www.tessi.eu\/fr\/#website\"},\"datePublished\":\"2019-03-19T11:37:36+00:00\",\"breadcrumb\":{\"@id\":\"https:\/\/www.tessi.eu\/fr\/golem-ai\/#breadcrumb\"},\"inLanguage\":\"fr-FR\",\"potentialAction\":[{\"@type\":\"ReadAction\",\"target\":[\"https:\/\/www.tessi.eu\/fr\/golem-ai\/\"]}]},{\"@type\":\"BreadcrumbList\",\"@id\":\"https:\/\/www.tessi.eu\/fr\/golem-ai\/#breadcrumb\",\"itemListElement\":[{\"@type\":\"ListItem\",\"position\":1,\"name\":\"Home\",\"item\":\"https:\/\/www.tessi.eu\/fr\/\"},{\"@type\":\"ListItem\",\"position\":2,\"name\":\"Golem.ai\"}]},{\"@type\":\"WebSite\",\"@id\":\"https:\/\/www.tessi.eu\/fr\/#website\",\"url\":\"https:\/\/www.tessi.eu\/fr\/\",\"name\":\"Tessi International\",\"description\":\"\",\"potentialAction\":[{\"@type\":\"SearchAction\",\"target\":{\"@type\":\"EntryPoint\",\"urlTemplate\":\"https:\/\/www.tessi.eu\/fr\/?s={search_term_string}\"},\"query-input\":{\"@type\":\"PropertyValueSpecification\",\"valueRequired\":true,\"valueName\":\"search_term_string\"}}],\"inLanguage\":\"fr-FR\"}]}<\/script>\n<!-- \/ Yoast SEO Premium plugin. -->","yoast_head_json":{"title":"Golem.ai - Tessi International","robots":{"index":"index","follow":"follow","max-snippet":"max-snippet:-1","max-image-preview":"max-image-preview:large","max-video-preview":"max-video-preview:-1"},"canonical":"https:\/\/www.tessi.eu\/fr\/golem-ai\/","og_locale":"fr_FR","og_type":"article","og_title":"Golem.ai","og_description":"Chez Tessi, nous avons un int\u00e9r\u00eat fort pour le milieu entrepreneurial et technologique europ\u00e9en. A\u00a0travers le P\u00e9pites Shaker, nous recherchons des solutions technologiques diff\u00e9renciantes et novatrices.\u00a0Golem.ai en est un parfait exemple.\u00a0Son moteur d\u2019interpr\u00e9tation du langage humain permet de cr\u00e9er des interfaces de contr\u00f4le via le langage naturel. La collaboration entre Golem.ai et Tessi, c\u2019est un [&hellip;]","og_url":"https:\/\/www.tessi.eu\/fr\/golem-ai\/","og_site_name":"Tessi International","twitter_card":"summary_large_image","twitter_misc":{"Dur\u00e9e de lecture estim\u00e9e":"2 minutes"},"schema":{"@context":"https:\/\/schema.org","@graph":[{"@type":"WebPage","@id":"https:\/\/www.tessi.eu\/fr\/golem-ai\/","url":"https:\/\/www.tessi.eu\/fr\/golem-ai\/","name":"Golem.ai - Tessi International","isPartOf":{"@id":"https:\/\/www.tessi.eu\/fr\/#website"},"datePublished":"2019-03-19T11:37:36+00:00","breadcrumb":{"@id":"https:\/\/www.tessi.eu\/fr\/golem-ai\/#breadcrumb"},"inLanguage":"fr-FR","potentialAction":[{"@type":"ReadAction","target":["https:\/\/www.tessi.eu\/fr\/golem-ai\/"]}]},{"@type":"BreadcrumbList","@id":"https:\/\/www.tessi.eu\/fr\/golem-ai\/#breadcrumb","itemListElement":[{"@type":"ListItem","position":1,"name":"Home","item":"https:\/\/www.tessi.eu\/fr\/"},{"@type":"ListItem","position":2,"name":"Golem.ai"}]},{"@type":"WebSite","@id":"https:\/\/www.tessi.eu\/fr\/#website","url":"https:\/\/www.tessi.eu\/fr\/","name":"Tessi International","description":"","potentialAction":[{"@type":"SearchAction","target":{"@type":"EntryPoint","urlTemplate":"https:\/\/www.tessi.eu\/fr\/?s={search_term_string}"},"query-input":{"@type":"PropertyValueSpecification","valueRequired":true,"valueName":"search_term_string"}}],"inLanguage":"fr-FR"}]}},"_links":{"self":[{"href":"https:\/\/www.tessi.eu\/fr\/wp-json\/wp\/v2\/pages\/7179\/"}],"collection":[{"href":"https:\/\/www.tessi.eu\/fr\/wp-json\/wp\/v2\/pages\/"}],"about":[{"href":"https:\/\/www.tessi.eu\/fr\/wp-json\/wp\/v2\/types\/page\/"}],"author":[{"embeddable":true,"href":"https:\/\/www.tessi.eu\/fr\/wp-json\/wp\/v2\/users\/1\/"}],"replies":[{"embeddable":true,"href":"https:\/\/www.tessi.eu\/fr\/wp-json\/wp\/v2\/comments\/?post=7179"}],"version-history":[{"count":0,"href":"https:\/\/www.tessi.eu\/fr\/wp-json\/wp\/v2\/pages\/7179\/revisions\/"}],"wp:attachment":[{"href":"https:\/\/www.tessi.eu\/fr\/wp-json\/wp\/v2\/media\/?parent=7179"}],"curies":[{"name":"wp","href":"https:\/\/api.w.org\/{rel}","templated":true}]}}