{"id":7178,"date":"2019-03-19T12:36:14","date_gmt":"2019-03-19T11:36:14","guid":{"rendered":"https:\/\/www.tessi.eu\/?page_id=7178"},"modified":"2019-03-22T14:27:45","modified_gmt":"2019-03-22T13:27:45","slug":"pinpin-team","status":"publish","type":"page","link":"https:\/\/www.tessi.eu\/fr\/pinpin-team\/","title":{"rendered":"Pinpin Team"},"content":{"rendered":"<p>L\u2019\u00e9quipe\u00a0du P\u00e9pites Shaker \u00e9tait \u00e0\u00a0la recherche d\u2019une p\u00e9pite de la gamification.<br \/>\nEh bien, elle l\u2019a trouv\u00e9e\u202f! Pinpin Team, c\u2019est la startup qui transpose les m\u00e9caniques de motivation issues du jeu vid\u00e9o aux th\u00e9matiques professionnelles.<br \/>\nCette startup se positionne comme l\u2019agence digitale experte en gamification. Et pour cause, elle s\u2019y conna\u00eet bien car Pinpin Team, c\u2019est aussi un studio de jeux mobiles.<\/p>\n<p>Une\u00a0success\u00a0story qui compte plus de 10 millions de t\u00e9l\u00e9chargements et qui depuis 2008, a\u00a0la volont\u00e9 de gamifier les pratiques des entreprises.<\/p>\n<p><strong>Pourquoi les entreprises s\u2019int\u00e9ressent-elles \u00e0\u00a0la gamification ?<\/strong><\/p>\n<p>G\u00e9raud Paillard-Brunet, fondateur de Pinpin Team r\u00e9pond\u202f: \u00ab\u202fLe manque d\u2019engagement est une probl\u00e9matique qui touche beaucoup d\u2019entreprises. La gamification se pr\u00e9sente comme une des m\u00e9thodes les plus efficaces pour impliquer et fid\u00e9liser les acteurs de l\u2019entreprise\u202f: employ\u00e9es, clients et partenaires.<\/p>\n<p>En s\u2019int\u00e9ressant aux motivations intrins\u00e8ques de l\u2019Homme telles que l\u2019autonomie, la r\u00e9compense, la progression ou les interactions sociales, la gamification rassemble et motive vers un but commun. C\u2019est un\u00a0outil puissant d\u2019engagement et de performance des \u00e9quipes\u00a0sur le long-terme.\u202f\u00bb<\/p>\n<p>Les champs explor\u00e9s par Pinpin Team sont nombreux\u202f: e-learning, formation, objets connect\u00e9s, contenus \u00e9ducatifs,\u00a0serious\u00a0games, challenges commerciaux, jeux concours,\u00a0advergames\u2026\u00a0Pinpin Team accompagne les entreprises, de l\u2019\u00e9laboration de la strat\u00e9gie de gamification digitale au d\u00e9veloppement de la solution et \u00e0\u00a0sa communication.<\/p>\n<p>C\u2019est cette approche qui a\u00a0pouss\u00e9 les \u00e9quipes de Tessi \u00e0\u00a0d\u00e9velopper une collaboration avec Pinpin Team. La proposition de valeur de ce partenariat, c\u2019est avant tout la visibilit\u00e9. En participant aux Innovation\u00a0Afterwork\u00a0ou au Showcase de Tessi, Pinpin Team est fi\u00e8rement pr\u00e9sent\u00e9e par le P\u00e9pites Shaker aux clients du Groupe.<\/p>\n<p><a href=\"https:\/\/pinpinteam.com\/\" target=\"_blank\" rel=\"noopener noreferrer\">Voir le site Internet<\/a><\/p>\n","protected":false},"excerpt":{"rendered":"<p>L\u2019\u00e9quipe\u00a0du P\u00e9pites Shaker \u00e9tait \u00e0\u00a0la recherche d\u2019une p\u00e9pite de la gamification. Eh bien, elle l\u2019a trouv\u00e9e\u202f! Pinpin Team, c\u2019est la startup qui transpose les m\u00e9caniques de motivation issues du jeu vid\u00e9o aux th\u00e9matiques professionnelles. Cette startup se positionne comme l\u2019agence digitale experte en gamification. Et pour cause, elle s\u2019y conna\u00eet bien car Pinpin Team, c\u2019est [&hellip;]<\/p>\n","protected":false},"author":1,"featured_media":0,"parent":0,"menu_order":220,"comment_status":"closed","ping_status":"closed","template":"page-templates\/type-page.php","meta":{"_acf_changed":false,"footnotes":""},"class_list":["post-7178","page","type-page","status-publish","hentry"],"acf":[],"yoast_head":"<!-- This site is optimized with the Yoast SEO Premium plugin v22.3 (Yoast SEO v27.1.1) - https:\/\/yoast.com\/product\/yoast-seo-premium-wordpress\/ -->\n<title>Pinpin Team - Tessi International<\/title>\n<meta name=\"robots\" content=\"index, follow, max-snippet:-1, max-image-preview:large, max-video-preview:-1\" \/>\n<link rel=\"canonical\" href=\"https:\/\/www.tessi.eu\/fr\/pinpin-team\/\" \/>\n<meta property=\"og:locale\" content=\"fr_FR\" \/>\n<meta property=\"og:type\" content=\"article\" \/>\n<meta property=\"og:title\" content=\"Pinpin Team\" \/>\n<meta property=\"og:description\" content=\"L\u2019\u00e9quipe\u00a0du P\u00e9pites Shaker \u00e9tait \u00e0\u00a0la recherche d\u2019une p\u00e9pite de la gamification. Eh bien, elle l\u2019a trouv\u00e9e\u202f! Pinpin Team, c\u2019est la startup qui transpose les m\u00e9caniques de motivation issues du jeu vid\u00e9o aux th\u00e9matiques professionnelles. Cette startup se positionne comme l\u2019agence digitale experte en gamification. Et pour cause, elle s\u2019y conna\u00eet bien car Pinpin Team, c\u2019est [&hellip;]\" \/>\n<meta property=\"og:url\" content=\"https:\/\/www.tessi.eu\/fr\/pinpin-team\/\" \/>\n<meta property=\"og:site_name\" content=\"Tessi International\" \/>\n<meta property=\"article:modified_time\" content=\"2019-03-22T13:27:45+00:00\" \/>\n<meta name=\"twitter:card\" content=\"summary_large_image\" \/>\n<meta name=\"twitter:label1\" content=\"Dur\u00e9e de lecture estim\u00e9e\" \/>\n\t<meta name=\"twitter:data1\" content=\"2 minutes\" \/>\n<script type=\"application\/ld+json\" class=\"yoast-schema-graph\">{\"@context\":\"https:\/\/schema.org\",\"@graph\":[{\"@type\":\"WebPage\",\"@id\":\"https:\/\/www.tessi.eu\/fr\/pinpin-team\/\",\"url\":\"https:\/\/www.tessi.eu\/fr\/pinpin-team\/\",\"name\":\"Pinpin Team - Tessi International\",\"isPartOf\":{\"@id\":\"https:\/\/www.tessi.eu\/fr\/#website\"},\"datePublished\":\"2019-03-19T11:36:14+00:00\",\"dateModified\":\"2019-03-22T13:27:45+00:00\",\"breadcrumb\":{\"@id\":\"https:\/\/www.tessi.eu\/fr\/pinpin-team\/#breadcrumb\"},\"inLanguage\":\"fr-FR\",\"potentialAction\":[{\"@type\":\"ReadAction\",\"target\":[\"https:\/\/www.tessi.eu\/fr\/pinpin-team\/\"]}]},{\"@type\":\"BreadcrumbList\",\"@id\":\"https:\/\/www.tessi.eu\/fr\/pinpin-team\/#breadcrumb\",\"itemListElement\":[{\"@type\":\"ListItem\",\"position\":1,\"name\":\"Home\",\"item\":\"https:\/\/www.tessi.eu\/fr\/\"},{\"@type\":\"ListItem\",\"position\":2,\"name\":\"Pinpin Team\"}]},{\"@type\":\"WebSite\",\"@id\":\"https:\/\/www.tessi.eu\/fr\/#website\",\"url\":\"https:\/\/www.tessi.eu\/fr\/\",\"name\":\"Tessi International\",\"description\":\"\",\"potentialAction\":[{\"@type\":\"SearchAction\",\"target\":{\"@type\":\"EntryPoint\",\"urlTemplate\":\"https:\/\/www.tessi.eu\/fr\/?s={search_term_string}\"},\"query-input\":{\"@type\":\"PropertyValueSpecification\",\"valueRequired\":true,\"valueName\":\"search_term_string\"}}],\"inLanguage\":\"fr-FR\"}]}<\/script>\n<!-- \/ Yoast SEO Premium plugin. -->","yoast_head_json":{"title":"Pinpin Team - Tessi International","robots":{"index":"index","follow":"follow","max-snippet":"max-snippet:-1","max-image-preview":"max-image-preview:large","max-video-preview":"max-video-preview:-1"},"canonical":"https:\/\/www.tessi.eu\/fr\/pinpin-team\/","og_locale":"fr_FR","og_type":"article","og_title":"Pinpin Team","og_description":"L\u2019\u00e9quipe\u00a0du P\u00e9pites Shaker \u00e9tait \u00e0\u00a0la recherche d\u2019une p\u00e9pite de la gamification. Eh bien, elle l\u2019a trouv\u00e9e\u202f! Pinpin Team, c\u2019est la startup qui transpose les m\u00e9caniques de motivation issues du jeu vid\u00e9o aux th\u00e9matiques professionnelles. Cette startup se positionne comme l\u2019agence digitale experte en gamification. Et pour cause, elle s\u2019y conna\u00eet bien car Pinpin Team, c\u2019est [&hellip;]","og_url":"https:\/\/www.tessi.eu\/fr\/pinpin-team\/","og_site_name":"Tessi International","article_modified_time":"2019-03-22T13:27:45+00:00","twitter_card":"summary_large_image","twitter_misc":{"Dur\u00e9e de lecture estim\u00e9e":"2 minutes"},"schema":{"@context":"https:\/\/schema.org","@graph":[{"@type":"WebPage","@id":"https:\/\/www.tessi.eu\/fr\/pinpin-team\/","url":"https:\/\/www.tessi.eu\/fr\/pinpin-team\/","name":"Pinpin Team - Tessi International","isPartOf":{"@id":"https:\/\/www.tessi.eu\/fr\/#website"},"datePublished":"2019-03-19T11:36:14+00:00","dateModified":"2019-03-22T13:27:45+00:00","breadcrumb":{"@id":"https:\/\/www.tessi.eu\/fr\/pinpin-team\/#breadcrumb"},"inLanguage":"fr-FR","potentialAction":[{"@type":"ReadAction","target":["https:\/\/www.tessi.eu\/fr\/pinpin-team\/"]}]},{"@type":"BreadcrumbList","@id":"https:\/\/www.tessi.eu\/fr\/pinpin-team\/#breadcrumb","itemListElement":[{"@type":"ListItem","position":1,"name":"Home","item":"https:\/\/www.tessi.eu\/fr\/"},{"@type":"ListItem","position":2,"name":"Pinpin Team"}]},{"@type":"WebSite","@id":"https:\/\/www.tessi.eu\/fr\/#website","url":"https:\/\/www.tessi.eu\/fr\/","name":"Tessi International","description":"","potentialAction":[{"@type":"SearchAction","target":{"@type":"EntryPoint","urlTemplate":"https:\/\/www.tessi.eu\/fr\/?s={search_term_string}"},"query-input":{"@type":"PropertyValueSpecification","valueRequired":true,"valueName":"search_term_string"}}],"inLanguage":"fr-FR"}]}},"_links":{"self":[{"href":"https:\/\/www.tessi.eu\/fr\/wp-json\/wp\/v2\/pages\/7178\/"}],"collection":[{"href":"https:\/\/www.tessi.eu\/fr\/wp-json\/wp\/v2\/pages\/"}],"about":[{"href":"https:\/\/www.tessi.eu\/fr\/wp-json\/wp\/v2\/types\/page\/"}],"author":[{"embeddable":true,"href":"https:\/\/www.tessi.eu\/fr\/wp-json\/wp\/v2\/users\/1\/"}],"replies":[{"embeddable":true,"href":"https:\/\/www.tessi.eu\/fr\/wp-json\/wp\/v2\/comments\/?post=7178"}],"version-history":[{"count":0,"href":"https:\/\/www.tessi.eu\/fr\/wp-json\/wp\/v2\/pages\/7178\/revisions\/"}],"wp:attachment":[{"href":"https:\/\/www.tessi.eu\/fr\/wp-json\/wp\/v2\/media\/?parent=7178"}],"curies":[{"name":"wp","href":"https:\/\/api.w.org\/{rel}","templated":true}]}}