{"id":7171,"date":"2019-03-19T13:10:04","date_gmt":"2019-03-19T11:10:04","guid":{"rendered":"https:\/\/www.tessi.eu\/?page_id=7171"},"modified":"2026-02-02T10:27:37","modified_gmt":"2026-02-02T09:27:37","slug":"pepites-shaker","status":"publish","type":"page","link":"https:\/\/www.tessi.eu\/fr\/pepites-shaker\/","title":{"rendered":"P\u00e9pites Shaker"},"content":{"rendered":"<h2>P\u00e9pites Shaker : boostez votre potentiel d\u2019innovation<\/h2>\n<h3>Gagnez en efficience<\/h3>\n<p>Avec P\u00e9pites Shaker, notre programme con\u00e7u pour acc\u00e9l\u00e9rer et s\u00e9curiser le process d\u2019innovation.<br \/>\nR\u00e9aliste, concret, business-minded : il est con\u00e7u pour vous aider \u00e0 penser vos innovations et leur donner plus d\u2019impact.<br \/>\nDans une \u00e9conomie o\u00f9 les id\u00e9es et la rapidit\u00e9 de leur d\u00e9veloppement sont d\u00e9terminantes, dans vos m\u00e9tiers o\u00f9 la ma\u00eetrise et la prospective technologique sont incontournables, il vous faut viser juste.<\/p>\n<h3>P\u00e9pites Shaker : l\u2019innovation, le pragmatisme en plus<\/h3>\n<p>Elabor\u00e9e par Tessi, cette offre \u00e0 plusieurs facettes s\u2019ajuste \u00e0 la maturit\u00e9 de votre probl\u00e9matique. Elle repose sur une connexion sur-mesure entre entreprises et startups. Nous identifions le sujet avec vous, nous rep\u00e9rons les startups pertinentes, et nous nous positionnons en catalyseur de cette co-construction.<\/p>\n<h3>Une forte valeur ajout\u00e9e pour tout notre \u00e9cosyst\u00e8me<\/h3>\n<ul>\n<li><strong>Les entreprises que nous accompagnons gagnent en perspectives :<\/strong> elles b\u00e9n\u00e9ficient de notre accompagnement sur-mesure, adapt\u00e9 \u00e0 l\u2019avancement de leurs sujets. Avec, \u00e0 la cl\u00e9, une prise de hauteur et l\u2019adoption d\u2019une d\u00e9marche prospective pour leurs \u00e9quipes. Les startups avec lesquelles nous nouons des partenariats leur font b\u00e9n\u00e9ficier de leur approche innovante de la technologie et de l\u2019exp\u00e9rience utilisateur. C\u2019est l\u2019assurance de concr\u00e9tiser ses projets d\u2019innovation.<\/li>\n<li><strong>Les startups que nous rep\u00e9rons ont l\u2019opportunit\u00e9 d\u2019\u00e9changer<\/strong> et de travailler sur des solutions concr\u00e8tes, avec nous et avec nos entreprises clientes. Sur leurs sujets, ils peuvent aller plus vite et viser grand.<\/li>\n<li><strong>La co-construction avec les startups s\u00e9lectionn\u00e9es nourrit notre propre R&amp;D<\/strong>, en lien avec le Tessi LAB et le CETIA \u2013 Centre d\u2019Excellence Tessi en Intelligence Automation. Cette collaboration est \u00e9galement \u00e0 l\u2019\u0153uvre avec nos experts m\u00e9tiers (relation clients, assurance, banque, paiement, sant\u00e9\u2026) et nous permet aussi de cr\u00e9er des solutions pour nos clients, \u00e0 court terme.<\/li>\n<\/ul>\n<h2>Une offre, plusieurs formats pour r\u00e9pondre \u00e0 vos probl\u00e9matiques<\/h2>\n<div style=\"margin-left: 20px;\">\n<h4 style=\"text-indent: -20px;\">1. Vous devez affiner vos enjeux d\u2019innovation, challenger vos produits ou services ?<\/h4>\n<p style=\"text-indent: -20px;\"><strong>Gagnez du temps<\/strong> avec :<\/p>\n<ul>\n<li><strong>LE BRIEF :<\/strong> vous cernez d\u00e9j\u00e0 les solutions \u00e0 trouver ? Nous venons vous rencontrer pour comprendre et challenger vos attentes. L\u2019objectif est ensuite de vous trouver la bonne startup avec laquelle avancer.<\/li>\n<li><strong>ET L\u2019ATELIER :<\/strong> vous avez besoin de prendre de la hauteur ? Offrez-vous une demi-journ\u00e9e avec un expert en design de services et un membre du P\u00e9pites Shaker. Avec une dizaine de vos collaborateurs, explorez vos probl\u00e9matiques d\u2019innovation pour aller vers du concret.<\/li>\n<\/ul>\n<h4 style=\"text-indent: -20px;\">2. Vous voulez collaborer avec une startup mais n\u2019avez pas le temps de trouver la bonne parmi les 10 000 qui existent en France ?<\/h4>\n<p style=\"text-indent: -20px;\"><strong>Profitez de notre SOURCING STARTUPS<\/strong><\/p>\n<p>L\u2019innovation est au c\u0153ur de nos m\u00e9tiers et nous connaissons la force de la co-construction. Nous avons donc d\u00e9velopp\u00e9 une m\u00e9thode pour s\u00e9lectionner les startups avec lesquelles collaborer. Notre offre SOURCING STARTUPS s\u2019appuie sur cette expertise. Nous identifions, pour vous, 3 \u00e0 5 startups qualifi\u00e9es : 2 \u00e0 4 \u00e0 100% dans le domaine vis\u00e9, et 1 startup \u00ab coup de c\u0153ur \u00bb pour renforcer l\u2019approche \u00ab out of the box \u00bb.<\/p>\n<h4 style=\"text-indent: -20px;\">3. Vous devez former et acculturer vos \u00e9quipes \u00e0 l\u2019innovation et ses enjeux, \u00e0 de nouvelles solutions technologiques ?<\/h4>\n<p style=\"text-indent: -20px;\"><strong>Deux formats d\u2019\u00e9v\u00e9nements s\u2019offrent \u00e0 vous :<\/strong><\/p>\n<ul>\n<li><strong>WAKE UP<\/strong><br \/>\nUn expert des sujets les plus disruptifs dialogue avec vos \u00e9quipes, pour aff\u00fbter votre vision prospective. Une occasion unique de challenger vos id\u00e9es et de clarifier vos enjeux.<\/li>\n<li><strong>INNOVATION AFTERWORK<\/strong><br \/>\nDes pitchs constructifs pour r\u00e9pondre \u00e0 votre besoin d\u2019acculturation. Vos \u00e9quipes \u00e9changent avec des experts, avec des startups qui collent \u00e0 leurs sujets. Tables rondes, animations ludiques, animation d\u00e9sign\u00e9e et assur\u00e9e par un membre de P\u00e9pites Shaker : tout est pens\u00e9 pour favoriser le dialogue et le partage de connaissances.<br \/>\n<i>Situation sanitaire oblige, ces deux formats d\u2019\u00e9v\u00e9nement existent online !<\/i><\/li>\n<\/ul>\n<h4 style=\"text-indent: -20px;\">4. Pour ancrer l\u2019intelligence collective dans le temps nous avons cr\u00e9\u00e9 la PLATEFORME PEPITES SHAKER<\/h4>\n<p>Elle r\u00e9unit des cas concrets, des contenus qui croisent vos probl\u00e9matiques sp\u00e9cifiques : pr\u00e9sentations des startups, tendances, partage de connaissances sur les sujets cl\u00e9s.<br \/>\nElle favorise les liens entre acteurs de notre \u00e9cosyst\u00e8me.<\/p>\n<p>&nbsp;<\/p>\n<div align=\"center\"><img decoding=\"async\" src=\"https:\/\/www.tessi.eu\/wp-content\/uploads\/2020\/10\/image-intro-email-startups-externes.png\" width=\"600\" \/><\/div>\n<p>&nbsp;<\/p>\n    <div class=\"popins\">\n            <div class=\"popin upload-file custom_form\">\n                <div class=\"popin-box\">\n                    <div class=\"page-template-contact\">\n                        <div class=\"formulaire form\">\n                                <a href=\"#\" class=\"close\" title=\"Fermer\">\n                                    <?xml version=\"1.0\" encoding=\"UTF-8\"?>\n<svg width=\"17px\" height=\"17px\" viewBox=\"0 0 17 17\" version=\"1.1\" xmlns=\"http:\/\/www.w3.org\/2000\/svg\" xmlns:xlink=\"http:\/\/www.w3.org\/1999\/xlink\">\n    <!-- Generator: sketchtool 52.5 (67469) - http:\/\/www.bohemiancoding.com\/sketch -->\n    <title>7E42CFC0-58CA-4426-BC01-B88A817CAA43<\/title>\n    <desc>Created with sketchtool.<\/desc>\n    <g stroke=\"none\" stroke-width=\"1\" fill=\"none\" fill-rule=\"evenodd\">\n        <g transform=\"translate(-281.000000, -21.000000)\" fill=\"#FFFFFF\" fill-rule=\"nonzero\">\n            <path d=\"M288.926165,28.9261655 L288.926165,19.3492424 L290.926165,19.3492424 L290.926165,28.9261655 L300.349242,28.9261655 L300.349242,30.9261655 L290.926165,30.9261655 L290.926165,40.3492424 L288.926165,40.3492424 L288.926165,30.9261655 L279.349242,30.9261655 L279.349242,28.9261655 L288.926165,28.9261655 Z\" id=\"Combined-Shape\" transform=\"translate(289.849242, 29.849242) rotate(-225.000000) translate(-289.849242, -29.849242) \"><\/path>\n        <\/g>\n    <\/g>\n<\/svg>                                <\/a>\n                                <span class=\"popin-title\">Demandez votre acc\u00e8s<\/span>\n                                \n<div class=\"wpcf7 no-js\" id=\"wpcf7-f13725-o1\" lang=\"fr-FR\" dir=\"ltr\" data-wpcf7-id=\"13725\">\n<div class=\"screen-reader-response\"><p role=\"status\" aria-live=\"polite\" aria-atomic=\"true\"><\/p> <ul><\/ul><\/div>\n<form action=\"\/fr\/wp-json\/wp\/v2\/pages\/7171\/#wpcf7-f13725-o1\" method=\"post\" class=\"wpcf7-form init\" aria-label=\"Formulaire de contact\" novalidate=\"novalidate\" data-status=\"init\">\n<fieldset class=\"hidden-fields-container\"><input type=\"hidden\" name=\"_wpcf7\" value=\"13725\" \/><input type=\"hidden\" name=\"_wpcf7_version\" value=\"6.1.5\" \/><input type=\"hidden\" name=\"_wpcf7_locale\" value=\"fr_FR\" \/><input type=\"hidden\" name=\"_wpcf7_unit_tag\" value=\"wpcf7-f13725-o1\" \/><input type=\"hidden\" name=\"_wpcf7_container_post\" value=\"0\" \/><input type=\"hidden\" name=\"_wpcf7_posted_data_hash\" value=\"\" \/><input type=\"hidden\" name=\"_wpcf7cf_hidden_group_fields\" value=\"[]\" \/><input type=\"hidden\" name=\"_wpcf7cf_hidden_groups\" value=\"[]\" \/><input type=\"hidden\" name=\"_wpcf7cf_visible_groups\" value=\"[]\" \/><input type=\"hidden\" name=\"_wpcf7cf_repeaters\" value=\"[]\" \/><input type=\"hidden\" name=\"_wpcf7cf_steps\" value=\"{}\" \/><input type=\"hidden\" name=\"_wpcf7cf_options\" value=\"{&quot;form_id&quot;:13725,&quot;conditions&quot;:[],&quot;settings&quot;:{&quot;animation&quot;:&quot;yes&quot;,&quot;animation_intime&quot;:200,&quot;animation_outtime&quot;:200,&quot;conditions_ui&quot;:&quot;normal&quot;,&quot;notice_dismissed&quot;:false,&quot;notice_dismissed_rollback-cf7-5.6.3&quot;:true}}\" \/><input type=\"hidden\" name=\"_wpcf7dtx_version\" value=\"5.0.5\" \/>\n<\/fieldset>\n<h3>Vos <span class=\"text-degrade\">informations<\/span> :\n<\/h3>\n<h5><sup>*<\/sup> Les champs suivis d\u2019un ast\u00e9risque sont obligatoires.\n<\/h5>\n<fieldset>\n\t<div class=\"form-row\">\n\t\t<div class=\"col-50 custom-input\">\n\t\t\t<p><span class=\"wpcf7-form-control-wrap\" data-autocomplete=\"given-name\" autocomplete=\"given-name\" name=\"firstname\"><input  maxlength=\"400\" class=\"wpcf7-form-control wpcf7-text wpcf7-validates-as-required form-control\" aria-required=\"true\" aria-invalid=\"false\" placeholder=\"Votre pr\u00e9nom*\" value=\"\" type=\"text\" autocomplete=\"given-name\" autocomplete=\"given-name\" name=\"firstname\" \/><\/span>\n\t\t\t<\/p>\n\t\t<\/div>\n\t\t<div class=\"col-50 custom-input\">\n\t\t\t<p><span class=\"wpcf7-form-control-wrap\" data-autocomplete=\"family-name\" name=\"lastname\"><input  maxlength=\"400\" class=\"wpcf7-form-control wpcf7-text wpcf7-validates-as-required form-control\" aria-required=\"true\" aria-invalid=\"false\" placeholder=\"Votre nom*\" value=\"\" type=\"text\" autocomplete=\"family-name\" name=\"lastname\" \/><\/span>\n\t\t\t<\/p>\n\t\t<\/div>\n\t\t<div class=\"col-50 custom-input\">\n\t\t\t<p><span class=\"wpcf7-form-control-wrap\" data-name=\"company\"><input  maxlength=\"400\" class=\"wpcf7-form-control wpcf7-text wpcf7-validates-as-required form-control\" aria-required=\"true\" aria-invalid=\"false\" placeholder=\"Votre soci\u00e9t\u00e9*\" value=\"\" type=\"text\" name=\"company\" \/><\/span>\n\t\t\t<\/p>\n\t\t<\/div>\n\t\t<div class=\"col-50 custom-input\">\n\t\t\t<p><span class=\"wpcf7-form-control-wrap\" data-name=\"position\"><input  maxlength=\"400\" class=\"wpcf7-form-control wpcf7-text form-control\" aria-invalid=\"false\" placeholder=\"Votre fonction\" value=\"\" type=\"text\" name=\"position\" \/><\/span>\n\t\t\t<\/p>\n\t\t<\/div>\n\t<\/div>\n\t<div class=\"form-row\">\n\t\t<div class=\"col-50 custom-input\">\n\t\t\t<p><span class=\"wpcf7-form-control-wrap\" data-name=\"email\"><input  maxlength=\"400\" class=\"wpcf7-form-control wpcf7-email wpcf7-validates-as-required wpcf7-text wpcf7-validates-as-email form-control\" aria-required=\"true\" aria-invalid=\"false\" placeholder=\"Votre email*\" value=\"\" autocomplete=\"email\" type=\"email\" title=\"Sous le format nom@domaine.fr\" name=\"email\" \/><\/span>\n\t\t\t<\/p>\n\t\t<\/div>\n\t\t<div class=\"col-50 custom-input\">\n\t\t\t<p><span class=\"wpcf7-form-control-wrap\" data-autocomplete=\"tel\" name=\"phone\" title=\"Sous le format +330102030405\"><input  maxlength=\"400\" class=\"wpcf7-form-control wpcf7-text form-control\" aria-invalid=\"false\" placeholder=\"Votre t\u00e9l\u00e9phone\" value=\"\" type=\"text\" autocomplete=\"tel\" name=\"phone\" title=\"Sous le format +330102030405\" \/><\/span>\n\t\t\t<\/p>\n\t\t<\/div>\n\t<\/div>\n<\/fieldset>\n<h3>Votre <span class=\"text-degrade\">message<\/span> :\n<\/h3>\n<fieldset>\n\t<div class=\"form-row\">\n\t\t<div class=\"col-auto custom-input\">\n\t\t\t<p><span class=\"wpcf7-form-control-wrap\" data-name=\"subject\"><select class=\"wpcf7-form-control wpcf7-select wpcf7-validates-as-required required\" aria-required=\"true\" aria-invalid=\"false\" name=\"subject\"><option value=\"Demande d&#039;acc\u00e8s \u00e0 la plateforme P\u00e9pites Shaker\">Demande d&#039;acc\u00e8s \u00e0 la plateforme P\u00e9pites Shaker<\/option><\/select><\/span>\n\t\t\t<\/p>\n\t\t<\/div>\n\t<\/div>\n\t<div class=\"form-row\">\n\t\t<div class=\"col-auto custom-input\">\n\t\t\t<p><span class=\"wpcf7-form-control-wrap\" data-name=\"textarea-253\"><textarea cols=\"40\" rows=\"10\" maxlength=\"2000\" class=\"wpcf7-form-control wpcf7-textarea\" aria-invalid=\"false\" placeholder=\"D\u00e9posez votre message\" name=\"textarea-253\"><\/textarea><\/span>\n\t\t\t<\/p>\n\t\t<\/div>\n\t<\/div>\n<\/fieldset>\n<fieldset>\n\t<div class=\"form-check\">\n\t\t<p><span class=\"wpcf7-form-control-wrap\" data-name=\"subscribe-newsletter\"><span class=\"wpcf7-form-control wpcf7-acceptance optional\"><span class=\"wpcf7-list-item\"><label><input type=\"checkbox\" name=\"subscribe-newsletter\" value=\"1\" aria-invalid=\"false\" \/><span class=\"wpcf7-list-item-label\">Recevoir les informations et actualit\u00e9s de Tessi par e-mail<\/span><\/label><\/span><\/span><\/span>\n\t\t<\/p>\n\t<\/div>\n\t<div class=\"form-check rgpd\">\n\t\t<p>Les finalit\u00e9s des traitements que Tessi effectue sont les suivantes : envoi d\u2019informations commerciales et\/ou de notifications et\/ou de documents demand\u00e9s, gestion des relations avec nos prospects et\/ou nos clients et\/ou nos partenaires. <a href=\"https:\/\/www.tessi.eu\/fr\/politique-dutilisation-des-donnees-personnelles\/\" target=\"_blank\" style=\"color:black !important;\">En savoir plus<\/a>.\n\t\t<\/p>\n\t<\/div>\n<\/fieldset>\n<div class=\"button-wrapper\">\n\t<div class=\"capcha\">\n\t\t<p><div class=\"orange_captcha_wrapper hidden wpcf7-form-control wpcf7-orange_captcha\" data-type=\"IMAGE\" data-locale=\"fr\"><div class=\"captcha\"><div class=\"element \" data-type=\"IMAGE\"><img decoding=\"async\" data-no-lazy=\"1\" src=\"\" alt=\"Captcha visuel\"\/><\/div><div class=\"element hidden\" data-type=\"AUDIO\"><audio title=\"Captcha audio\" controls><source data-no-lazy=\"1\" src=\"\" type=\"audio\/wav\">Your browser does not support the audio element.<\/audio><\/div><div class=\"controls\"><a href=\"\" data-action=\"switch\" title=\"Basculer vers audio\" data-type=\"AUDIO\"><img decoding=\"async\" data-no-lazy=\"1\" src=\"https:\/\/www.tessi.eu\/wp-content\/plugins\/orange-captcha\/assets\/img\/AUDIO.svg\"\/><\/a><a href=\"\" title=\"Rafra\u00eechir\" data-action=\"refresh\"><img decoding=\"async\" data-no-lazy=\"1\" src=\"https:\/\/www.tessi.eu\/wp-content\/plugins\/orange-captcha\/assets\/img\/refresh.svg\"\/><\/a><\/div><\/div><div class=\"input\"><span class=\"wpcf7-form-control-wrap orange_captcha\"><input type=\"text\" class=\"orange_captcha_answer\" autocomplete=\"off\" aria-invalid=\"false\" required aria-required=\"false\" name=\"orange_captcha[answer]\" placeholder=\"Saisir le code ci-dessus\" \/><\/span><input type=\"hidden\" class=\"orange_captcha_id\" name=\"orange_captcha[id]\" value=\"\"\/><\/div><\/div>\n\t\t<\/p>\n\t<\/div>\n\t<div class=\"cta-container\">\n\t\t<div class=\"btn-new btn-border-degrade\">\n\t\t\t<div class=\"btn-border-degrade-content btn-border-degrade-content-with-input\">\n\t\t\t\t<p><input class=\"wpcf7-form-control wpcf7-submit has-spinner text\" type=\"submit\" value=\"Envoyez\" \/>\n\t\t\t\t<\/p>\n\t\t\t<\/div>\n\t\t<\/div>\n\t<\/div>\n<\/div>\n<input class=\"wpcf7-form-control wpcf7-hidden\" value=\"fr\" type=\"hidden\" name=\"current_lang\" \/>\n<input class=\"wpcf7-form-control wpcf7-hidden\" value=\"7171\" type=\"hidden\" name=\"current_post\" \/>\n<input class=\"wpcf7-form-control wpcf7-hidden\" value=\"form_popin_custom\" type=\"hidden\" name=\"dl_type\" \/><div class=\"wpcf7-response-output\" aria-hidden=\"true\"><\/div>\n<\/form>\n<\/div>\n                        <\/div>\n                    <\/div>\n\n                <\/div>\n            <\/div>\n        <\/div>\n        <div class=\"wrapper-cta-popin-custom\" style=\"text-align:center\">\n\t\t\t<a href=\"#\"\n\t\t\tclass=\"active-popin-upload-file btn-new btn-arrow btn-border-degrade\"\n\t\t\ttarget=\"_blank\">\n\t\t\t<div class=\"btn-border-degrade-content white\">\n\t\t\t\t\t<span class=\"text\">Demandez votre acc\u00e8s<\/span>\n\t\t\t<\/div>\n\t\t\t<\/a>\n        <\/div>\n    \n<\/div>\n<p>&nbsp;<\/p>\n<h2>Ils t\u00e9moignent<\/h2>\n<p style=\"margin-bottom: 0px;\"><i>\u00ab\u00a0L\u2019acc\u00e8s \u00e0 des \u00e9v\u00e9nements ponctuels a dop\u00e9 notre visibilit\u00e9 et g\u00e9n\u00e9r\u00e9 des opportunit\u00e9s commerciales. On a notamment particip\u00e9 au Showcase Tessi, o\u00f9 on a pr\u00e9sent\u00e9 notre techno devant une cinquantaine de pros de l&rsquo;assurance. Et nous avons un acc\u00e8s privil\u00e9gi\u00e9 aux \u00e9quipes Tessi pour monter ensemble sur des opportunit\u00e9s commerciales.\u00a0\u00bb<\/i><\/p>\n<div align=\"right\"><strong>Alexandre Courbin, Marketing Manager de la startup Calldesk<\/strong> &#8211; <a href=\"https:\/\/calldesk.ai\/\" target=\"_blank\" rel=\"noopener noreferrer\">https:\/\/calldesk.ai\/<\/a><\/div>\n<p>&nbsp;<\/p>\n<p style=\"margin-bottom: 0px;\"><i>\u00ab\u00a0Nous avons organis\u00e9 deux \u00e9v\u00e9nements d\u2019innovation successifs avec P\u00e9pites Shaker. Apr\u00e8s les retours extr\u00eamement positifs des collaborateurs pour le premier \u00e9v\u00e9nement, nous avons d\u00e9cid\u00e9 de reconduire cette exp\u00e9rience sur la th\u00e9matique des nouveaux moyens de paiement pour l\u2019ensemble des collaborateurs du d\u00e9partement et des invit\u00e9s m\u00e9tier. Ce moment dynamique, percutant et inspirant nous a permis de sortir de notre quotidien, de prendre de la hauteur et d\u2019adopter une d\u00e9marche prospective pour r\u00e9fl\u00e9chir aux solutions de demain qui feront la diff\u00e9rence pour nos clients.\u00a0\u00bb<\/i><\/p>\n<div align=\"right\"><strong>Philippe Gillet, Responsable du D\u00e9partement Fili\u00e8re Flux France, BNP Paribas.<\/strong><\/div>\n<p>&nbsp;<\/p>\n","protected":false},"excerpt":{"rendered":"<p>P\u00e9pites Shaker : boostez votre potentiel d\u2019innovation Gagnez en efficience Avec P\u00e9pites Shaker, notre programme con\u00e7u pour acc\u00e9l\u00e9rer et s\u00e9curiser le process d\u2019innovation. R\u00e9aliste, concret, business-minded : il est con\u00e7u pour vous aider \u00e0 penser vos innovations et leur donner plus d\u2019impact. Dans une \u00e9conomie o\u00f9 les id\u00e9es et la rapidit\u00e9 de leur d\u00e9veloppement sont [&hellip;]<\/p>\n","protected":false},"author":1,"featured_media":0,"parent":0,"menu_order":244,"comment_status":"closed","ping_status":"closed","template":"page-templates\/type-page.php","meta":{"_acf_changed":false,"footnotes":""},"class_list":["post-7171","page","type-page","status-publish","hentry"],"acf":[],"yoast_head":"<!-- This site is optimized with the Yoast SEO Premium plugin v22.3 (Yoast SEO v27.1.1) - https:\/\/yoast.com\/product\/yoast-seo-premium-wordpress\/ -->\n<title>P\u00e9pites Shaker - Tessi International<\/title>\n<meta name=\"robots\" content=\"index, follow, max-snippet:-1, max-image-preview:large, max-video-preview:-1\" \/>\n<link rel=\"canonical\" href=\"https:\/\/www.tessi.eu\/fr\/pepites-shaker\/\" \/>\n<meta property=\"og:locale\" content=\"fr_FR\" \/>\n<meta property=\"og:type\" content=\"article\" \/>\n<meta property=\"og:title\" content=\"P\u00e9pites Shaker\" \/>\n<meta property=\"og:description\" content=\"P\u00e9pites Shaker : boostez votre potentiel d\u2019innovation Gagnez en efficience Avec P\u00e9pites Shaker, notre programme con\u00e7u pour acc\u00e9l\u00e9rer et s\u00e9curiser le process d\u2019innovation. R\u00e9aliste, concret, business-minded : il est con\u00e7u pour vous aider \u00e0 penser vos innovations et leur donner plus d\u2019impact. Dans une \u00e9conomie o\u00f9 les id\u00e9es et la rapidit\u00e9 de leur d\u00e9veloppement sont [&hellip;]\" \/>\n<meta property=\"og:url\" content=\"https:\/\/www.tessi.eu\/fr\/pepites-shaker\/\" \/>\n<meta property=\"og:site_name\" content=\"Tessi International\" \/>\n<meta property=\"article:modified_time\" content=\"2026-02-02T09:27:37+00:00\" \/>\n<meta property=\"og:image\" content=\"https:\/\/www.tessi.eu\/wp-content\/uploads\/2020\/10\/image-intro-email-startups-externes.png\" \/>\n<meta name=\"twitter:card\" content=\"summary_large_image\" \/>\n<meta name=\"twitter:label1\" content=\"Dur\u00e9e de lecture estim\u00e9e\" \/>\n\t<meta name=\"twitter:data1\" content=\"5 minutes\" \/>\n<script type=\"application\/ld+json\" class=\"yoast-schema-graph\">{\"@context\":\"https:\/\/schema.org\",\"@graph\":[{\"@type\":\"WebPage\",\"@id\":\"https:\/\/www.tessi.eu\/fr\/pepites-shaker\/\",\"url\":\"https:\/\/www.tessi.eu\/fr\/pepites-shaker\/\",\"name\":\"P\u00e9pites Shaker - Tessi International\",\"isPartOf\":{\"@id\":\"https:\/\/www.tessi.eu\/fr\/#website\"},\"primaryImageOfPage\":{\"@id\":\"https:\/\/www.tessi.eu\/fr\/pepites-shaker\/#primaryimage\"},\"image\":{\"@id\":\"https:\/\/www.tessi.eu\/fr\/pepites-shaker\/#primaryimage\"},\"thumbnailUrl\":\"https:\/\/www.tessi.eu\/wp-content\/uploads\/2020\/10\/image-intro-email-startups-externes.png\",\"datePublished\":\"2019-03-19T11:10:04+00:00\",\"dateModified\":\"2026-02-02T09:27:37+00:00\",\"breadcrumb\":{\"@id\":\"https:\/\/www.tessi.eu\/fr\/pepites-shaker\/#breadcrumb\"},\"inLanguage\":\"fr-FR\",\"potentialAction\":[{\"@type\":\"ReadAction\",\"target\":[\"https:\/\/www.tessi.eu\/fr\/pepites-shaker\/\"]}]},{\"@type\":\"ImageObject\",\"inLanguage\":\"fr-FR\",\"@id\":\"https:\/\/www.tessi.eu\/fr\/pepites-shaker\/#primaryimage\",\"url\":\"https:\/\/www.tessi.eu\/wp-content\/uploads\/2020\/10\/image-intro-email-startups-externes.png\",\"contentUrl\":\"https:\/\/www.tessi.eu\/wp-content\/uploads\/2020\/10\/image-intro-email-startups-externes.png\"},{\"@type\":\"BreadcrumbList\",\"@id\":\"https:\/\/www.tessi.eu\/fr\/pepites-shaker\/#breadcrumb\",\"itemListElement\":[{\"@type\":\"ListItem\",\"position\":1,\"name\":\"Home\",\"item\":\"https:\/\/www.tessi.eu\/fr\/\"},{\"@type\":\"ListItem\",\"position\":2,\"name\":\"P\u00e9pites Shaker\"}]},{\"@type\":\"WebSite\",\"@id\":\"https:\/\/www.tessi.eu\/fr\/#website\",\"url\":\"https:\/\/www.tessi.eu\/fr\/\",\"name\":\"Tessi International\",\"description\":\"\",\"potentialAction\":[{\"@type\":\"SearchAction\",\"target\":{\"@type\":\"EntryPoint\",\"urlTemplate\":\"https:\/\/www.tessi.eu\/fr\/?s={search_term_string}\"},\"query-input\":{\"@type\":\"PropertyValueSpecification\",\"valueRequired\":true,\"valueName\":\"search_term_string\"}}],\"inLanguage\":\"fr-FR\"}]}<\/script>\n<!-- \/ Yoast SEO Premium plugin. -->","yoast_head_json":{"title":"P\u00e9pites Shaker - Tessi International","robots":{"index":"index","follow":"follow","max-snippet":"max-snippet:-1","max-image-preview":"max-image-preview:large","max-video-preview":"max-video-preview:-1"},"canonical":"https:\/\/www.tessi.eu\/fr\/pepites-shaker\/","og_locale":"fr_FR","og_type":"article","og_title":"P\u00e9pites Shaker","og_description":"P\u00e9pites Shaker : boostez votre potentiel d\u2019innovation Gagnez en efficience Avec P\u00e9pites Shaker, notre programme con\u00e7u pour acc\u00e9l\u00e9rer et s\u00e9curiser le process d\u2019innovation. R\u00e9aliste, concret, business-minded : il est con\u00e7u pour vous aider \u00e0 penser vos innovations et leur donner plus d\u2019impact. Dans une \u00e9conomie o\u00f9 les id\u00e9es et la rapidit\u00e9 de leur d\u00e9veloppement sont [&hellip;]","og_url":"https:\/\/www.tessi.eu\/fr\/pepites-shaker\/","og_site_name":"Tessi International","article_modified_time":"2026-02-02T09:27:37+00:00","og_image":[{"url":"https:\/\/www.tessi.eu\/wp-content\/uploads\/2020\/10\/image-intro-email-startups-externes.png","type":"","width":"","height":""}],"twitter_card":"summary_large_image","twitter_misc":{"Dur\u00e9e de lecture estim\u00e9e":"5 minutes"},"schema":{"@context":"https:\/\/schema.org","@graph":[{"@type":"WebPage","@id":"https:\/\/www.tessi.eu\/fr\/pepites-shaker\/","url":"https:\/\/www.tessi.eu\/fr\/pepites-shaker\/","name":"P\u00e9pites Shaker - Tessi International","isPartOf":{"@id":"https:\/\/www.tessi.eu\/fr\/#website"},"primaryImageOfPage":{"@id":"https:\/\/www.tessi.eu\/fr\/pepites-shaker\/#primaryimage"},"image":{"@id":"https:\/\/www.tessi.eu\/fr\/pepites-shaker\/#primaryimage"},"thumbnailUrl":"https:\/\/www.tessi.eu\/wp-content\/uploads\/2020\/10\/image-intro-email-startups-externes.png","datePublished":"2019-03-19T11:10:04+00:00","dateModified":"2026-02-02T09:27:37+00:00","breadcrumb":{"@id":"https:\/\/www.tessi.eu\/fr\/pepites-shaker\/#breadcrumb"},"inLanguage":"fr-FR","potentialAction":[{"@type":"ReadAction","target":["https:\/\/www.tessi.eu\/fr\/pepites-shaker\/"]}]},{"@type":"ImageObject","inLanguage":"fr-FR","@id":"https:\/\/www.tessi.eu\/fr\/pepites-shaker\/#primaryimage","url":"https:\/\/www.tessi.eu\/wp-content\/uploads\/2020\/10\/image-intro-email-startups-externes.png","contentUrl":"https:\/\/www.tessi.eu\/wp-content\/uploads\/2020\/10\/image-intro-email-startups-externes.png"},{"@type":"BreadcrumbList","@id":"https:\/\/www.tessi.eu\/fr\/pepites-shaker\/#breadcrumb","itemListElement":[{"@type":"ListItem","position":1,"name":"Home","item":"https:\/\/www.tessi.eu\/fr\/"},{"@type":"ListItem","position":2,"name":"P\u00e9pites Shaker"}]},{"@type":"WebSite","@id":"https:\/\/www.tessi.eu\/fr\/#website","url":"https:\/\/www.tessi.eu\/fr\/","name":"Tessi International","description":"","potentialAction":[{"@type":"SearchAction","target":{"@type":"EntryPoint","urlTemplate":"https:\/\/www.tessi.eu\/fr\/?s={search_term_string}"},"query-input":{"@type":"PropertyValueSpecification","valueRequired":true,"valueName":"search_term_string"}}],"inLanguage":"fr-FR"}]}},"_links":{"self":[{"href":"https:\/\/www.tessi.eu\/fr\/wp-json\/wp\/v2\/pages\/7171\/"}],"collection":[{"href":"https:\/\/www.tessi.eu\/fr\/wp-json\/wp\/v2\/pages\/"}],"about":[{"href":"https:\/\/www.tessi.eu\/fr\/wp-json\/wp\/v2\/types\/page\/"}],"author":[{"embeddable":true,"href":"https:\/\/www.tessi.eu\/fr\/wp-json\/wp\/v2\/users\/1\/"}],"replies":[{"embeddable":true,"href":"https:\/\/www.tessi.eu\/fr\/wp-json\/wp\/v2\/comments\/?post=7171"}],"version-history":[{"count":10,"href":"https:\/\/www.tessi.eu\/fr\/wp-json\/wp\/v2\/pages\/7171\/revisions\/"}],"predecessor-version":[{"id":67440,"href":"https:\/\/www.tessi.eu\/fr\/wp-json\/wp\/v2\/pages\/7171\/revisions\/67440\/"}],"wp:attachment":[{"href":"https:\/\/www.tessi.eu\/fr\/wp-json\/wp\/v2\/media\/?parent=7171"}],"curies":[{"name":"wp","href":"https:\/\/api.w.org\/{rel}","templated":true}]}}