{"id":6988,"date":"2019-03-17T11:50:33","date_gmt":"2019-03-17T10:50:33","guid":{"rendered":"https:\/\/www.tessi.eu\/?page_id=6988"},"modified":"2023-11-21T10:23:10","modified_gmt":"2023-11-21T09:23:10","slug":"les-10-principes-du-pacte-mondial","status":"publish","type":"page","link":"https:\/\/www.tessi.eu\/fr\/les-10-principes-du-pacte-mondial\/","title":{"rendered":"Les 10 principes du Pacte mondial"},"content":{"rendered":"<p>Au travers de ce pacte, Tessi s\u2019engage \u00e0\u00a0communiquer annuellement sur ses avanc\u00e9es en mati\u00e8re de d\u00e9veloppement durable et\u00a0\u00e0\u00a0respecter 10 principes\u00a0fondamentaux, bas\u00e9s sur les droits de l\u2019homme, les normes de travail et de l\u2019environnement, et la lutte contre la corruption<\/p>\n<p><strong>Droits de l\u2019homme<\/strong><\/p>\n<ul>\n<li>Principe N\u00b01 : les entreprises sont invit\u00e9es \u00e0 promouvoir et \u00e0 respecter la protection du droit international relatif aux droits de l\u2019homme dans leur sph\u00e8re d\u2019influence ; et<\/li>\n<li class=\"p6\">Principe N\u00b02 : \u00e0\u00a0veiller \u00e0\u00a0ce que leurs propres compagnies ne se rendent pas complices de violations des droits de l\u2019homme.<\/li>\n<\/ul>\n<p class=\"p7\"><strong>Normes du travail<\/strong><\/p>\n<ul>\n<li>Principe N\u00b03 : les entreprises sont invit\u00e9es \u00e0 respecter la libert\u00e9 d\u2019association et \u00e0 reconna\u00eetre le droit de n\u00e9gociation collective ;<\/li>\n<li>Principe N\u00b04 : l\u2019\u00e9limination de toutes les formes de travail forc\u00e9 ou obligatoire ;<\/li>\n<li>Principe N\u00b05 : l\u2019abolition effective du travail des enfants ; et<\/li>\n<li>Principe N\u00b06 : l\u2019\u00e9limination de la discrimination en mati\u00e8re d\u2019emploi et de profession.<\/li>\n<\/ul>\n<p class=\"p7\"><strong>Environnement<\/strong><\/p>\n<ul>\n<li>Principe N\u00b07 : les entreprises sont invit\u00e9es \u00e0 appliquer l\u2019approche de pr\u00e9caution face aux probl\u00e8mes touchant l\u2019environnement ;<\/li>\n<li>Principe N\u00b08 : \u00e0\u00a0entreprendre des initiatives tendant \u00e0\u00a0promouvoir une plus grande responsabilit\u00e9 en mati\u00e8re d\u2019environnement ; et<\/li>\n<\/ul>\n<ul>\n<li class=\"p6\">Principe N\u00b09 : \u00e0\u00a0favoriser la mise au point et la diffusion de technologies respectueuses de l\u2019environnement.<\/li>\n<\/ul>\n<p class=\"p7\"><strong>Lutte contre la corruption<\/strong><\/p>\n<ul>\n<li class=\"p6\">Principe N\u00b010 : les entreprises sont invit\u00e9es \u00e0 agir contre la corruption sous toutes ses formes, y compris l\u2019extorsion de fonds et les pots-de-vin.<\/li>\n<\/ul>\n<p class=\"p8\"><span class=\"s3\"><i>Pour en savoir plus\u00a0<\/i>:\u00a0<\/span><a href=\"http:\/\/www.unglobalcompact.org\/\" target=\"_blank\" rel=\"noopener noreferrer\"><span class=\"s4\">www.unglobalcompact.org\u00a0<\/span><\/a><span class=\"s3\">ou\u00a0<\/span><a href=\"http:\/\/www.globalcompact-france.org\/\" target=\"_blank\" rel=\"noopener noreferrer\"><span class=\"s4\">www.globalcompact-france.org\/<\/span><\/a><\/p>\n<p>&nbsp;<\/p>\n","protected":false},"excerpt":{"rendered":"<p>Au travers de ce pacte, Tessi s\u2019engage \u00e0\u00a0communiquer annuellement sur ses avanc\u00e9es en mati\u00e8re de d\u00e9veloppement durable et\u00a0\u00e0\u00a0respecter 10 principes\u00a0fondamentaux, bas\u00e9s sur les droits de l\u2019homme, les normes de travail et de l\u2019environnement, et la lutte contre la corruption Droits de l\u2019homme Principe N\u00b01 : les entreprises sont invit\u00e9es \u00e0 promouvoir et \u00e0 respecter la [&hellip;]<\/p>\n","protected":false},"author":1,"featured_media":6989,"parent":0,"menu_order":196,"comment_status":"closed","ping_status":"closed","template":"page-templates\/type-page.php","meta":{"_acf_changed":false,"footnotes":""},"class_list":["post-6988","page","type-page","status-publish","has-post-thumbnail","hentry"],"acf":[],"yoast_head":"<!-- This site is optimized with the Yoast SEO Premium plugin v22.3 (Yoast SEO v27.1.1) - https:\/\/yoast.com\/product\/yoast-seo-premium-wordpress\/ -->\n<title>Les 10 principes du Pacte mondial - Tessi International<\/title>\n<meta name=\"description\" content=\"Pour renforcer sa d\u00e9marche RSE dans un esprit de \u00abd\u00e9veloppement responsable et durable\u00bb, Tessi a adh\u00e9r\u00e9 au Pacte mondial des Nations Unies en janvier 2011.\" \/>\n<meta name=\"robots\" content=\"index, follow, max-snippet:-1, max-image-preview:large, max-video-preview:-1\" \/>\n<link rel=\"canonical\" href=\"https:\/\/www.tessi.eu\/fr\/les-10-principes-du-pacte-mondial\/\" \/>\n<meta property=\"og:locale\" content=\"fr_FR\" \/>\n<meta property=\"og:type\" content=\"article\" \/>\n<meta property=\"og:title\" content=\"Les 10 principes du Pacte mondial\" \/>\n<meta property=\"og:description\" content=\"Pour renforcer sa d\u00e9marche RSE dans un esprit de \u00abd\u00e9veloppement responsable et durable\u00bb, Tessi a adh\u00e9r\u00e9 au Pacte mondial des Nations Unies en janvier 2011.\" \/>\n<meta property=\"og:url\" content=\"https:\/\/www.tessi.eu\/fr\/les-10-principes-du-pacte-mondial\/\" \/>\n<meta property=\"og:site_name\" content=\"Tessi International\" \/>\n<meta property=\"article:modified_time\" content=\"2023-11-21T09:23:10+00:00\" \/>\n<meta property=\"og:image\" content=\"https:\/\/www.tessi.eu\/wp-content\/uploads\/2019\/03\/img.jpg\" \/>\n\t<meta property=\"og:image:width\" content=\"1240\" \/>\n\t<meta property=\"og:image:height\" content=\"430\" \/>\n\t<meta property=\"og:image:type\" content=\"image\/jpeg\" \/>\n<meta name=\"twitter:card\" content=\"summary_large_image\" \/>\n<meta name=\"twitter:label1\" content=\"Dur\u00e9e de lecture estim\u00e9e\" \/>\n\t<meta name=\"twitter:data1\" content=\"2 minutes\" \/>\n<script type=\"application\/ld+json\" class=\"yoast-schema-graph\">{\"@context\":\"https:\/\/schema.org\",\"@graph\":[{\"@type\":\"WebPage\",\"@id\":\"https:\/\/www.tessi.eu\/fr\/les-10-principes-du-pacte-mondial\/\",\"url\":\"https:\/\/www.tessi.eu\/fr\/les-10-principes-du-pacte-mondial\/\",\"name\":\"Les 10 principes du Pacte mondial - Tessi International\",\"isPartOf\":{\"@id\":\"https:\/\/www.tessi.eu\/fr\/#website\"},\"primaryImageOfPage\":{\"@id\":\"https:\/\/www.tessi.eu\/fr\/les-10-principes-du-pacte-mondial\/#primaryimage\"},\"image\":{\"@id\":\"https:\/\/www.tessi.eu\/fr\/les-10-principes-du-pacte-mondial\/#primaryimage\"},\"thumbnailUrl\":\"https:\/\/www.tessi.eu\/wp-content\/uploads\/2019\/03\/img.jpg\",\"datePublished\":\"2019-03-17T10:50:33+00:00\",\"dateModified\":\"2023-11-21T09:23:10+00:00\",\"description\":\"Pour renforcer sa d\u00e9marche RSE dans un esprit de \u00abd\u00e9veloppement responsable et durable\u00bb, Tessi a adh\u00e9r\u00e9 au Pacte mondial des Nations Unies en janvier 2011.\",\"breadcrumb\":{\"@id\":\"https:\/\/www.tessi.eu\/fr\/les-10-principes-du-pacte-mondial\/#breadcrumb\"},\"inLanguage\":\"fr-FR\",\"potentialAction\":[{\"@type\":\"ReadAction\",\"target\":[\"https:\/\/www.tessi.eu\/fr\/les-10-principes-du-pacte-mondial\/\"]}]},{\"@type\":\"ImageObject\",\"inLanguage\":\"fr-FR\",\"@id\":\"https:\/\/www.tessi.eu\/fr\/les-10-principes-du-pacte-mondial\/#primaryimage\",\"url\":\"https:\/\/www.tessi.eu\/wp-content\/uploads\/2019\/03\/img.jpg\",\"contentUrl\":\"https:\/\/www.tessi.eu\/wp-content\/uploads\/2019\/03\/img.jpg\",\"width\":1240,\"height\":430,\"caption\":\"Parlement bleu tessi\"},{\"@type\":\"BreadcrumbList\",\"@id\":\"https:\/\/www.tessi.eu\/fr\/les-10-principes-du-pacte-mondial\/#breadcrumb\",\"itemListElement\":[{\"@type\":\"ListItem\",\"position\":1,\"name\":\"Home\",\"item\":\"https:\/\/www.tessi.eu\/fr\/\"},{\"@type\":\"ListItem\",\"position\":2,\"name\":\"Les 10 principes du Pacte mondial\"}]},{\"@type\":\"WebSite\",\"@id\":\"https:\/\/www.tessi.eu\/fr\/#website\",\"url\":\"https:\/\/www.tessi.eu\/fr\/\",\"name\":\"Tessi International\",\"description\":\"\",\"potentialAction\":[{\"@type\":\"SearchAction\",\"target\":{\"@type\":\"EntryPoint\",\"urlTemplate\":\"https:\/\/www.tessi.eu\/fr\/?s={search_term_string}\"},\"query-input\":{\"@type\":\"PropertyValueSpecification\",\"valueRequired\":true,\"valueName\":\"search_term_string\"}}],\"inLanguage\":\"fr-FR\"}]}<\/script>\n<!-- \/ Yoast SEO Premium plugin. -->","yoast_head_json":{"title":"Les 10 principes du Pacte mondial - Tessi International","description":"Pour renforcer sa d\u00e9marche RSE dans un esprit de \u00abd\u00e9veloppement responsable et durable\u00bb, Tessi a adh\u00e9r\u00e9 au Pacte mondial des Nations Unies en janvier 2011.","robots":{"index":"index","follow":"follow","max-snippet":"max-snippet:-1","max-image-preview":"max-image-preview:large","max-video-preview":"max-video-preview:-1"},"canonical":"https:\/\/www.tessi.eu\/fr\/les-10-principes-du-pacte-mondial\/","og_locale":"fr_FR","og_type":"article","og_title":"Les 10 principes du Pacte mondial","og_description":"Pour renforcer sa d\u00e9marche RSE dans un esprit de \u00abd\u00e9veloppement responsable et durable\u00bb, Tessi a adh\u00e9r\u00e9 au Pacte mondial des Nations Unies en janvier 2011.","og_url":"https:\/\/www.tessi.eu\/fr\/les-10-principes-du-pacte-mondial\/","og_site_name":"Tessi International","article_modified_time":"2023-11-21T09:23:10+00:00","og_image":[{"width":1240,"height":430,"url":"https:\/\/www.tessi.eu\/wp-content\/uploads\/2019\/03\/img.jpg","type":"image\/jpeg"}],"twitter_card":"summary_large_image","twitter_misc":{"Dur\u00e9e de lecture estim\u00e9e":"2 minutes"},"schema":{"@context":"https:\/\/schema.org","@graph":[{"@type":"WebPage","@id":"https:\/\/www.tessi.eu\/fr\/les-10-principes-du-pacte-mondial\/","url":"https:\/\/www.tessi.eu\/fr\/les-10-principes-du-pacte-mondial\/","name":"Les 10 principes du Pacte mondial - Tessi International","isPartOf":{"@id":"https:\/\/www.tessi.eu\/fr\/#website"},"primaryImageOfPage":{"@id":"https:\/\/www.tessi.eu\/fr\/les-10-principes-du-pacte-mondial\/#primaryimage"},"image":{"@id":"https:\/\/www.tessi.eu\/fr\/les-10-principes-du-pacte-mondial\/#primaryimage"},"thumbnailUrl":"https:\/\/www.tessi.eu\/wp-content\/uploads\/2019\/03\/img.jpg","datePublished":"2019-03-17T10:50:33+00:00","dateModified":"2023-11-21T09:23:10+00:00","description":"Pour renforcer sa d\u00e9marche RSE dans un esprit de \u00abd\u00e9veloppement responsable et durable\u00bb, Tessi a adh\u00e9r\u00e9 au Pacte mondial des Nations Unies en janvier 2011.","breadcrumb":{"@id":"https:\/\/www.tessi.eu\/fr\/les-10-principes-du-pacte-mondial\/#breadcrumb"},"inLanguage":"fr-FR","potentialAction":[{"@type":"ReadAction","target":["https:\/\/www.tessi.eu\/fr\/les-10-principes-du-pacte-mondial\/"]}]},{"@type":"ImageObject","inLanguage":"fr-FR","@id":"https:\/\/www.tessi.eu\/fr\/les-10-principes-du-pacte-mondial\/#primaryimage","url":"https:\/\/www.tessi.eu\/wp-content\/uploads\/2019\/03\/img.jpg","contentUrl":"https:\/\/www.tessi.eu\/wp-content\/uploads\/2019\/03\/img.jpg","width":1240,"height":430,"caption":"Parlement bleu tessi"},{"@type":"BreadcrumbList","@id":"https:\/\/www.tessi.eu\/fr\/les-10-principes-du-pacte-mondial\/#breadcrumb","itemListElement":[{"@type":"ListItem","position":1,"name":"Home","item":"https:\/\/www.tessi.eu\/fr\/"},{"@type":"ListItem","position":2,"name":"Les 10 principes du Pacte mondial"}]},{"@type":"WebSite","@id":"https:\/\/www.tessi.eu\/fr\/#website","url":"https:\/\/www.tessi.eu\/fr\/","name":"Tessi International","description":"","potentialAction":[{"@type":"SearchAction","target":{"@type":"EntryPoint","urlTemplate":"https:\/\/www.tessi.eu\/fr\/?s={search_term_string}"},"query-input":{"@type":"PropertyValueSpecification","valueRequired":true,"valueName":"search_term_string"}}],"inLanguage":"fr-FR"}]}},"_links":{"self":[{"href":"https:\/\/www.tessi.eu\/fr\/wp-json\/wp\/v2\/pages\/6988\/"}],"collection":[{"href":"https:\/\/www.tessi.eu\/fr\/wp-json\/wp\/v2\/pages\/"}],"about":[{"href":"https:\/\/www.tessi.eu\/fr\/wp-json\/wp\/v2\/types\/page\/"}],"author":[{"embeddable":true,"href":"https:\/\/www.tessi.eu\/fr\/wp-json\/wp\/v2\/users\/1\/"}],"replies":[{"embeddable":true,"href":"https:\/\/www.tessi.eu\/fr\/wp-json\/wp\/v2\/comments\/?post=6988"}],"version-history":[{"count":2,"href":"https:\/\/www.tessi.eu\/fr\/wp-json\/wp\/v2\/pages\/6988\/revisions\/"}],"predecessor-version":[{"id":41310,"href":"https:\/\/www.tessi.eu\/fr\/wp-json\/wp\/v2\/pages\/6988\/revisions\/41310\/"}],"wp:featuredmedia":[{"embeddable":true,"href":"https:\/\/www.tessi.eu\/fr\/wp-json\/wp\/v2\/media\/6989\/"}],"wp:attachment":[{"href":"https:\/\/www.tessi.eu\/fr\/wp-json\/wp\/v2\/media\/?parent=6988"}],"curies":[{"name":"wp","href":"https:\/\/api.w.org\/{rel}","templated":true}]}}