{"id":65406,"date":"2025-11-05T11:45:23","date_gmt":"2025-11-05T10:45:23","guid":{"rendered":"https:\/\/www.tessi.eu\/?page_id=65406\/"},"modified":"2026-05-07T17:04:35","modified_gmt":"2026-05-07T15:04:35","slug":"centre-dinformation-sur-la-facturation-electronique","status":"publish","type":"page","link":"https:\/\/www.tessi.eu\/fr\/centre-dinformation-sur-la-facturation-electronique\/","title":{"rendered":"Centre d\u2019Information sur la facturation \u00e9lectronique"},"content":{"rendered":"","protected":false},"excerpt":{"rendered":"","protected":false},"author":12,"featured_media":65847,"parent":0,"menu_order":1,"comment_status":"closed","ping_status":"closed","template":"page-templates\/expertise.php","meta":{"_acf_changed":false,"footnotes":""},"class_list":["post-65406","page","type-page","status-publish","has-post-thumbnail","hentry"],"acf":[],"yoast_head":"<!-- This site is optimized with the Yoast SEO Premium plugin v22.3 (Yoast SEO v27.1.1) - https:\/\/yoast.com\/product\/yoast-seo-premium-wordpress\/ -->\n<title>Centre d\u2019Information sur la facturation \u00e9lectronique - Tessi International<\/title>\n<meta name=\"description\" content=\"La r\u00e9forme de la facturation \u00e9lectronique est bien plus qu\u2019un simple ajustement technique. C\u2019est aussi une transformation structurelle ! Il ne s\u2019agit pas seulement de se connecter \u00e0 une plateforme, mais de repenser de bout en bout la mani\u00e8re dont les flux de factures sont g\u00e9r\u00e9s.\" \/>\n<meta name=\"robots\" content=\"index, follow, max-snippet:-1, max-image-preview:large, max-video-preview:-1\" \/>\n<link rel=\"canonical\" href=\"https:\/\/www.tessi.eu\/fr\/centre-dinformation-sur-la-facturation-electronique\/\" \/>\n<meta property=\"og:locale\" content=\"fr_FR\" \/>\n<meta property=\"og:type\" content=\"article\" \/>\n<meta property=\"og:title\" content=\"Centre d\u2019Information sur la facturation \u00e9lectronique\" \/>\n<meta property=\"og:description\" content=\"La r\u00e9forme de la facturation \u00e9lectronique est bien plus qu\u2019un simple ajustement technique. C\u2019est aussi une transformation structurelle ! Il ne s\u2019agit pas seulement de se connecter \u00e0 une plateforme, mais de repenser de bout en bout la mani\u00e8re dont les flux de factures sont g\u00e9r\u00e9s.\" \/>\n<meta property=\"og:url\" content=\"https:\/\/www.tessi.eu\/fr\/centre-dinformation-sur-la-facturation-electronique\/\" \/>\n<meta property=\"og:site_name\" content=\"Tessi International\" \/>\n<meta property=\"article:modified_time\" content=\"2026-05-07T15:04:35+00:00\" \/>\n<meta property=\"og:image\" content=\"https:\/\/www.tessi.eu\/wp-content\/uploads\/2025\/11\/vignette-facturation-electronique.jpg\" \/>\n\t<meta property=\"og:image:width\" content=\"624\" \/>\n\t<meta property=\"og:image:height\" content=\"400\" \/>\n\t<meta property=\"og:image:type\" content=\"image\/jpeg\" \/>\n<meta name=\"twitter:card\" content=\"summary_large_image\" \/>\n<meta name=\"twitter:label1\" content=\"Dur\u00e9e de lecture estim\u00e9e\" \/>\n\t<meta name=\"twitter:data1\" content=\"1 minute\" \/>\n<script type=\"application\/ld+json\" class=\"yoast-schema-graph\">{\"@context\":\"https:\/\/schema.org\",\"@graph\":[{\"@type\":\"WebPage\",\"@id\":\"https:\/\/www.tessi.eu\/fr\/centre-dinformation-sur-la-facturation-electronique\/\",\"url\":\"https:\/\/www.tessi.eu\/fr\/centre-dinformation-sur-la-facturation-electronique\/\",\"name\":\"Centre d\u2019Information sur la facturation \u00e9lectronique - Tessi International\",\"isPartOf\":{\"@id\":\"https:\/\/www.tessi.eu\/fr\/#website\"},\"primaryImageOfPage\":{\"@id\":\"https:\/\/www.tessi.eu\/fr\/centre-dinformation-sur-la-facturation-electronique\/#primaryimage\"},\"image\":{\"@id\":\"https:\/\/www.tessi.eu\/fr\/centre-dinformation-sur-la-facturation-electronique\/#primaryimage\"},\"thumbnailUrl\":\"https:\/\/www.tessi.eu\/wp-content\/uploads\/2025\/11\/vignette-facturation-electronique.jpg\",\"datePublished\":\"2025-11-05T10:45:23+00:00\",\"dateModified\":\"2026-05-07T15:04:35+00:00\",\"description\":\"La r\u00e9forme de la facturation \u00e9lectronique est bien plus qu\u2019un simple ajustement technique. C\u2019est aussi une transformation structurelle ! Il ne s\u2019agit pas seulement de se connecter \u00e0 une plateforme, mais de repenser de bout en bout la mani\u00e8re dont les flux de factures sont g\u00e9r\u00e9s.\",\"breadcrumb\":{\"@id\":\"https:\/\/www.tessi.eu\/fr\/centre-dinformation-sur-la-facturation-electronique\/#breadcrumb\"},\"inLanguage\":\"fr-FR\",\"potentialAction\":[{\"@type\":\"ReadAction\",\"target\":[\"https:\/\/www.tessi.eu\/fr\/centre-dinformation-sur-la-facturation-electronique\/\"]}]},{\"@type\":\"ImageObject\",\"inLanguage\":\"fr-FR\",\"@id\":\"https:\/\/www.tessi.eu\/fr\/centre-dinformation-sur-la-facturation-electronique\/#primaryimage\",\"url\":\"https:\/\/www.tessi.eu\/wp-content\/uploads\/2025\/11\/vignette-facturation-electronique.jpg\",\"contentUrl\":\"https:\/\/www.tessi.eu\/wp-content\/uploads\/2025\/11\/vignette-facturation-electronique.jpg\",\"width\":624,\"height\":400,\"caption\":\"vignette facturation electronique\"},{\"@type\":\"BreadcrumbList\",\"@id\":\"https:\/\/www.tessi.eu\/fr\/centre-dinformation-sur-la-facturation-electronique\/#breadcrumb\",\"itemListElement\":[{\"@type\":\"ListItem\",\"position\":1,\"name\":\"Home\",\"item\":\"https:\/\/www.tessi.eu\/fr\/\"},{\"@type\":\"ListItem\",\"position\":2,\"name\":\"Centre d\u2019Information sur la facturation \u00e9lectronique\"}]},{\"@type\":\"WebSite\",\"@id\":\"https:\/\/www.tessi.eu\/fr\/#website\",\"url\":\"https:\/\/www.tessi.eu\/fr\/\",\"name\":\"Tessi International\",\"description\":\"\",\"potentialAction\":[{\"@type\":\"SearchAction\",\"target\":{\"@type\":\"EntryPoint\",\"urlTemplate\":\"https:\/\/www.tessi.eu\/fr\/?s={search_term_string}\"},\"query-input\":{\"@type\":\"PropertyValueSpecification\",\"valueRequired\":true,\"valueName\":\"search_term_string\"}}],\"inLanguage\":\"fr-FR\"}]}<\/script>\n<!-- \/ Yoast SEO Premium plugin. -->","yoast_head_json":{"title":"Centre d\u2019Information sur la facturation \u00e9lectronique - Tessi International","description":"La r\u00e9forme de la facturation \u00e9lectronique est bien plus qu\u2019un simple ajustement technique. C\u2019est aussi une transformation structurelle ! Il ne s\u2019agit pas seulement de se connecter \u00e0 une plateforme, mais de repenser de bout en bout la mani\u00e8re dont les flux de factures sont g\u00e9r\u00e9s.","robots":{"index":"index","follow":"follow","max-snippet":"max-snippet:-1","max-image-preview":"max-image-preview:large","max-video-preview":"max-video-preview:-1"},"canonical":"https:\/\/www.tessi.eu\/fr\/centre-dinformation-sur-la-facturation-electronique\/","og_locale":"fr_FR","og_type":"article","og_title":"Centre d\u2019Information sur la facturation \u00e9lectronique","og_description":"La r\u00e9forme de la facturation \u00e9lectronique est bien plus qu\u2019un simple ajustement technique. C\u2019est aussi une transformation structurelle ! Il ne s\u2019agit pas seulement de se connecter \u00e0 une plateforme, mais de repenser de bout en bout la mani\u00e8re dont les flux de factures sont g\u00e9r\u00e9s.","og_url":"https:\/\/www.tessi.eu\/fr\/centre-dinformation-sur-la-facturation-electronique\/","og_site_name":"Tessi International","article_modified_time":"2026-05-07T15:04:35+00:00","og_image":[{"width":624,"height":400,"url":"https:\/\/www.tessi.eu\/wp-content\/uploads\/2025\/11\/vignette-facturation-electronique.jpg","type":"image\/jpeg"}],"twitter_card":"summary_large_image","twitter_misc":{"Dur\u00e9e de lecture estim\u00e9e":"1 minute"},"schema":{"@context":"https:\/\/schema.org","@graph":[{"@type":"WebPage","@id":"https:\/\/www.tessi.eu\/fr\/centre-dinformation-sur-la-facturation-electronique\/","url":"https:\/\/www.tessi.eu\/fr\/centre-dinformation-sur-la-facturation-electronique\/","name":"Centre d\u2019Information sur la facturation \u00e9lectronique - Tessi International","isPartOf":{"@id":"https:\/\/www.tessi.eu\/fr\/#website"},"primaryImageOfPage":{"@id":"https:\/\/www.tessi.eu\/fr\/centre-dinformation-sur-la-facturation-electronique\/#primaryimage"},"image":{"@id":"https:\/\/www.tessi.eu\/fr\/centre-dinformation-sur-la-facturation-electronique\/#primaryimage"},"thumbnailUrl":"https:\/\/www.tessi.eu\/wp-content\/uploads\/2025\/11\/vignette-facturation-electronique.jpg","datePublished":"2025-11-05T10:45:23+00:00","dateModified":"2026-05-07T15:04:35+00:00","description":"La r\u00e9forme de la facturation \u00e9lectronique est bien plus qu\u2019un simple ajustement technique. C\u2019est aussi une transformation structurelle ! Il ne s\u2019agit pas seulement de se connecter \u00e0 une plateforme, mais de repenser de bout en bout la mani\u00e8re dont les flux de factures sont g\u00e9r\u00e9s.","breadcrumb":{"@id":"https:\/\/www.tessi.eu\/fr\/centre-dinformation-sur-la-facturation-electronique\/#breadcrumb"},"inLanguage":"fr-FR","potentialAction":[{"@type":"ReadAction","target":["https:\/\/www.tessi.eu\/fr\/centre-dinformation-sur-la-facturation-electronique\/"]}]},{"@type":"ImageObject","inLanguage":"fr-FR","@id":"https:\/\/www.tessi.eu\/fr\/centre-dinformation-sur-la-facturation-electronique\/#primaryimage","url":"https:\/\/www.tessi.eu\/wp-content\/uploads\/2025\/11\/vignette-facturation-electronique.jpg","contentUrl":"https:\/\/www.tessi.eu\/wp-content\/uploads\/2025\/11\/vignette-facturation-electronique.jpg","width":624,"height":400,"caption":"vignette facturation electronique"},{"@type":"BreadcrumbList","@id":"https:\/\/www.tessi.eu\/fr\/centre-dinformation-sur-la-facturation-electronique\/#breadcrumb","itemListElement":[{"@type":"ListItem","position":1,"name":"Home","item":"https:\/\/www.tessi.eu\/fr\/"},{"@type":"ListItem","position":2,"name":"Centre d\u2019Information sur la facturation \u00e9lectronique"}]},{"@type":"WebSite","@id":"https:\/\/www.tessi.eu\/fr\/#website","url":"https:\/\/www.tessi.eu\/fr\/","name":"Tessi International","description":"","potentialAction":[{"@type":"SearchAction","target":{"@type":"EntryPoint","urlTemplate":"https:\/\/www.tessi.eu\/fr\/?s={search_term_string}"},"query-input":{"@type":"PropertyValueSpecification","valueRequired":true,"valueName":"search_term_string"}}],"inLanguage":"fr-FR"}]}},"_links":{"self":[{"href":"https:\/\/www.tessi.eu\/fr\/wp-json\/wp\/v2\/pages\/65406\/"}],"collection":[{"href":"https:\/\/www.tessi.eu\/fr\/wp-json\/wp\/v2\/pages\/"}],"about":[{"href":"https:\/\/www.tessi.eu\/fr\/wp-json\/wp\/v2\/types\/page\/"}],"author":[{"embeddable":true,"href":"https:\/\/www.tessi.eu\/fr\/wp-json\/wp\/v2\/users\/12\/"}],"replies":[{"embeddable":true,"href":"https:\/\/www.tessi.eu\/fr\/wp-json\/wp\/v2\/comments\/?post=65406"}],"version-history":[{"count":10,"href":"https:\/\/www.tessi.eu\/fr\/wp-json\/wp\/v2\/pages\/65406\/revisions\/"}],"predecessor-version":[{"id":69751,"href":"https:\/\/www.tessi.eu\/fr\/wp-json\/wp\/v2\/pages\/65406\/revisions\/69751\/"}],"wp:featuredmedia":[{"embeddable":true,"href":"https:\/\/www.tessi.eu\/fr\/wp-json\/wp\/v2\/media\/65847\/"}],"wp:attachment":[{"href":"https:\/\/www.tessi.eu\/fr\/wp-json\/wp\/v2\/media\/?parent=65406"}],"curies":[{"name":"wp","href":"https:\/\/api.w.org\/{rel}","templated":true}]}}