{"id":570,"date":"2019-01-23T18:02:40","date_gmt":"2019-01-23T16:02:40","guid":{"rendered":"https:\/\/www.tessi.eu\/?page_id=570"},"modified":"2026-03-02T17:16:54","modified_gmt":"2026-03-02T16:16:54","slug":"notre-politique-environnementale-et-societale","status":"publish","type":"page","link":"https:\/\/www.tessi.eu\/fr\/notre-politique-environnementale-et-societale\/","title":{"rendered":"Notre politique environnementale et soci\u00e9tale"},"content":{"rendered":"","protected":false},"excerpt":{"rendered":"","protected":false},"author":1,"featured_media":571,"parent":0,"menu_order":104,"comment_status":"closed","ping_status":"closed","template":"page-templates\/rse_dpef.php","meta":{"_acf_changed":false,"footnotes":""},"class_list":["post-570","page","type-page","status-publish","has-post-thumbnail","hentry"],"acf":[],"yoast_head":"<!-- This site is optimized with the Yoast SEO Premium plugin v22.3 (Yoast SEO v27.1.1) - https:\/\/yoast.com\/product\/yoast-seo-premium-wordpress\/ -->\n<title>Notre politique environnementale et soci\u00e9tale - Tessi International<\/title>\n<meta name=\"description\" content=\"Chez Tessi, nous avons \u00e0 c\u0153ur de conjuguer d\u00e9veloppement technologique et croissance \u00e9conomique en tenant compte de l\u2019impact social, soci\u00e9tal et environnemental de nos activit\u00e9s.\" \/>\n<meta name=\"robots\" content=\"index, follow, max-snippet:-1, max-image-preview:large, max-video-preview:-1\" \/>\n<link rel=\"canonical\" href=\"https:\/\/www.tessi.eu\/fr\/notre-politique-environnementale-et-societale\/\" \/>\n<meta property=\"og:locale\" content=\"fr_FR\" \/>\n<meta property=\"og:type\" content=\"article\" \/>\n<meta property=\"og:title\" content=\"Notre politique environnementale et soci\u00e9tale\" \/>\n<meta property=\"og:description\" content=\"Chez Tessi, nous avons \u00e0 c\u0153ur de conjuguer d\u00e9veloppement technologique et croissance \u00e9conomique en tenant compte de l\u2019impact social, soci\u00e9tal et environnemental de nos activit\u00e9s.\" \/>\n<meta property=\"og:url\" content=\"https:\/\/www.tessi.eu\/fr\/notre-politique-environnementale-et-societale\/\" \/>\n<meta property=\"og:site_name\" content=\"Tessi International\" \/>\n<meta property=\"article:modified_time\" content=\"2026-03-02T16:16:54+00:00\" \/>\n<meta property=\"og:image\" content=\"https:\/\/www.tessi.eu\/wp-content\/uploads\/2019\/01\/rse_header.jpg\" \/>\n\t<meta property=\"og:image:width\" content=\"1\" \/>\n\t<meta property=\"og:image:height\" content=\"1\" \/>\n\t<meta property=\"og:image:type\" content=\"image\/jpeg\" \/>\n<meta name=\"twitter:card\" content=\"summary_large_image\" \/>\n<meta name=\"twitter:label1\" content=\"Dur\u00e9e de lecture estim\u00e9e\" \/>\n\t<meta name=\"twitter:data1\" content=\"1 minute\" \/>\n<script type=\"application\/ld+json\" class=\"yoast-schema-graph\">{\"@context\":\"https:\/\/schema.org\",\"@graph\":[{\"@type\":\"WebPage\",\"@id\":\"https:\/\/www.tessi.eu\/fr\/notre-politique-environnementale-et-societale\/\",\"url\":\"https:\/\/www.tessi.eu\/fr\/notre-politique-environnementale-et-societale\/\",\"name\":\"Notre politique environnementale et soci\u00e9tale - Tessi International\",\"isPartOf\":{\"@id\":\"https:\/\/www.tessi.eu\/fr\/#website\"},\"primaryImageOfPage\":{\"@id\":\"https:\/\/www.tessi.eu\/fr\/notre-politique-environnementale-et-societale\/#primaryimage\"},\"image\":{\"@id\":\"https:\/\/www.tessi.eu\/fr\/notre-politique-environnementale-et-societale\/#primaryimage\"},\"thumbnailUrl\":\"https:\/\/www.tessi.eu\/wp-content\/uploads\/2019\/01\/rse_header.jpg\",\"datePublished\":\"2019-01-23T16:02:40+00:00\",\"dateModified\":\"2026-03-02T16:16:54+00:00\",\"description\":\"Chez Tessi, nous avons \u00e0 c\u0153ur de conjuguer d\u00e9veloppement technologique et croissance \u00e9conomique en tenant compte de l\u2019impact social, soci\u00e9tal et environnemental de nos activit\u00e9s.\",\"breadcrumb\":{\"@id\":\"https:\/\/www.tessi.eu\/fr\/notre-politique-environnementale-et-societale\/#breadcrumb\"},\"inLanguage\":\"fr-FR\",\"potentialAction\":[{\"@type\":\"ReadAction\",\"target\":[\"https:\/\/www.tessi.eu\/fr\/notre-politique-environnementale-et-societale\/\"]}]},{\"@type\":\"ImageObject\",\"inLanguage\":\"fr-FR\",\"@id\":\"https:\/\/www.tessi.eu\/fr\/notre-politique-environnementale-et-societale\/#primaryimage\",\"url\":\"https:\/\/www.tessi.eu\/wp-content\/uploads\/2019\/01\/rse_header.jpg\",\"contentUrl\":\"https:\/\/www.tessi.eu\/wp-content\/uploads\/2019\/01\/rse_header.jpg\",\"caption\":\"rse reunion header\"},{\"@type\":\"BreadcrumbList\",\"@id\":\"https:\/\/www.tessi.eu\/fr\/notre-politique-environnementale-et-societale\/#breadcrumb\",\"itemListElement\":[{\"@type\":\"ListItem\",\"position\":1,\"name\":\"Home\",\"item\":\"https:\/\/www.tessi.eu\/fr\/\"},{\"@type\":\"ListItem\",\"position\":2,\"name\":\"Notre politique environnementale et soci\u00e9tale\"}]},{\"@type\":\"WebSite\",\"@id\":\"https:\/\/www.tessi.eu\/fr\/#website\",\"url\":\"https:\/\/www.tessi.eu\/fr\/\",\"name\":\"Tessi International\",\"description\":\"\",\"potentialAction\":[{\"@type\":\"SearchAction\",\"target\":{\"@type\":\"EntryPoint\",\"urlTemplate\":\"https:\/\/www.tessi.eu\/fr\/?s={search_term_string}\"},\"query-input\":{\"@type\":\"PropertyValueSpecification\",\"valueRequired\":true,\"valueName\":\"search_term_string\"}}],\"inLanguage\":\"fr-FR\"}]}<\/script>\n<!-- \/ Yoast SEO Premium plugin. -->","yoast_head_json":{"title":"Notre politique environnementale et soci\u00e9tale - Tessi International","description":"Chez Tessi, nous avons \u00e0 c\u0153ur de conjuguer d\u00e9veloppement technologique et croissance \u00e9conomique en tenant compte de l\u2019impact social, soci\u00e9tal et environnemental de nos activit\u00e9s.","robots":{"index":"index","follow":"follow","max-snippet":"max-snippet:-1","max-image-preview":"max-image-preview:large","max-video-preview":"max-video-preview:-1"},"canonical":"https:\/\/www.tessi.eu\/fr\/notre-politique-environnementale-et-societale\/","og_locale":"fr_FR","og_type":"article","og_title":"Notre politique environnementale et soci\u00e9tale","og_description":"Chez Tessi, nous avons \u00e0 c\u0153ur de conjuguer d\u00e9veloppement technologique et croissance \u00e9conomique en tenant compte de l\u2019impact social, soci\u00e9tal et environnemental de nos activit\u00e9s.","og_url":"https:\/\/www.tessi.eu\/fr\/notre-politique-environnementale-et-societale\/","og_site_name":"Tessi International","article_modified_time":"2026-03-02T16:16:54+00:00","og_image":[{"url":"https:\/\/www.tessi.eu\/wp-content\/uploads\/2019\/01\/rse_header.jpg","width":1,"height":1,"type":"image\/jpeg"}],"twitter_card":"summary_large_image","twitter_misc":{"Dur\u00e9e de lecture estim\u00e9e":"1 minute"},"schema":{"@context":"https:\/\/schema.org","@graph":[{"@type":"WebPage","@id":"https:\/\/www.tessi.eu\/fr\/notre-politique-environnementale-et-societale\/","url":"https:\/\/www.tessi.eu\/fr\/notre-politique-environnementale-et-societale\/","name":"Notre politique environnementale et soci\u00e9tale - Tessi International","isPartOf":{"@id":"https:\/\/www.tessi.eu\/fr\/#website"},"primaryImageOfPage":{"@id":"https:\/\/www.tessi.eu\/fr\/notre-politique-environnementale-et-societale\/#primaryimage"},"image":{"@id":"https:\/\/www.tessi.eu\/fr\/notre-politique-environnementale-et-societale\/#primaryimage"},"thumbnailUrl":"https:\/\/www.tessi.eu\/wp-content\/uploads\/2019\/01\/rse_header.jpg","datePublished":"2019-01-23T16:02:40+00:00","dateModified":"2026-03-02T16:16:54+00:00","description":"Chez Tessi, nous avons \u00e0 c\u0153ur de conjuguer d\u00e9veloppement technologique et croissance \u00e9conomique en tenant compte de l\u2019impact social, soci\u00e9tal et environnemental de nos activit\u00e9s.","breadcrumb":{"@id":"https:\/\/www.tessi.eu\/fr\/notre-politique-environnementale-et-societale\/#breadcrumb"},"inLanguage":"fr-FR","potentialAction":[{"@type":"ReadAction","target":["https:\/\/www.tessi.eu\/fr\/notre-politique-environnementale-et-societale\/"]}]},{"@type":"ImageObject","inLanguage":"fr-FR","@id":"https:\/\/www.tessi.eu\/fr\/notre-politique-environnementale-et-societale\/#primaryimage","url":"https:\/\/www.tessi.eu\/wp-content\/uploads\/2019\/01\/rse_header.jpg","contentUrl":"https:\/\/www.tessi.eu\/wp-content\/uploads\/2019\/01\/rse_header.jpg","caption":"rse reunion header"},{"@type":"BreadcrumbList","@id":"https:\/\/www.tessi.eu\/fr\/notre-politique-environnementale-et-societale\/#breadcrumb","itemListElement":[{"@type":"ListItem","position":1,"name":"Home","item":"https:\/\/www.tessi.eu\/fr\/"},{"@type":"ListItem","position":2,"name":"Notre politique environnementale et soci\u00e9tale"}]},{"@type":"WebSite","@id":"https:\/\/www.tessi.eu\/fr\/#website","url":"https:\/\/www.tessi.eu\/fr\/","name":"Tessi International","description":"","potentialAction":[{"@type":"SearchAction","target":{"@type":"EntryPoint","urlTemplate":"https:\/\/www.tessi.eu\/fr\/?s={search_term_string}"},"query-input":{"@type":"PropertyValueSpecification","valueRequired":true,"valueName":"search_term_string"}}],"inLanguage":"fr-FR"}]}},"_links":{"self":[{"href":"https:\/\/www.tessi.eu\/fr\/wp-json\/wp\/v2\/pages\/570\/"}],"collection":[{"href":"https:\/\/www.tessi.eu\/fr\/wp-json\/wp\/v2\/pages\/"}],"about":[{"href":"https:\/\/www.tessi.eu\/fr\/wp-json\/wp\/v2\/types\/page\/"}],"author":[{"embeddable":true,"href":"https:\/\/www.tessi.eu\/fr\/wp-json\/wp\/v2\/users\/1\/"}],"replies":[{"embeddable":true,"href":"https:\/\/www.tessi.eu\/fr\/wp-json\/wp\/v2\/comments\/?post=570"}],"version-history":[{"count":11,"href":"https:\/\/www.tessi.eu\/fr\/wp-json\/wp\/v2\/pages\/570\/revisions\/"}],"predecessor-version":[{"id":67981,"href":"https:\/\/www.tessi.eu\/fr\/wp-json\/wp\/v2\/pages\/570\/revisions\/67981\/"}],"wp:featuredmedia":[{"embeddable":true,"href":"https:\/\/www.tessi.eu\/fr\/wp-json\/wp\/v2\/media\/571\/"}],"wp:attachment":[{"href":"https:\/\/www.tessi.eu\/fr\/wp-json\/wp\/v2\/media\/?parent=570"}],"curies":[{"name":"wp","href":"https:\/\/api.w.org\/{rel}","templated":true}]}}