{"id":53120,"date":"2025-03-03T09:58:37","date_gmt":"2025-03-03T08:58:37","guid":{"rendered":"https:\/\/www.tessi.eu\/?page_id=53120\/"},"modified":"2025-07-02T15:17:27","modified_gmt":"2025-07-02T13:17:27","slug":"observatoire-tessi-de-la-fraude-documentaire","status":"publish","type":"page","link":"https:\/\/www.tessi.eu\/fr\/observatoire-tessi-de-la-fraude-documentaire\/","title":{"rendered":"Observatoire Tessi de la fraude documentaire\u00a0"},"content":{"rendered":"","protected":false},"excerpt":{"rendered":"","protected":false},"author":11,"featured_media":53398,"parent":0,"menu_order":2,"comment_status":"closed","ping_status":"closed","template":"page-templates\/expertise.php","meta":{"_acf_changed":false,"footnotes":""},"class_list":["post-53120","page","type-page","status-publish","has-post-thumbnail","hentry"],"acf":[],"yoast_head":"<!-- This site is optimized with the Yoast SEO Premium plugin v22.3 (Yoast SEO v27.1.1) - https:\/\/yoast.com\/product\/yoast-seo-premium-wordpress\/ -->\n<title>Observatoire Tessi de la fraude documentaire\u00a0 - Tessi International<\/title>\n<meta name=\"description\" content=\"La fraude documentaire est aujourd\u2019hui une menace syst\u00e9mique pour l\u2019\u00e9conomie fran\u00e7aise. Amplifi\u00e9e par l\u2019essor de l\u2019IA g\u00e9n\u00e9rative, elle touche tous les secteurs d\u2019activit\u00e9...\" \/>\n<meta name=\"robots\" content=\"index, follow, max-snippet:-1, max-image-preview:large, max-video-preview:-1\" \/>\n<link rel=\"canonical\" href=\"https:\/\/www.tessi.eu\/fr\/observatoire-tessi-de-la-fraude-documentaire\/\" \/>\n<meta property=\"og:locale\" content=\"fr_FR\" \/>\n<meta property=\"og:type\" content=\"article\" \/>\n<meta property=\"og:title\" content=\"Observatoire Tessi de la fraude documentaire\u00a0\" \/>\n<meta property=\"og:description\" content=\"La fraude documentaire est aujourd\u2019hui une menace syst\u00e9mique pour l\u2019\u00e9conomie fran\u00e7aise. Amplifi\u00e9e par l\u2019essor de l\u2019IA g\u00e9n\u00e9rative, elle touche tous les secteurs d\u2019activit\u00e9...\" \/>\n<meta property=\"og:url\" content=\"https:\/\/www.tessi.eu\/fr\/observatoire-tessi-de-la-fraude-documentaire\/\" \/>\n<meta property=\"og:site_name\" content=\"Tessi International\" \/>\n<meta property=\"article:modified_time\" content=\"2025-07-02T13:17:27+00:00\" \/>\n<meta property=\"og:image\" content=\"https:\/\/www.tessi.eu\/wp-content\/uploads\/2025\/03\/vignette-tessi-fraude.jpg\" \/>\n\t<meta property=\"og:image:width\" content=\"624\" \/>\n\t<meta property=\"og:image:height\" content=\"400\" \/>\n\t<meta property=\"og:image:type\" content=\"image\/jpeg\" \/>\n<meta name=\"twitter:card\" content=\"summary_large_image\" \/>\n<meta name=\"twitter:label1\" content=\"Dur\u00e9e de lecture estim\u00e9e\" \/>\n\t<meta name=\"twitter:data1\" content=\"1 minute\" \/>\n<script type=\"application\/ld+json\" class=\"yoast-schema-graph\">{\"@context\":\"https:\/\/schema.org\",\"@graph\":[{\"@type\":\"WebPage\",\"@id\":\"https:\/\/www.tessi.eu\/fr\/observatoire-tessi-de-la-fraude-documentaire\/\",\"url\":\"https:\/\/www.tessi.eu\/fr\/observatoire-tessi-de-la-fraude-documentaire\/\",\"name\":\"Observatoire Tessi de la fraude documentaire\u00a0 - Tessi International\",\"isPartOf\":{\"@id\":\"https:\/\/www.tessi.eu\/fr\/#website\"},\"primaryImageOfPage\":{\"@id\":\"https:\/\/www.tessi.eu\/fr\/observatoire-tessi-de-la-fraude-documentaire\/#primaryimage\"},\"image\":{\"@id\":\"https:\/\/www.tessi.eu\/fr\/observatoire-tessi-de-la-fraude-documentaire\/#primaryimage\"},\"thumbnailUrl\":\"https:\/\/www.tessi.eu\/wp-content\/uploads\/2025\/03\/vignette-tessi-fraude.jpg\",\"datePublished\":\"2025-03-03T08:58:37+00:00\",\"dateModified\":\"2025-07-02T13:17:27+00:00\",\"description\":\"La fraude documentaire est aujourd\u2019hui une menace syst\u00e9mique pour l\u2019\u00e9conomie fran\u00e7aise. Amplifi\u00e9e par l\u2019essor de l\u2019IA g\u00e9n\u00e9rative, elle touche tous les secteurs d\u2019activit\u00e9...\",\"breadcrumb\":{\"@id\":\"https:\/\/www.tessi.eu\/fr\/observatoire-tessi-de-la-fraude-documentaire\/#breadcrumb\"},\"inLanguage\":\"fr-FR\",\"potentialAction\":[{\"@type\":\"ReadAction\",\"target\":[\"https:\/\/www.tessi.eu\/fr\/observatoire-tessi-de-la-fraude-documentaire\/\"]}]},{\"@type\":\"ImageObject\",\"inLanguage\":\"fr-FR\",\"@id\":\"https:\/\/www.tessi.eu\/fr\/observatoire-tessi-de-la-fraude-documentaire\/#primaryimage\",\"url\":\"https:\/\/www.tessi.eu\/wp-content\/uploads\/2025\/03\/vignette-tessi-fraude.jpg\",\"contentUrl\":\"https:\/\/www.tessi.eu\/wp-content\/uploads\/2025\/03\/vignette-tessi-fraude.jpg\",\"width\":624,\"height\":400,\"caption\":\"vignette tessi fraude\"},{\"@type\":\"BreadcrumbList\",\"@id\":\"https:\/\/www.tessi.eu\/fr\/observatoire-tessi-de-la-fraude-documentaire\/#breadcrumb\",\"itemListElement\":[{\"@type\":\"ListItem\",\"position\":1,\"name\":\"Home\",\"item\":\"https:\/\/www.tessi.eu\/fr\/\"},{\"@type\":\"ListItem\",\"position\":2,\"name\":\"Observatoire Tessi de la fraude documentaire\u00a0\"}]},{\"@type\":\"WebSite\",\"@id\":\"https:\/\/www.tessi.eu\/fr\/#website\",\"url\":\"https:\/\/www.tessi.eu\/fr\/\",\"name\":\"Tessi International\",\"description\":\"\",\"potentialAction\":[{\"@type\":\"SearchAction\",\"target\":{\"@type\":\"EntryPoint\",\"urlTemplate\":\"https:\/\/www.tessi.eu\/fr\/?s={search_term_string}\"},\"query-input\":{\"@type\":\"PropertyValueSpecification\",\"valueRequired\":true,\"valueName\":\"search_term_string\"}}],\"inLanguage\":\"fr-FR\"}]}<\/script>\n<!-- \/ Yoast SEO Premium plugin. -->","yoast_head_json":{"title":"Observatoire Tessi de la fraude documentaire\u00a0 - Tessi International","description":"La fraude documentaire est aujourd\u2019hui une menace syst\u00e9mique pour l\u2019\u00e9conomie fran\u00e7aise. Amplifi\u00e9e par l\u2019essor de l\u2019IA g\u00e9n\u00e9rative, elle touche tous les secteurs d\u2019activit\u00e9...","robots":{"index":"index","follow":"follow","max-snippet":"max-snippet:-1","max-image-preview":"max-image-preview:large","max-video-preview":"max-video-preview:-1"},"canonical":"https:\/\/www.tessi.eu\/fr\/observatoire-tessi-de-la-fraude-documentaire\/","og_locale":"fr_FR","og_type":"article","og_title":"Observatoire Tessi de la fraude documentaire\u00a0","og_description":"La fraude documentaire est aujourd\u2019hui une menace syst\u00e9mique pour l\u2019\u00e9conomie fran\u00e7aise. Amplifi\u00e9e par l\u2019essor de l\u2019IA g\u00e9n\u00e9rative, elle touche tous les secteurs d\u2019activit\u00e9...","og_url":"https:\/\/www.tessi.eu\/fr\/observatoire-tessi-de-la-fraude-documentaire\/","og_site_name":"Tessi International","article_modified_time":"2025-07-02T13:17:27+00:00","og_image":[{"width":624,"height":400,"url":"https:\/\/www.tessi.eu\/wp-content\/uploads\/2025\/03\/vignette-tessi-fraude.jpg","type":"image\/jpeg"}],"twitter_card":"summary_large_image","twitter_misc":{"Dur\u00e9e de lecture estim\u00e9e":"1 minute"},"schema":{"@context":"https:\/\/schema.org","@graph":[{"@type":"WebPage","@id":"https:\/\/www.tessi.eu\/fr\/observatoire-tessi-de-la-fraude-documentaire\/","url":"https:\/\/www.tessi.eu\/fr\/observatoire-tessi-de-la-fraude-documentaire\/","name":"Observatoire Tessi de la fraude documentaire\u00a0 - Tessi International","isPartOf":{"@id":"https:\/\/www.tessi.eu\/fr\/#website"},"primaryImageOfPage":{"@id":"https:\/\/www.tessi.eu\/fr\/observatoire-tessi-de-la-fraude-documentaire\/#primaryimage"},"image":{"@id":"https:\/\/www.tessi.eu\/fr\/observatoire-tessi-de-la-fraude-documentaire\/#primaryimage"},"thumbnailUrl":"https:\/\/www.tessi.eu\/wp-content\/uploads\/2025\/03\/vignette-tessi-fraude.jpg","datePublished":"2025-03-03T08:58:37+00:00","dateModified":"2025-07-02T13:17:27+00:00","description":"La fraude documentaire est aujourd\u2019hui une menace syst\u00e9mique pour l\u2019\u00e9conomie fran\u00e7aise. Amplifi\u00e9e par l\u2019essor de l\u2019IA g\u00e9n\u00e9rative, elle touche tous les secteurs d\u2019activit\u00e9...","breadcrumb":{"@id":"https:\/\/www.tessi.eu\/fr\/observatoire-tessi-de-la-fraude-documentaire\/#breadcrumb"},"inLanguage":"fr-FR","potentialAction":[{"@type":"ReadAction","target":["https:\/\/www.tessi.eu\/fr\/observatoire-tessi-de-la-fraude-documentaire\/"]}]},{"@type":"ImageObject","inLanguage":"fr-FR","@id":"https:\/\/www.tessi.eu\/fr\/observatoire-tessi-de-la-fraude-documentaire\/#primaryimage","url":"https:\/\/www.tessi.eu\/wp-content\/uploads\/2025\/03\/vignette-tessi-fraude.jpg","contentUrl":"https:\/\/www.tessi.eu\/wp-content\/uploads\/2025\/03\/vignette-tessi-fraude.jpg","width":624,"height":400,"caption":"vignette tessi fraude"},{"@type":"BreadcrumbList","@id":"https:\/\/www.tessi.eu\/fr\/observatoire-tessi-de-la-fraude-documentaire\/#breadcrumb","itemListElement":[{"@type":"ListItem","position":1,"name":"Home","item":"https:\/\/www.tessi.eu\/fr\/"},{"@type":"ListItem","position":2,"name":"Observatoire Tessi de la fraude documentaire\u00a0"}]},{"@type":"WebSite","@id":"https:\/\/www.tessi.eu\/fr\/#website","url":"https:\/\/www.tessi.eu\/fr\/","name":"Tessi International","description":"","potentialAction":[{"@type":"SearchAction","target":{"@type":"EntryPoint","urlTemplate":"https:\/\/www.tessi.eu\/fr\/?s={search_term_string}"},"query-input":{"@type":"PropertyValueSpecification","valueRequired":true,"valueName":"search_term_string"}}],"inLanguage":"fr-FR"}]}},"_links":{"self":[{"href":"https:\/\/www.tessi.eu\/fr\/wp-json\/wp\/v2\/pages\/53120\/"}],"collection":[{"href":"https:\/\/www.tessi.eu\/fr\/wp-json\/wp\/v2\/pages\/"}],"about":[{"href":"https:\/\/www.tessi.eu\/fr\/wp-json\/wp\/v2\/types\/page\/"}],"author":[{"embeddable":true,"href":"https:\/\/www.tessi.eu\/fr\/wp-json\/wp\/v2\/users\/11\/"}],"replies":[{"embeddable":true,"href":"https:\/\/www.tessi.eu\/fr\/wp-json\/wp\/v2\/comments\/?post=53120"}],"version-history":[{"count":10,"href":"https:\/\/www.tessi.eu\/fr\/wp-json\/wp\/v2\/pages\/53120\/revisions\/"}],"predecessor-version":[{"id":58673,"href":"https:\/\/www.tessi.eu\/fr\/wp-json\/wp\/v2\/pages\/53120\/revisions\/58673\/"}],"wp:featuredmedia":[{"embeddable":true,"href":"https:\/\/www.tessi.eu\/fr\/wp-json\/wp\/v2\/media\/53398\/"}],"wp:attachment":[{"href":"https:\/\/www.tessi.eu\/fr\/wp-json\/wp\/v2\/media\/?parent=53120"}],"curies":[{"name":"wp","href":"https:\/\/api.w.org\/{rel}","templated":true}]}}