{"id":36,"date":"2018-12-14T12:56:58","date_gmt":"2018-12-14T10:56:58","guid":{"rendered":"https:\/\/www.tessi.eu\/?page_id=36"},"modified":"2026-05-06T14:36:07","modified_gmt":"2026-05-06T12:36:07","slug":"espace-carrieres","status":"publish","type":"page","link":"https:\/\/www.tessi.eu\/fr\/espace-carrieres\/","title":{"rendered":"Espace carri\u00e8res"},"content":{"rendered":"","protected":false},"excerpt":{"rendered":"","protected":false},"author":1,"featured_media":3248,"parent":0,"menu_order":93,"comment_status":"closed","ping_status":"closed","template":"page-templates\/carriere.php","meta":{"_acf_changed":false,"footnotes":""},"class_list":["post-36","page","type-page","status-publish","has-post-thumbnail","hentry"],"acf":[],"yoast_head":"<!-- This site is optimized with the Yoast SEO Premium plugin v22.3 (Yoast SEO v27.1.1) - https:\/\/yoast.com\/product\/yoast-seo-premium-wordpress\/ -->\n<title>Espace carri\u00e8res - Tessi International<\/title>\n<meta name=\"description\" content=\"Vous recherchez une entreprise qui place l\u2019innovation au c\u0153ur de ses activit\u00e9s ? Ensemble, cr\u00e9ons des solutions audacieuses pour am\u00e9liorer la performance de nos clients et acc\u00e9l\u00e9rer votre carri\u00e8re.\" \/>\n<meta name=\"robots\" content=\"index, follow, max-snippet:-1, max-image-preview:large, max-video-preview:-1\" \/>\n<link rel=\"canonical\" href=\"https:\/\/www.tessi.eu\/fr\/espace-carrieres\/\" \/>\n<meta property=\"og:locale\" content=\"fr_FR\" \/>\n<meta property=\"og:type\" content=\"article\" \/>\n<meta property=\"og:title\" content=\"Espace carri\u00e8res\" \/>\n<meta property=\"og:description\" content=\"Vous recherchez une entreprise qui place l\u2019innovation au c\u0153ur de ses activit\u00e9s ? Ensemble, cr\u00e9ons des solutions audacieuses pour am\u00e9liorer la performance de nos clients et acc\u00e9l\u00e9rer votre carri\u00e8re.\" \/>\n<meta property=\"og:url\" content=\"https:\/\/www.tessi.eu\/fr\/espace-carrieres\/\" \/>\n<meta property=\"og:site_name\" content=\"Tessi International\" \/>\n<meta property=\"article:modified_time\" content=\"2026-05-06T12:36:07+00:00\" \/>\n<meta property=\"og:image\" content=\"https:\/\/www.tessi.eu\/wp-content\/uploads\/2019\/03\/header.jpg\" \/>\n\t<meta property=\"og:image:width\" content=\"1240\" \/>\n\t<meta property=\"og:image:height\" content=\"430\" \/>\n\t<meta property=\"og:image:type\" content=\"image\/jpeg\" \/>\n<meta name=\"twitter:card\" content=\"summary_large_image\" \/>\n<meta name=\"twitter:label1\" content=\"Dur\u00e9e de lecture estim\u00e9e\" \/>\n\t<meta name=\"twitter:data1\" content=\"1 minute\" \/>\n<script type=\"application\/ld+json\" class=\"yoast-schema-graph\">{\"@context\":\"https:\/\/schema.org\",\"@graph\":[{\"@type\":\"WebPage\",\"@id\":\"https:\/\/www.tessi.eu\/fr\/espace-carrieres\/\",\"url\":\"https:\/\/www.tessi.eu\/fr\/espace-carrieres\/\",\"name\":\"Espace carri\u00e8res - Tessi International\",\"isPartOf\":{\"@id\":\"https:\/\/www.tessi.eu\/fr\/#website\"},\"primaryImageOfPage\":{\"@id\":\"https:\/\/www.tessi.eu\/fr\/espace-carrieres\/#primaryimage\"},\"image\":{\"@id\":\"https:\/\/www.tessi.eu\/fr\/espace-carrieres\/#primaryimage\"},\"thumbnailUrl\":\"https:\/\/www.tessi.eu\/wp-content\/uploads\/2019\/03\/header.jpg\",\"datePublished\":\"2018-12-14T10:56:58+00:00\",\"dateModified\":\"2026-05-06T12:36:07+00:00\",\"description\":\"Vous recherchez une entreprise qui place l\u2019innovation au c\u0153ur de ses activit\u00e9s ? Ensemble, cr\u00e9ons des solutions audacieuses pour am\u00e9liorer la performance de nos clients et acc\u00e9l\u00e9rer votre carri\u00e8re.\",\"breadcrumb\":{\"@id\":\"https:\/\/www.tessi.eu\/fr\/espace-carrieres\/#breadcrumb\"},\"inLanguage\":\"fr-FR\",\"potentialAction\":[{\"@type\":\"ReadAction\",\"target\":[\"https:\/\/www.tessi.eu\/fr\/espace-carrieres\/\"]}]},{\"@type\":\"ImageObject\",\"inLanguage\":\"fr-FR\",\"@id\":\"https:\/\/www.tessi.eu\/fr\/espace-carrieres\/#primaryimage\",\"url\":\"https:\/\/www.tessi.eu\/wp-content\/uploads\/2019\/03\/header.jpg\",\"contentUrl\":\"https:\/\/www.tessi.eu\/wp-content\/uploads\/2019\/03\/header.jpg\",\"width\":1240,\"height\":430,\"caption\":\"header\"},{\"@type\":\"BreadcrumbList\",\"@id\":\"https:\/\/www.tessi.eu\/fr\/espace-carrieres\/#breadcrumb\",\"itemListElement\":[{\"@type\":\"ListItem\",\"position\":1,\"name\":\"Home\",\"item\":\"https:\/\/www.tessi.eu\/fr\/\"},{\"@type\":\"ListItem\",\"position\":2,\"name\":\"Espace carri\u00e8res\"}]},{\"@type\":\"WebSite\",\"@id\":\"https:\/\/www.tessi.eu\/fr\/#website\",\"url\":\"https:\/\/www.tessi.eu\/fr\/\",\"name\":\"Tessi International\",\"description\":\"\",\"potentialAction\":[{\"@type\":\"SearchAction\",\"target\":{\"@type\":\"EntryPoint\",\"urlTemplate\":\"https:\/\/www.tessi.eu\/fr\/?s={search_term_string}\"},\"query-input\":{\"@type\":\"PropertyValueSpecification\",\"valueRequired\":true,\"valueName\":\"search_term_string\"}}],\"inLanguage\":\"fr-FR\"}]}<\/script>\n<!-- \/ Yoast SEO Premium plugin. -->","yoast_head_json":{"title":"Espace carri\u00e8res - Tessi International","description":"Vous recherchez une entreprise qui place l\u2019innovation au c\u0153ur de ses activit\u00e9s ? Ensemble, cr\u00e9ons des solutions audacieuses pour am\u00e9liorer la performance de nos clients et acc\u00e9l\u00e9rer votre carri\u00e8re.","robots":{"index":"index","follow":"follow","max-snippet":"max-snippet:-1","max-image-preview":"max-image-preview:large","max-video-preview":"max-video-preview:-1"},"canonical":"https:\/\/www.tessi.eu\/fr\/espace-carrieres\/","og_locale":"fr_FR","og_type":"article","og_title":"Espace carri\u00e8res","og_description":"Vous recherchez une entreprise qui place l\u2019innovation au c\u0153ur de ses activit\u00e9s ? Ensemble, cr\u00e9ons des solutions audacieuses pour am\u00e9liorer la performance de nos clients et acc\u00e9l\u00e9rer votre carri\u00e8re.","og_url":"https:\/\/www.tessi.eu\/fr\/espace-carrieres\/","og_site_name":"Tessi International","article_modified_time":"2026-05-06T12:36:07+00:00","og_image":[{"width":1240,"height":430,"url":"https:\/\/www.tessi.eu\/wp-content\/uploads\/2019\/03\/header.jpg","type":"image\/jpeg"}],"twitter_card":"summary_large_image","twitter_misc":{"Dur\u00e9e de lecture estim\u00e9e":"1 minute"},"schema":{"@context":"https:\/\/schema.org","@graph":[{"@type":"WebPage","@id":"https:\/\/www.tessi.eu\/fr\/espace-carrieres\/","url":"https:\/\/www.tessi.eu\/fr\/espace-carrieres\/","name":"Espace carri\u00e8res - Tessi International","isPartOf":{"@id":"https:\/\/www.tessi.eu\/fr\/#website"},"primaryImageOfPage":{"@id":"https:\/\/www.tessi.eu\/fr\/espace-carrieres\/#primaryimage"},"image":{"@id":"https:\/\/www.tessi.eu\/fr\/espace-carrieres\/#primaryimage"},"thumbnailUrl":"https:\/\/www.tessi.eu\/wp-content\/uploads\/2019\/03\/header.jpg","datePublished":"2018-12-14T10:56:58+00:00","dateModified":"2026-05-06T12:36:07+00:00","description":"Vous recherchez une entreprise qui place l\u2019innovation au c\u0153ur de ses activit\u00e9s ? Ensemble, cr\u00e9ons des solutions audacieuses pour am\u00e9liorer la performance de nos clients et acc\u00e9l\u00e9rer votre carri\u00e8re.","breadcrumb":{"@id":"https:\/\/www.tessi.eu\/fr\/espace-carrieres\/#breadcrumb"},"inLanguage":"fr-FR","potentialAction":[{"@type":"ReadAction","target":["https:\/\/www.tessi.eu\/fr\/espace-carrieres\/"]}]},{"@type":"ImageObject","inLanguage":"fr-FR","@id":"https:\/\/www.tessi.eu\/fr\/espace-carrieres\/#primaryimage","url":"https:\/\/www.tessi.eu\/wp-content\/uploads\/2019\/03\/header.jpg","contentUrl":"https:\/\/www.tessi.eu\/wp-content\/uploads\/2019\/03\/header.jpg","width":1240,"height":430,"caption":"header"},{"@type":"BreadcrumbList","@id":"https:\/\/www.tessi.eu\/fr\/espace-carrieres\/#breadcrumb","itemListElement":[{"@type":"ListItem","position":1,"name":"Home","item":"https:\/\/www.tessi.eu\/fr\/"},{"@type":"ListItem","position":2,"name":"Espace carri\u00e8res"}]},{"@type":"WebSite","@id":"https:\/\/www.tessi.eu\/fr\/#website","url":"https:\/\/www.tessi.eu\/fr\/","name":"Tessi International","description":"","potentialAction":[{"@type":"SearchAction","target":{"@type":"EntryPoint","urlTemplate":"https:\/\/www.tessi.eu\/fr\/?s={search_term_string}"},"query-input":{"@type":"PropertyValueSpecification","valueRequired":true,"valueName":"search_term_string"}}],"inLanguage":"fr-FR"}]}},"_links":{"self":[{"href":"https:\/\/www.tessi.eu\/fr\/wp-json\/wp\/v2\/pages\/36\/"}],"collection":[{"href":"https:\/\/www.tessi.eu\/fr\/wp-json\/wp\/v2\/pages\/"}],"about":[{"href":"https:\/\/www.tessi.eu\/fr\/wp-json\/wp\/v2\/types\/page\/"}],"author":[{"embeddable":true,"href":"https:\/\/www.tessi.eu\/fr\/wp-json\/wp\/v2\/users\/1\/"}],"replies":[{"embeddable":true,"href":"https:\/\/www.tessi.eu\/fr\/wp-json\/wp\/v2\/comments\/?post=36"}],"version-history":[{"count":10,"href":"https:\/\/www.tessi.eu\/fr\/wp-json\/wp\/v2\/pages\/36\/revisions\/"}],"predecessor-version":[{"id":69654,"href":"https:\/\/www.tessi.eu\/fr\/wp-json\/wp\/v2\/pages\/36\/revisions\/69654\/"}],"wp:featuredmedia":[{"embeddable":true,"href":"https:\/\/www.tessi.eu\/fr\/wp-json\/wp\/v2\/media\/3248\/"}],"wp:attachment":[{"href":"https:\/\/www.tessi.eu\/fr\/wp-json\/wp\/v2\/media\/?parent=36"}],"curies":[{"name":"wp","href":"https:\/\/api.w.org\/{rel}","templated":true}]}}