{"id":25270,"date":"2022-11-30T08:35:07","date_gmt":"2022-11-30T07:35:07","guid":{"rendered":"https:\/\/www.tessi.eu\/ethics-and-compliance\/"},"modified":"2026-01-16T09:52:23","modified_gmt":"2026-01-16T08:52:23","slug":"ethique-et-conformite","status":"publish","type":"page","link":"https:\/\/www.tessi.eu\/fr\/ethique-et-conformite\/","title":{"rendered":"Ethique et conformit\u00e9"},"content":{"rendered":"<p>Pour d\u00e9fendre ses valeurs et ses engagements le Groupe a mis en place des politiques conformit\u00e9 qui accompagnent au quotidien les d\u00e9cisions strat\u00e9giques, le management et les pratiques professionnelles de l\u2019ensemble des collaborateurs du Groupe.<br \/>\nLa conformit\u00e9 est l\u2019ensemble des proc\u00e9dures et politiques que nous mettons en \u0153uvre pour d\u00e9fendre et promouvoir nos principes.<\/p>\n<p>Retrouvez ci-dessous nos engagements :<\/p>\n<table style=\"padding: 0px 30px 15px 30px;\">\n<tbody>\n<tr style=\"height: 1px; line-height: 1px;\">\n<td style=\"height: 1px; line-height: 1px; border-bottom: none;\"><\/td>\n<td style=\"height: 1px; line-height: 1px; border-bottom: none;\"><\/td>\n<td style=\"height: 1px; line-height: 1px; border-bottom: none;\"><\/td>\n<\/tr>\n<tr>\n<td align=\"center\" width=\"190\"><a title=\"T\u00e9l\u00e9charger BCR-RT\" href=\"https:\/\/www.tessi.eu\/wp-content\/uploads\/2026\/01\/tessi-bcr-responsable-du-traitement-bcr-rt-version-publique-fr-20260115.pdf\" target=\"_blank\" rel=\"noopener\"><img loading=\"lazy\" decoding=\"async\" class=\"size-full wp-image-67025\" title=\"Vignette-de-TESSI_BCR-Responsable-du-traitement-BCR-RT-version-publique-FR-20260115\" src=\"https:\/\/www.tessi.eu\/wp-content\/uploads\/2026\/01\/vignette-de-tessi-bcr-responsable-du-traitement-bcr-rt-version-publique-fr-20260115.jpg\" alt=\"vignette de tessi bcr responsable du traitement bcr rt version publique fr\" width=\"150\" height=\"212\" srcset=\"https:\/\/www.tessi.eu\/wp-content\/uploads\/2026\/01\/vignette-de-tessi-bcr-responsable-du-traitement-bcr-rt-version-publique-fr-20260115.jpg 150w, https:\/\/www.tessi.eu\/wp-content\/uploads\/2026\/01\/vignette-de-tessi-bcr-responsable-du-traitement-bcr-rt-version-publique-fr-20260115-17x24.jpg 17w, https:\/\/www.tessi.eu\/wp-content\/uploads\/2026\/01\/vignette-de-tessi-bcr-responsable-du-traitement-bcr-rt-version-publique-fr-20260115-25x36.jpg 25w, https:\/\/www.tessi.eu\/wp-content\/uploads\/2026\/01\/vignette-de-tessi-bcr-responsable-du-traitement-bcr-rt-version-publique-fr-20260115-34x48.jpg 34w\" sizes=\"auto, (max-width: 150px) 100vw, 150px\" \/><\/a><\/td>\n<td style=\"font-weight: bold;\" width=\"300\"><a style=\"color: #ea527e;\" title=\"T\u00e9l\u00e9charger BCR-RT\" href=\"https:\/\/www.tessi.eu\/wp-content\/uploads\/2026\/01\/tessi-bcr-responsable-du-traitement-bcr-rt-version-publique-fr-20260115.pdf\" target=\"_blank\" rel=\"noopener\">R\u00e8gles d&rsquo;entreprise contraignantes (BCR) \u00ab&nbsp;Responsable du Traitement&nbsp;\u00bb &#8211; Groupe Tessi<\/a><\/td>\n<td><a title=\"T\u00e9l\u00e9charger\" href=\"https:\/\/www.tessi.eu\/wp-content\/uploads\/2026\/01\/tessi-bcr-responsable-du-traitement-bcr-rt-version-publique-fr-20260115.pdf\" target=\"_blank\" rel=\"noopener\"><img loading=\"lazy\" decoding=\"async\" class=\"alignnone wp-image-25217 size-medium\" title=\"T\u00e9l\u00e9charger BCR-RT\" role=\"img\" src=\"https:\/\/www.tessi.eu\/wp-content\/uploads\/2022\/11\/download.svg\" alt=\"T\u00e9l\u00e9charger BCR-RT\" width=\"20\" height=\"300\" \/><\/a><\/td>\n<\/tr>\n<tr>\n<td align=\"center\" width=\"190\"><a title=\"T\u00e9l\u00e9charger Politique conformit\u00e9 Groupe\" href=\"https:\/\/www.tessi.eu\/wp-content\/uploads\/2024\/07\/tessi-politique-conformite-fr.pdf\" target=\"_blank\" rel=\"noopener\"><img loading=\"lazy\" decoding=\"async\" class=\"alignnone wp-image-25205 size-full\" src=\"https:\/\/www.tessi.eu\/wp-content\/uploads\/2024\/07\/tessi-politique-conformite-fr-212x150px.jpg\" alt=\"T\u00e9l\u00e9charger Politique conformit\u00e9 Groupe\" width=\"212\" height=\"150\" \/><\/a><\/td>\n<td style=\"font-weight: bold;\" width=\"300\"><a style=\"color: #ea527e;\" title=\"T\u00e9l\u00e9charger Politique conformit\u00e9 Groupe\" href=\"https:\/\/www.tessi.eu\/wp-content\/uploads\/2024\/07\/tessi-politique-conformite-fr.pdf\" target=\"_blank\" rel=\"noopener\">Politique conformit\u00e9 &#8211; Groupe Tessi<\/a><\/td>\n<td><a title=\"T\u00e9l\u00e9charger Politique conformit\u00e9 Groupe\" href=\"https:\/\/www.tessi.eu\/wp-content\/uploads\/2024\/07\/tessi-politique-conformite-fr.pdf\" target=\"_blank\" rel=\"noopener\"><img loading=\"lazy\" decoding=\"async\" class=\"alignnone wp-image-25217 size-medium\" title=\"T\u00e9l\u00e9charger Politique conformit\u00e9 Groupe\" role=\"img\" src=\"https:\/\/www.tessi.eu\/wp-content\/uploads\/2022\/11\/download.svg\" alt=\"T\u00e9l\u00e9charger Politique conformit\u00e9 Groupe\" width=\"20\" height=\"300\" \/><\/a><\/td>\n<\/tr>\n<tr>\n<td align=\"center\" width=\"190\"><a title=\"T\u00e9l\u00e9charger Charte fournisseurs\" href=\"https:\/\/www.tessi.eu\/wp-content\/uploads\/2024\/04\/charte-relations-fournisseurs-fr.pdf\" target=\"_blank\" rel=\"noopener\"><img loading=\"lazy\" decoding=\"async\" class=\"alignnone wp-image-25205 size-full\" src=\"https:\/\/www.tessi.eu\/wp-content\/uploads\/2024\/04\/charte-relations-fournisseurs-fr-vignette.jpg\" alt=\"Tessi Charte fournisseurs\" width=\"212\" height=\"150\" \/><\/a><\/td>\n<td style=\"font-weight: bold;\" width=\"300\"><a style=\"color: #ea527e;\" title=\"T\u00e9l\u00e9charger Charte fournisseurs\" href=\"https:\/\/www.tessi.eu\/wp-content\/uploads\/2024\/04\/charte-relations-fournisseurs-fr.pdf\" target=\"_blank\" rel=\"noopener\">Charte relation fournisseurs &#8211; Groupe Tessi<\/a><\/td>\n<td><a title=\"T\u00e9l\u00e9charger Charte fournisseurs\" href=\"https:\/\/www.tessi.eu\/wp-content\/uploads\/2024\/04\/charte-relations-fournisseurs-fr.pdf\" target=\"_blank\" rel=\"noopener\"><img loading=\"lazy\" decoding=\"async\" class=\"alignnone wp-image-25217 size-medium\" title=\"T\u00e9l\u00e9charger Charte fournisseurs\" role=\"img\" src=\"https:\/\/www.tessi.eu\/wp-content\/uploads\/2022\/11\/download.svg\" alt=\"T\u00e9l\u00e9charger Charte fournisseurs\" width=\"20\" height=\"300\" \/><\/a><\/td>\n<\/tr>\n<tr>\n<td align=\"center\" width=\"190\"><a title=\"T\u00e9l\u00e9charger BCR\" href=\"https:\/\/www.tessi.eu\/wp-content\/uploads\/2026\/01\/2026-01-15-tessi-bcr-st-fr.pdf\" target=\"_blank\" rel=\"noopener\"><img loading=\"lazy\" decoding=\"async\" class=\"alignnone wp-image-25205 size-full\" src=\"https:\/\/www.tessi.eu\/wp-content\/uploads\/2024\/02\/2024-01-17-tessi-bcr-fr-vignette.jpg\" alt=\"BCR Tessi\" width=\"150\" height=\"212\" \/><\/a><\/td>\n<td style=\"font-weight: bold;\" width=\"300\"><a style=\"color: #ea527e;\" title=\"T\u00e9l\u00e9charger BCR\" href=\"https:\/\/www.tessi.eu\/wp-content\/uploads\/2026\/01\/2026-01-15-tessi-bcr-st-fr.pdf\" target=\"_blank\" rel=\"noopener\">R\u00e8gles d&rsquo;entreprise contraignantes (BCR) &#8211; Groupe Tessi<\/a><\/td>\n<td><a title=\"T\u00e9l\u00e9charger\" href=\"https:\/\/www.tessi.eu\/wp-content\/uploads\/2026\/01\/2026-01-15-tessi-bcr-st-fr.pdf\" target=\"_blank\" rel=\"noopener\"><img loading=\"lazy\" decoding=\"async\" class=\"alignnone wp-image-25217 size-medium\" title=\"T\u00e9l\u00e9charger BCR\" role=\"img\" src=\"https:\/\/www.tessi.eu\/wp-content\/uploads\/2022\/11\/download.svg\" alt=\"T\u00e9l\u00e9charger BCR\" width=\"20\" height=\"300\" \/><\/a><\/td>\n<\/tr>\n<tr>\n<td align=\"center\" width=\"260\"><a title=\"T\u00e9l\u00e9charger\" href=\"https:\/\/www.tessi.eu\/wp-content\/uploads\/2024\/01\/tessi-code-ethique-2023-fr.pdf\" target=\"_blank\" rel=\"noopener\"><img loading=\"lazy\" decoding=\"async\" class=\"alignnone wp-image-25205 size-full\" src=\"https:\/\/www.tessi.eu\/wp-content\/uploads\/2024\/01\/tessi-code-ethique-2023-fr-vignette.jpg\" alt=\"code ethique tessi fr\" width=\"212\" height=\"150\" \/><\/a><\/td>\n<td style=\"font-weight: bold;\" width=\"400\"><a style=\"color: #ea527e;\" title=\"T\u00e9l\u00e9charger\" href=\"https:\/\/www.tessi.eu\/wp-content\/uploads\/2024\/01\/tessi-code-ethique-2023-fr.pdf\" target=\"_blank\" rel=\"noopener\">Code \u00e9thique &#8211; Groupe Tessi<\/a><\/td>\n<td><a title=\"T\u00e9l\u00e9charger\" href=\"https:\/\/www.tessi.eu\/wp-content\/uploads\/2024\/01\/tessi-code-ethique-2023-fr.pdf\" target=\"_blank\" rel=\"noopener\"><img loading=\"lazy\" decoding=\"async\" class=\"alignnone wp-image-25217 size-medium\" title=\"T\u00e9l\u00e9charger\" role=\"img\" src=\"https:\/\/www.tessi.eu\/wp-content\/uploads\/2022\/11\/download.svg\" alt=\"T\u00e9l\u00e9charger\" width=\"20\" height=\"300\" \/><\/a><\/td>\n<\/tr>\n<tr>\n<td align=\"center\"><a title=\"T\u00e9l\u00e9charger\" href=\"https:\/\/www.tessi.eu\/wp-content\/uploads\/2024\/02\/plan-de-vigilance-tessi-fr.pdf\" target=\"_blank\" rel=\"noopener\"><img loading=\"lazy\" decoding=\"async\" class=\"size-full wp-image-25209\" src=\"https:\/\/www.tessi.eu\/wp-content\/uploads\/2022\/11\/plan-de-vigilance-tessi-2022-fr.jpg\" alt=\"vigilance plan tessi en\" width=\"150\" height=\"212\" \/><\/a><\/td>\n<td style=\"font-weight: bold;\"><a style=\"color: #ea527e;\" title=\"T\u00e9l\u00e9charger\" href=\"https:\/\/www.tessi.eu\/wp-content\/uploads\/2024\/02\/plan-de-vigilance-tessi-fr.pdf\" target=\"_blank\" rel=\"noopener\">Plan de vigilance &#8211; Groupe Tessi<\/a><\/td>\n<td><a title=\"T\u00e9l\u00e9charger\" href=\"https:\/\/www.tessi.eu\/wp-content\/uploads\/2024\/02\/plan-de-vigilance-tessi-fr.pdf\" target=\"_blank\" rel=\"noopener\"><img decoding=\"async\" class=\"size-medium wp-image-25217\" title=\"T\u00e9l\u00e9charger\" role=\"img\" src=\"https:\/\/www.tessi.eu\/wp-content\/uploads\/2022\/11\/download.svg\" alt=\"download\" width=\"20\" \/><\/a><\/td>\n<\/tr>\n<tr>\n<td style=\"border-bottom: none;\" align=\"center\"><a title=\"T\u00e9l\u00e9charger\" href=\"https:\/\/www.tessi.eu\/wp-content\/uploads\/2025\/07\/tessi-politique-droits-humains-fr.pdf\" target=\"_blank\" rel=\"noopener\"><img loading=\"lazy\" decoding=\"async\" class=\"size-full wp-image-25209\" src=\"https:\/\/www.tessi.eu\/wp-content\/uploads\/2025\/07\/tessi-politique-droits-humains-fr-vignette.png\" alt=\"Politique Droits Humains FR\" width=\"212\" height=\"150\" \/><\/a><\/td>\n<td style=\"font-weight: bold; border-bottom: none;\"><a style=\"color: #ea527e;\" title=\"T\u00e9l\u00e9charger\" href=\"https:\/\/www.tessi.eu\/wp-content\/uploads\/2025\/07\/tessi-politique-droits-humains-fr.pdf\" target=\"_blank\" rel=\"noopener\">Politique Droits Humains &#8211; Groupe Tessi<\/a><\/td>\n<td style=\"border-bottom: none;\"><a title=\"T\u00e9l\u00e9charger\" href=\"https:\/\/www.tessi.eu\/wp-content\/uploads\/2025\/07\/tessi-politique-droits-humains-fr.pdf\" target=\"_blank\" rel=\"noopener\"><img decoding=\"async\" class=\"size-medium wp-image-25217\" title=\"T\u00e9l\u00e9charger\" role=\"img\" src=\"https:\/\/www.tessi.eu\/wp-content\/uploads\/2022\/11\/download.svg\" alt=\"T\u00e9l\u00e9charger\" width=\"20\" \/><\/a><\/td>\n<\/tr>\n<\/tbody>\n<\/table>\n","protected":false},"excerpt":{"rendered":"<p>Pour d\u00e9fendre ses valeurs et ses engagements le Groupe a mis en place des politiques conformit\u00e9 qui accompagnent au quotidien les d\u00e9cisions strat\u00e9giques, le management et les pratiques professionnelles de l\u2019ensemble des collaborateurs du Groupe. La conformit\u00e9 est l\u2019ensemble des proc\u00e9dures et politiques que nous mettons en \u0153uvre pour d\u00e9fendre et promouvoir nos principes. Retrouvez [&hellip;]<\/p>\n","protected":false},"author":12,"featured_media":0,"parent":0,"menu_order":349,"comment_status":"closed","ping_status":"closed","template":"page-templates\/type-page.php","meta":{"_acf_changed":false,"footnotes":""},"class_list":["post-25270","page","type-page","status-publish","hentry"],"acf":[],"yoast_head":"<!-- This site is optimized with the Yoast SEO Premium plugin v22.3 (Yoast SEO v27.1.1) - https:\/\/yoast.com\/product\/yoast-seo-premium-wordpress\/ -->\n<title>Ethique et conformit\u00e9 - Tessi International<\/title>\n<meta name=\"description\" content=\"Pour d\u00e9fendre ses valeurs et ses engagements le Groupe a mis en place des politiques conformit\u00e9 qui accompagnent au quotidien les d\u00e9cisions strat\u00e9giques, le management et les pratiques professionnelles de l\u2019ensemble des collaborateurs du Groupe.\" \/>\n<meta name=\"robots\" content=\"index, follow, max-snippet:-1, max-image-preview:large, max-video-preview:-1\" \/>\n<link rel=\"canonical\" href=\"https:\/\/www.tessi.eu\/fr\/ethique-et-conformite\/\" \/>\n<meta property=\"og:locale\" content=\"fr_FR\" \/>\n<meta property=\"og:type\" content=\"article\" \/>\n<meta property=\"og:title\" content=\"Ethique et conformit\u00e9\" \/>\n<meta property=\"og:description\" content=\"Pour d\u00e9fendre ses valeurs et ses engagements le Groupe a mis en place des politiques conformit\u00e9 qui accompagnent au quotidien les d\u00e9cisions strat\u00e9giques, le management et les pratiques professionnelles de l\u2019ensemble des collaborateurs du Groupe.\" \/>\n<meta property=\"og:url\" content=\"https:\/\/www.tessi.eu\/fr\/ethique-et-conformite\/\" \/>\n<meta property=\"og:site_name\" content=\"Tessi International\" \/>\n<meta property=\"article:modified_time\" content=\"2026-01-16T08:52:23+00:00\" \/>\n<meta property=\"og:image\" content=\"https:\/\/www.tessi.eu\/wp-content\/uploads\/2026\/01\/vignette-de-tessi-bcr-responsable-du-traitement-bcr-rt-version-publique-fr-20260115.jpg\" \/>\n\t<meta property=\"og:image:width\" content=\"150\" \/>\n\t<meta property=\"og:image:height\" content=\"212\" \/>\n\t<meta property=\"og:image:type\" content=\"image\/jpeg\" \/>\n<meta name=\"twitter:card\" content=\"summary_large_image\" \/>\n<meta name=\"twitter:label1\" content=\"Dur\u00e9e de lecture estim\u00e9e\" \/>\n\t<meta name=\"twitter:data1\" content=\"4 minutes\" \/>\n<script type=\"application\/ld+json\" class=\"yoast-schema-graph\">{\"@context\":\"https:\/\/schema.org\",\"@graph\":[{\"@type\":\"WebPage\",\"@id\":\"https:\/\/www.tessi.eu\/fr\/ethique-et-conformite\/\",\"url\":\"https:\/\/www.tessi.eu\/fr\/ethique-et-conformite\/\",\"name\":\"Ethique et conformit\u00e9 - Tessi International\",\"isPartOf\":{\"@id\":\"https:\/\/www.tessi.eu\/fr\/#website\"},\"primaryImageOfPage\":{\"@id\":\"https:\/\/www.tessi.eu\/fr\/ethique-et-conformite\/#primaryimage\"},\"image\":{\"@id\":\"https:\/\/www.tessi.eu\/fr\/ethique-et-conformite\/#primaryimage\"},\"thumbnailUrl\":\"https:\/\/www.tessi.eu\/wp-content\/uploads\/2026\/01\/vignette-de-tessi-bcr-responsable-du-traitement-bcr-rt-version-publique-fr-20260115.jpg\",\"datePublished\":\"2022-11-30T07:35:07+00:00\",\"dateModified\":\"2026-01-16T08:52:23+00:00\",\"description\":\"Pour d\u00e9fendre ses valeurs et ses engagements le Groupe a mis en place des politiques conformit\u00e9 qui accompagnent au quotidien les d\u00e9cisions strat\u00e9giques, le management et les pratiques professionnelles de l\u2019ensemble des collaborateurs du Groupe.\",\"breadcrumb\":{\"@id\":\"https:\/\/www.tessi.eu\/fr\/ethique-et-conformite\/#breadcrumb\"},\"inLanguage\":\"fr-FR\",\"potentialAction\":[{\"@type\":\"ReadAction\",\"target\":[\"https:\/\/www.tessi.eu\/fr\/ethique-et-conformite\/\"]}]},{\"@type\":\"ImageObject\",\"inLanguage\":\"fr-FR\",\"@id\":\"https:\/\/www.tessi.eu\/fr\/ethique-et-conformite\/#primaryimage\",\"url\":\"https:\/\/www.tessi.eu\/wp-content\/uploads\/2026\/01\/vignette-de-tessi-bcr-responsable-du-traitement-bcr-rt-version-publique-fr-20260115.jpg\",\"contentUrl\":\"https:\/\/www.tessi.eu\/wp-content\/uploads\/2026\/01\/vignette-de-tessi-bcr-responsable-du-traitement-bcr-rt-version-publique-fr-20260115.jpg\"},{\"@type\":\"BreadcrumbList\",\"@id\":\"https:\/\/www.tessi.eu\/fr\/ethique-et-conformite\/#breadcrumb\",\"itemListElement\":[{\"@type\":\"ListItem\",\"position\":1,\"name\":\"Home\",\"item\":\"https:\/\/www.tessi.eu\/fr\/\"},{\"@type\":\"ListItem\",\"position\":2,\"name\":\"Ethique et conformit\u00e9\"}]},{\"@type\":\"WebSite\",\"@id\":\"https:\/\/www.tessi.eu\/fr\/#website\",\"url\":\"https:\/\/www.tessi.eu\/fr\/\",\"name\":\"Tessi International\",\"description\":\"\",\"potentialAction\":[{\"@type\":\"SearchAction\",\"target\":{\"@type\":\"EntryPoint\",\"urlTemplate\":\"https:\/\/www.tessi.eu\/fr\/?s={search_term_string}\"},\"query-input\":{\"@type\":\"PropertyValueSpecification\",\"valueRequired\":true,\"valueName\":\"search_term_string\"}}],\"inLanguage\":\"fr-FR\"}]}<\/script>\n<!-- \/ Yoast SEO Premium plugin. -->","yoast_head_json":{"title":"Ethique et conformit\u00e9 - Tessi International","description":"Pour d\u00e9fendre ses valeurs et ses engagements le Groupe a mis en place des politiques conformit\u00e9 qui accompagnent au quotidien les d\u00e9cisions strat\u00e9giques, le management et les pratiques professionnelles de l\u2019ensemble des collaborateurs du Groupe.","robots":{"index":"index","follow":"follow","max-snippet":"max-snippet:-1","max-image-preview":"max-image-preview:large","max-video-preview":"max-video-preview:-1"},"canonical":"https:\/\/www.tessi.eu\/fr\/ethique-et-conformite\/","og_locale":"fr_FR","og_type":"article","og_title":"Ethique et conformit\u00e9","og_description":"Pour d\u00e9fendre ses valeurs et ses engagements le Groupe a mis en place des politiques conformit\u00e9 qui accompagnent au quotidien les d\u00e9cisions strat\u00e9giques, le management et les pratiques professionnelles de l\u2019ensemble des collaborateurs du Groupe.","og_url":"https:\/\/www.tessi.eu\/fr\/ethique-et-conformite\/","og_site_name":"Tessi International","article_modified_time":"2026-01-16T08:52:23+00:00","og_image":[{"width":150,"height":212,"url":"https:\/\/www.tessi.eu\/wp-content\/uploads\/2026\/01\/vignette-de-tessi-bcr-responsable-du-traitement-bcr-rt-version-publique-fr-20260115.jpg","type":"image\/jpeg"}],"twitter_card":"summary_large_image","twitter_misc":{"Dur\u00e9e de lecture estim\u00e9e":"4 minutes"},"schema":{"@context":"https:\/\/schema.org","@graph":[{"@type":"WebPage","@id":"https:\/\/www.tessi.eu\/fr\/ethique-et-conformite\/","url":"https:\/\/www.tessi.eu\/fr\/ethique-et-conformite\/","name":"Ethique et conformit\u00e9 - Tessi International","isPartOf":{"@id":"https:\/\/www.tessi.eu\/fr\/#website"},"primaryImageOfPage":{"@id":"https:\/\/www.tessi.eu\/fr\/ethique-et-conformite\/#primaryimage"},"image":{"@id":"https:\/\/www.tessi.eu\/fr\/ethique-et-conformite\/#primaryimage"},"thumbnailUrl":"https:\/\/www.tessi.eu\/wp-content\/uploads\/2026\/01\/vignette-de-tessi-bcr-responsable-du-traitement-bcr-rt-version-publique-fr-20260115.jpg","datePublished":"2022-11-30T07:35:07+00:00","dateModified":"2026-01-16T08:52:23+00:00","description":"Pour d\u00e9fendre ses valeurs et ses engagements le Groupe a mis en place des politiques conformit\u00e9 qui accompagnent au quotidien les d\u00e9cisions strat\u00e9giques, le management et les pratiques professionnelles de l\u2019ensemble des collaborateurs du Groupe.","breadcrumb":{"@id":"https:\/\/www.tessi.eu\/fr\/ethique-et-conformite\/#breadcrumb"},"inLanguage":"fr-FR","potentialAction":[{"@type":"ReadAction","target":["https:\/\/www.tessi.eu\/fr\/ethique-et-conformite\/"]}]},{"@type":"ImageObject","inLanguage":"fr-FR","@id":"https:\/\/www.tessi.eu\/fr\/ethique-et-conformite\/#primaryimage","url":"https:\/\/www.tessi.eu\/wp-content\/uploads\/2026\/01\/vignette-de-tessi-bcr-responsable-du-traitement-bcr-rt-version-publique-fr-20260115.jpg","contentUrl":"https:\/\/www.tessi.eu\/wp-content\/uploads\/2026\/01\/vignette-de-tessi-bcr-responsable-du-traitement-bcr-rt-version-publique-fr-20260115.jpg"},{"@type":"BreadcrumbList","@id":"https:\/\/www.tessi.eu\/fr\/ethique-et-conformite\/#breadcrumb","itemListElement":[{"@type":"ListItem","position":1,"name":"Home","item":"https:\/\/www.tessi.eu\/fr\/"},{"@type":"ListItem","position":2,"name":"Ethique et conformit\u00e9"}]},{"@type":"WebSite","@id":"https:\/\/www.tessi.eu\/fr\/#website","url":"https:\/\/www.tessi.eu\/fr\/","name":"Tessi International","description":"","potentialAction":[{"@type":"SearchAction","target":{"@type":"EntryPoint","urlTemplate":"https:\/\/www.tessi.eu\/fr\/?s={search_term_string}"},"query-input":{"@type":"PropertyValueSpecification","valueRequired":true,"valueName":"search_term_string"}}],"inLanguage":"fr-FR"}]}},"_links":{"self":[{"href":"https:\/\/www.tessi.eu\/fr\/wp-json\/wp\/v2\/pages\/25270\/"}],"collection":[{"href":"https:\/\/www.tessi.eu\/fr\/wp-json\/wp\/v2\/pages\/"}],"about":[{"href":"https:\/\/www.tessi.eu\/fr\/wp-json\/wp\/v2\/types\/page\/"}],"author":[{"embeddable":true,"href":"https:\/\/www.tessi.eu\/fr\/wp-json\/wp\/v2\/users\/12\/"}],"replies":[{"embeddable":true,"href":"https:\/\/www.tessi.eu\/fr\/wp-json\/wp\/v2\/comments\/?post=25270"}],"version-history":[{"count":10,"href":"https:\/\/www.tessi.eu\/fr\/wp-json\/wp\/v2\/pages\/25270\/revisions\/"}],"predecessor-version":[{"id":67052,"href":"https:\/\/www.tessi.eu\/fr\/wp-json\/wp\/v2\/pages\/25270\/revisions\/67052\/"}],"wp:attachment":[{"href":"https:\/\/www.tessi.eu\/fr\/wp-json\/wp\/v2\/media\/?parent=25270"}],"curies":[{"name":"wp","href":"https:\/\/api.w.org\/{rel}","templated":true}]}}