{"id":22226,"date":"2022-03-30T11:40:27","date_gmt":"2022-03-30T09:40:27","guid":{"rendered":"https:\/\/www.tessi.eu\/?page_id=22226\/"},"modified":"2022-03-30T17:25:04","modified_gmt":"2022-03-30T15:25:04","slug":"accessibilite","status":"publish","type":"page","link":"https:\/\/www.tessi.eu\/fr\/accessibilite\/","title":{"rendered":"Accessibilit\u00e9"},"content":{"rendered":"<h2>D\u00e9claration d\u2019accessibilit\u00e9<\/h3>\n<p>Tessi s\u2019engage \u00e0 rendre le site internet https:\/\/www.tessi.eu\/fr\/ (ci-apr\u00e8s le \u00ab Site \u00bb) accessible conform\u00e9ment \u00e0 l\u2019article 47 de la loi n\u00b02005-102 du 11 f\u00e9vrier 2005.<br \/>\nA cette fin, elle met en \u0153uvre la strat\u00e9gie et les actions suivantes :<\/p>\n<ul style=\"margin-bottom: 5px;\">\n<li>Le Sch\u00e9ma pluriannuel de mise en accessibilit\u00e9 2022-2024 ainsi que le Plan d\u2019actions 2022 sont en cours de r\u00e9daction et seront publi\u00e9s prochainement.<\/li>\n<\/ul>\n<p>Cette d\u00e9claration d\u2019accessibilit\u00e9 s\u2019applique \u00e0 https:\/\/www.tessi.eu\/fr\/<\/p>\n<h3>\u00c9tat de conformit\u00e9<\/h3>\n<p>Tessi : https:\/\/www.tessi.eu\/fr\/ est en non-conformit\u00e9 avec le r\u00e9f\u00e9rentiel g\u00e9n\u00e9ral d\u2019am\u00e9lioration de l\u2019accessibilit\u00e9 (RGAA), version 4.1 en raison des non-conformit\u00e9s et des d\u00e9rogations \u00e9num\u00e9r\u00e9es ci-dessous.<\/p>\n<h3>R\u00e9sultats des tests<\/h3>\n<p>L\u2019audit de conformit\u00e9 r\u00e9alis\u00e9 par Avencod r\u00e9v\u00e8le que :<\/p>\n<ul style=\"margin-bottom: 5px;\">\n<li style=\"margin-bottom: 5px;\">46,48% des crit\u00e8res du RGAA version 4.1 sont respect\u00e9s<\/li>\n<li>Le taux moyen de conformit\u00e9 du site s\u2019\u00e9l\u00e8ve \u00e0 71,58%<\/li>\n<\/ul>\n<h3>Contenus non accessibles<\/h3>\n<h4>Non-conformit\u00e9<\/h4>\n<ul style=\"margin-bottom: 5px;\">\n<li style=\"margin-bottom: 5px;\">Les Captcha utilis\u00e9s dans l\u2019ensemble de l\u2019\u00e9chantillon ne poss\u00e8dent pas d\u2019alternative textuelle, il faut remplir le \u00ab alt \u00bb.<\/li>\n<li style=\"margin-bottom: 5px;\">Des images de d\u00e9coration poss\u00e9dant des alternatives textuelles non-vide.<\/li>\n<li style=\"margin-bottom: 5px;\">Certains textes et composant d\u2019interface ne sont pas assez contrast\u00e9s avec leur couleur d\u2019arri\u00e8re-plan.<\/li>\n<li style=\"margin-bottom: 5px;\">Les liens concernant les r\u00e9seaux sociaux de l\u2019\u00e9chantillon ne poss\u00e8dent pas d\u2019intitul\u00e9s.<\/li>\n<li style=\"margin-bottom: 5px;\">Des composants g\u00e9r\u00e9s via des scripts ne sont pas compatibles avec les technologies d\u2019assistance.<\/li>\n<li style=\"margin-bottom: 5px;\">Certains liens ne sont pas assez explicites.<\/li>\n<li style=\"margin-bottom: 5px;\">Des balises sont utilis\u00e9es \u00e0 des fins de pr\u00e9sentation.<\/li>\n<li style=\"margin-bottom: 5px;\">Des changements de langue pr\u00e9sent dans les pages ne sont pas indiqu\u00e9s dans le code.<\/li>\n<li style=\"margin-bottom: 5px;\">Le code source g\u00e9n\u00e9r\u00e9 comporte plusieurs erreurs.<\/li>\n<li style=\"margin-bottom: 5px;\">Le fil d\u2019Arianne pr\u00e9sent dans les pages n\u2019est pas impl\u00e9ment\u00e9 comme \u00e9tant une liste.<\/li>\n<li style=\"margin-bottom: 5px;\">la prise de focus \u00e0 la tabulation n\u2019est pas visible sur l\u2019ensemble des \u00e9l\u00e9ments.<\/li>\n<li style=\"margin-bottom: 5px;\">Les pages de l\u2019\u00e9chantillon ne contiennent pas de balise de contenu principal \u00ab main \u00bb.<\/li>\n<li style=\"margin-bottom: 5px;\">Des attributs de pr\u00e9sentation sont pr\u00e9sents dans le code source, exemple des attributs \u00ab size \u00bb sur les champs de formulaires.<\/li>\n<li style=\"margin-bottom: 5px;\">Des contenus disparaissent ou ne sont que partiellement visibles lors de l\u2019augmentation de la taille des caract\u00e8res.<\/li>\n<li style=\"margin-bottom: 5px;\">Des contenus additionnels, par exemple, les sous-menus de navigation ne sont ni accessibles au clavier, ni contr\u00f4lables par l\u2019utilisateur.<\/li>\n<li style=\"margin-bottom: 5px;\">Les formulaires des \u00e9crans de l\u2019\u00e9chantillon ne poss\u00e8dent pas d\u2019\u00e9tiquettes.<\/li>\n<li style=\"margin-bottom: 5px;\">Des regroupements de champs formulaires doivent \u00eatre effectu\u00e9s.<\/li>\n<li style=\"margin-bottom: 5px;\">Des suggestions facilitant la correction des erreurs de saisie, concernant les champs de formulaires correspondant au courriel et au t\u00e9l\u00e9phone de l\u2019utilisateur, doivent \u00eatre impl\u00e9ment\u00e9es.<\/li>\n<li style=\"margin-bottom: 5px;\">Les messages d\u2019erreur des champs de formulaires ne sont pas correctement reli\u00e9s \u00e0 leur champ respectif.<\/li>\n<li style=\"margin-bottom: 5px;\">Sur l\u2019ensemble des pages de l\u2019\u00e9chantillon, du contenu invisible \u00e0 l\u2019\u00e9cran est restitu\u00e9 avant la barre de navigation du th\u00e8me ce qui rend incoh\u00e9rent l\u2019ordre de tabulation.<\/li>\n<li style=\"margin-bottom: 5px;\">Les zones de regroupement des pages ne poss\u00e8dent d\u2019attribut de type Landmark.<\/li>\n<li style=\"margin-bottom: 5px;\">Le focus n\u2019est pas pi\u00e9g\u00e9 dans les fen\u00eatres modales de l\u2019\u00e9chantillon.<\/li>\n<li style=\"margin-bottom: 5px;\">Les pages ne poss\u00e8dent pas de lien d\u2019\u00e9vitement ou d\u2019acc\u00e8s rapide \u00e0 la zone principale.<\/li>\n<li style=\"margin-bottom: 5px;\">Du contenu en mouvement sans m\u00e9canisme permettant de mettre en pause ces contenus.<\/li>\n<\/li>\n<\/ul>\n<p>Le Site propose de nombreux contenus inaccessibles qui, pour diff\u00e9rentes raisons ne peuvent pas \u00eatre repris et corrig\u00e9s.<\/p>\n<p>La solution Facil\u2019iti a \u00e9t\u00e9 mise en place comme alternative : <a href=\"https:\/\/www.facil-iti.fr\/nous-contacter\/\" target=\"_blank\" rel=\"noopener\">formulaire de contact<\/a>.<\/p>\n<h3>\u00c9tablissement de cette d\u00e9claration d\u2019accessibilit\u00e9<\/h3>\n<p>Cette d\u00e9claration a \u00e9t\u00e9 \u00e9tablie le 16\/11\/2021.<\/p>\n<h4>Technologies utilis\u00e9es pour la r\u00e9alisation de Tessi : https:\/\/www.tessi.eu\/fr\/<\/h4>\n<ul style=\"margin-bottom: 5px;\">\n<li style=\"margin-bottom: 5px;\">HTML5<\/li>\n<li style=\"margin-bottom: 5px;\">CSS<\/li>\n<li>JAVASCRIPT<\/li>\n<\/ul>\n<h4>Environnement de test<\/h4>\n<p>Les v\u00e9rifications de restitution de contenus ont \u00e9t\u00e9 r\u00e9alis\u00e9es sur la base de la combinaison four-nie par la base de r\u00e9f\u00e9rence du RGAA 4.1, avec les versions suivantes :<\/p>\n<ul style=\"margin-bottom: 5px;\">\n<li>Firefox 94.0.1 et NVDA 2021.2<\/li>\n<\/ul>\n<h4>Outils pour \u00e9valuer l\u2019accessibilit\u00e9<\/h4>\n<ul style=\"margin-bottom: 5px;\">\n<li style=\"margin-bottom: 5px;\">WCAG Contrast checker _ V 3.5.6<\/li>\n<li style=\"margin-bottom: 5px;\">Axe (Mozzilla extension) _ V 4.18.2<\/li>\n<li style=\"margin-bottom: 5px;\">HeadingsMap _ V 3.10.1<\/li>\n<li style=\"margin-bottom: 5px;\">Web developer_2.0.5<\/li>\n<li style=\"margin-bottom: 5px;\">Stylus_1.5.21<\/li>\n<li>Assistant RGAA_1.2.0<\/li>\n<\/ul>\n<h4>Pages du site ayant fait l\u2019objet de la v\u00e9rification de conformit\u00e9<\/h4>\n<ol style=\"margin-bottom: 5px;\">\n<li style=\"margin-bottom: 5px;\">Home page : https:\/\/www.tessi.eu\/fr\/<\/li>\n<li style=\"margin-bottom: 5px;\">Hub solutions : https:\/\/www.tessi.eu\/fr\/solution\/services\/digitalisation-des-processus-documentaires\/<\/li>\n<li style=\"margin-bottom: 5px;\">Type solutions : https:\/\/www.tessi.eu\/fr\/solution\/services\/digitalisation-des-processus-documentaires\/document\/dematerialisation-des-flux-entrants-multicanaux\/<\/li>\n<li style=\"margin-bottom: 5px;\">Type m\u00e9tiers\/march\u00e9s : https:\/\/www.tessi.eu\/fr\/metier_marche\/sante\/<\/li>\n<li style=\"margin-bottom: 5px;\">D\u00e9couvrir Tessi : https:\/\/www.tessi.eu\/fr\/decouvrir-tessi\/<\/li>\n<li style=\"margin-bottom: 5px;\">RSE : https:\/\/www.tessi.eu\/fr\/notre-politique-environnementale-et-societale\/<\/li>\n<li style=\"margin-bottom: 5px;\">Implantations : https:\/\/www.tessi.eu\/fr\/nos-implantations\/<\/li>\n<li style=\"margin-bottom: 5px;\">PDF : https:\/\/www.tessi.eu\/fr\/wp-content\/uploads\/sites\/2\/2019\/01\/fiche-tessi-document.pdf<\/li>\n<li style=\"margin-bottom: 5px;\">Gouvernement d\u2019entreprise : https:\/\/www.tessi.eu\/fr\/investisseurs\/gouvernement-dentreprise\/<\/li>\n<li style=\"margin-bottom: 5px;\">Carri\u00e8re : https:\/\/www.tessi.eu\/fr\/espace-carrieres\/<\/li>\n<li style=\"margin-bottom: 5px;\">Offres d\u2019emploi : https:\/\/www.tessi.eu\/fr\/espace-carrieres\/nos-offres-demplois\/<\/li>\n<li style=\"margin-bottom: 5px;\">Liste des actualit\u00e9s : https:\/\/www.tessi.eu\/fr\/actualites\/<\/li>\n<li style=\"margin-bottom: 5px;\">Actualit\u00e9s : https:\/\/www.tessi.eu\/fr\/tracabilite-en-sante-de-multiples-usages-reinventes-avec-le-code-2d\/<\/li>\n<li style=\"margin-bottom: 5px;\">Agenda\/liste des \u00e9v\u00e9nements : https:\/\/www.tessi.eu\/fr\/lagenda-tessi\/<\/li>\n<li style=\"margin-bottom: 5px;\">\u00c9v\u00e9nements : https:\/\/www.tessi.eu\/fr\/events\/event\/digital-place-by-tessi\/<\/li>\n<li style=\"margin-bottom: 5px;\">Contact : https:\/\/www.tessi.eu\/fr\/contact\/<\/li>\n<li>Mentions l\u00e9gales : https:\/\/www.tessi.eu\/fr\/mentions-legales\/<\/li>\n<\/ol>\n<h3>Retour d\u2019information et contact<\/h3>\n<p>Si vous n\u2019arrivez pas \u00e0 acc\u00e9der \u00e0 un contenu ou \u00e0 un service, vous pouvez contacter le responsable du Site pour \u00eatre orient\u00e9 vers une alternative accessible ou obtenir le contenu sous une autre forme.<\/p>\n<ul style=\"margin-bottom: 5px;\">\n<li style=\"margin-bottom: 5px;\">Vous pouvez <a style=\"color: #ea527e; text-decoration: underline;\" href=\"mailto:accessibility@tessi.fr\">nous envoyer un message<\/a><\/li>\n<li>Vous pouvez \u00e9galement contacter le service Facil\u2019iti en cas de question relative \u00e0 votre profil Facil\u2019iti, en compl\u00e9tant <a style=\"color: #ea527e; text-decoration: underline;\" href=\"https:\/\/www.facil-iti.fr\/nous-contacter\/\" target=\"_blank\" rel=\"noopener\">ce formulaire de contact.<\/a><\/li>\n<\/ul>\n<h3>Voies de recours<\/h3>\n<p>Cette proc\u00e9dure est \u00e0 utiliser dans le cas suivant.<br \/>\nVous avez signal\u00e9 au responsable du Site internet un d\u00e9faut d\u2019accessibilit\u00e9 qui vous emp\u00eache d\u2019acc\u00e9der \u00e0 un contenu ou \u00e0 un des services du portail et vous n\u2019avez pas obtenu de r\u00e9ponse satisfaisante.<\/p>\n<ul style=\"margin-bottom: 5px;\">\n<li style=\"margin-bottom: 5px;\">\u00c9crire un message au D\u00e9fenseur des droits (<a style=\"color: #ea527e; text-decoration: underline;\" href=\"https:\/\/formulaire.defenseurdesdroits.fr\/\" target=\"_blank\" rel=\"noopener\">https:\/\/formulaire.defenseurdesdroits.fr\/<\/a>)\n<li style=\"margin-bottom: 5px;\">Contacter le d\u00e9l\u00e9gu\u00e9 du D\u00e9fenseur des droits dans votre r\u00e9gion (<a style=\"color: #ea527e; text-decoration: underline;\" href=\"https:\/\/www.defenseurdesdroits.fr\/saisir\/delegues\" target=\"_blank\" rel=\"noopener\">https:\/\/www.defenseurdesdroits.fr\/saisir\/delegues<\/a>)\n<li>Envoyer un courrier par la poste (gratuit, ne pas mettre de timbre)<br \/>\nD\u00e9fenseur des droits<br \/>\nLibre r\u00e9ponse 71120<br \/>\n75342 Paris CEDEX 07<\/li>\n<\/ul>\n","protected":false},"excerpt":{"rendered":"<p>D\u00e9claration d\u2019accessibilit\u00e9 Tessi s\u2019engage \u00e0 rendre le site internet https:\/\/www.tessi.eu\/fr\/ (ci-apr\u00e8s le \u00ab Site \u00bb) accessible conform\u00e9ment \u00e0 l\u2019article 47 de la loi n\u00b02005-102 du 11 f\u00e9vrier 2005. A cette fin, elle met en \u0153uvre la strat\u00e9gie et les actions suivantes : Le Sch\u00e9ma pluriannuel de mise en accessibilit\u00e9 2022-2024 ainsi que le Plan d\u2019actions [&hellip;]<\/p>\n","protected":false},"author":12,"featured_media":0,"parent":0,"menu_order":310,"comment_status":"closed","ping_status":"closed","template":"page-templates\/type-page.php","meta":{"_acf_changed":false,"footnotes":""},"class_list":["post-22226","page","type-page","status-publish","hentry"],"acf":[],"yoast_head":"<!-- This site is optimized with the Yoast SEO Premium plugin v22.3 (Yoast SEO v27.1.1) - https:\/\/yoast.com\/product\/yoast-seo-premium-wordpress\/ -->\n<title>Accessibilit\u00e9 - Tessi International<\/title>\n<meta name=\"robots\" content=\"index, follow, max-snippet:-1, max-image-preview:large, max-video-preview:-1\" \/>\n<link rel=\"canonical\" href=\"https:\/\/www.tessi.eu\/fr\/accessibilite\/\" \/>\n<meta property=\"og:locale\" content=\"fr_FR\" \/>\n<meta property=\"og:type\" content=\"article\" \/>\n<meta property=\"og:title\" content=\"Accessibilit\u00e9\" \/>\n<meta property=\"og:description\" content=\"D\u00e9claration d\u2019accessibilit\u00e9 Tessi s\u2019engage \u00e0 rendre le site internet https:\/\/www.tessi.eu\/fr\/ (ci-apr\u00e8s le \u00ab Site \u00bb) accessible conform\u00e9ment \u00e0 l\u2019article 47 de la loi n\u00b02005-102 du 11 f\u00e9vrier 2005. A cette fin, elle met en \u0153uvre la strat\u00e9gie et les actions suivantes : Le Sch\u00e9ma pluriannuel de mise en accessibilit\u00e9 2022-2024 ainsi que le Plan d\u2019actions [&hellip;]\" \/>\n<meta property=\"og:url\" content=\"https:\/\/www.tessi.eu\/fr\/accessibilite\/\" \/>\n<meta property=\"og:site_name\" content=\"Tessi International\" \/>\n<meta property=\"article:modified_time\" content=\"2022-03-30T15:25:04+00:00\" \/>\n<meta name=\"twitter:card\" content=\"summary_large_image\" \/>\n<meta name=\"twitter:label1\" content=\"Dur\u00e9e de lecture estim\u00e9e\" \/>\n\t<meta name=\"twitter:data1\" content=\"5 minutes\" \/>\n<script type=\"application\/ld+json\" class=\"yoast-schema-graph\">{\"@context\":\"https:\/\/schema.org\",\"@graph\":[{\"@type\":\"WebPage\",\"@id\":\"https:\/\/www.tessi.eu\/fr\/accessibilite\/\",\"url\":\"https:\/\/www.tessi.eu\/fr\/accessibilite\/\",\"name\":\"Accessibilit\u00e9 - Tessi International\",\"isPartOf\":{\"@id\":\"https:\/\/www.tessi.eu\/fr\/#website\"},\"datePublished\":\"2022-03-30T09:40:27+00:00\",\"dateModified\":\"2022-03-30T15:25:04+00:00\",\"breadcrumb\":{\"@id\":\"https:\/\/www.tessi.eu\/fr\/accessibilite\/#breadcrumb\"},\"inLanguage\":\"fr-FR\",\"potentialAction\":[{\"@type\":\"ReadAction\",\"target\":[\"https:\/\/www.tessi.eu\/fr\/accessibilite\/\"]}]},{\"@type\":\"BreadcrumbList\",\"@id\":\"https:\/\/www.tessi.eu\/fr\/accessibilite\/#breadcrumb\",\"itemListElement\":[{\"@type\":\"ListItem\",\"position\":1,\"name\":\"Home\",\"item\":\"https:\/\/www.tessi.eu\/fr\/\"},{\"@type\":\"ListItem\",\"position\":2,\"name\":\"Accessibilit\u00e9\"}]},{\"@type\":\"WebSite\",\"@id\":\"https:\/\/www.tessi.eu\/fr\/#website\",\"url\":\"https:\/\/www.tessi.eu\/fr\/\",\"name\":\"Tessi International\",\"description\":\"\",\"potentialAction\":[{\"@type\":\"SearchAction\",\"target\":{\"@type\":\"EntryPoint\",\"urlTemplate\":\"https:\/\/www.tessi.eu\/fr\/?s={search_term_string}\"},\"query-input\":{\"@type\":\"PropertyValueSpecification\",\"valueRequired\":true,\"valueName\":\"search_term_string\"}}],\"inLanguage\":\"fr-FR\"}]}<\/script>\n<!-- \/ Yoast SEO Premium plugin. -->","yoast_head_json":{"title":"Accessibilit\u00e9 - Tessi International","robots":{"index":"index","follow":"follow","max-snippet":"max-snippet:-1","max-image-preview":"max-image-preview:large","max-video-preview":"max-video-preview:-1"},"canonical":"https:\/\/www.tessi.eu\/fr\/accessibilite\/","og_locale":"fr_FR","og_type":"article","og_title":"Accessibilit\u00e9","og_description":"D\u00e9claration d\u2019accessibilit\u00e9 Tessi s\u2019engage \u00e0 rendre le site internet https:\/\/www.tessi.eu\/fr\/ (ci-apr\u00e8s le \u00ab Site \u00bb) accessible conform\u00e9ment \u00e0 l\u2019article 47 de la loi n\u00b02005-102 du 11 f\u00e9vrier 2005. A cette fin, elle met en \u0153uvre la strat\u00e9gie et les actions suivantes : Le Sch\u00e9ma pluriannuel de mise en accessibilit\u00e9 2022-2024 ainsi que le Plan d\u2019actions [&hellip;]","og_url":"https:\/\/www.tessi.eu\/fr\/accessibilite\/","og_site_name":"Tessi International","article_modified_time":"2022-03-30T15:25:04+00:00","twitter_card":"summary_large_image","twitter_misc":{"Dur\u00e9e de lecture estim\u00e9e":"5 minutes"},"schema":{"@context":"https:\/\/schema.org","@graph":[{"@type":"WebPage","@id":"https:\/\/www.tessi.eu\/fr\/accessibilite\/","url":"https:\/\/www.tessi.eu\/fr\/accessibilite\/","name":"Accessibilit\u00e9 - Tessi International","isPartOf":{"@id":"https:\/\/www.tessi.eu\/fr\/#website"},"datePublished":"2022-03-30T09:40:27+00:00","dateModified":"2022-03-30T15:25:04+00:00","breadcrumb":{"@id":"https:\/\/www.tessi.eu\/fr\/accessibilite\/#breadcrumb"},"inLanguage":"fr-FR","potentialAction":[{"@type":"ReadAction","target":["https:\/\/www.tessi.eu\/fr\/accessibilite\/"]}]},{"@type":"BreadcrumbList","@id":"https:\/\/www.tessi.eu\/fr\/accessibilite\/#breadcrumb","itemListElement":[{"@type":"ListItem","position":1,"name":"Home","item":"https:\/\/www.tessi.eu\/fr\/"},{"@type":"ListItem","position":2,"name":"Accessibilit\u00e9"}]},{"@type":"WebSite","@id":"https:\/\/www.tessi.eu\/fr\/#website","url":"https:\/\/www.tessi.eu\/fr\/","name":"Tessi International","description":"","potentialAction":[{"@type":"SearchAction","target":{"@type":"EntryPoint","urlTemplate":"https:\/\/www.tessi.eu\/fr\/?s={search_term_string}"},"query-input":{"@type":"PropertyValueSpecification","valueRequired":true,"valueName":"search_term_string"}}],"inLanguage":"fr-FR"}]}},"_links":{"self":[{"href":"https:\/\/www.tessi.eu\/fr\/wp-json\/wp\/v2\/pages\/22226\/"}],"collection":[{"href":"https:\/\/www.tessi.eu\/fr\/wp-json\/wp\/v2\/pages\/"}],"about":[{"href":"https:\/\/www.tessi.eu\/fr\/wp-json\/wp\/v2\/types\/page\/"}],"author":[{"embeddable":true,"href":"https:\/\/www.tessi.eu\/fr\/wp-json\/wp\/v2\/users\/12\/"}],"replies":[{"embeddable":true,"href":"https:\/\/www.tessi.eu\/fr\/wp-json\/wp\/v2\/comments\/?post=22226"}],"version-history":[{"count":9,"href":"https:\/\/www.tessi.eu\/fr\/wp-json\/wp\/v2\/pages\/22226\/revisions\/"}],"predecessor-version":[{"id":22270,"href":"https:\/\/www.tessi.eu\/fr\/wp-json\/wp\/v2\/pages\/22226\/revisions\/22270\/"}],"wp:attachment":[{"href":"https:\/\/www.tessi.eu\/fr\/wp-json\/wp\/v2\/media\/?parent=22226"}],"curies":[{"name":"wp","href":"https:\/\/api.w.org\/{rel}","templated":true}]}}