{"id":14552,"date":"2020-12-03T12:18:53","date_gmt":"2020-12-03T11:18:53","guid":{"rendered":"https:\/\/www.tessi.eu\/plateforme-pepites-shaker-copy\/"},"modified":"2026-03-26T16:11:20","modified_gmt":"2026-03-26T15:11:20","slug":"les-blogs-tessi","status":"publish","type":"page","link":"https:\/\/www.tessi.eu\/fr\/les-blogs-tessi\/","title":{"rendered":"Les Blogs Tessi"},"content":{"rendered":"<table>\n<tbody>\n<tr valign=\"middle\">\n<td style=\"padding-right: 15px;\"><a href=\"https:\/\/www.tessi.eu\/fr\/digital-invoice-by-tessi\/\"><img loading=\"lazy\" decoding=\"async\" class=\"wp-image-68949 size-full\" style=\"border: thin solid #1a214d;\" src=\"https:\/\/www.tessi.eu\/wp-content\/uploads\/2026\/03\/blog-digital-invoice-by-tessi.png\" alt=\"blog digital invoice by tessi\" width=\"300\" height=\"238\" srcset=\"https:\/\/www.tessi.eu\/wp-content\/uploads\/2026\/03\/blog-digital-invoice-by-tessi.png 600w, https:\/\/www.tessi.eu\/wp-content\/uploads\/2026\/03\/blog-digital-invoice-by-tessi-300x239.png 300w, https:\/\/www.tessi.eu\/wp-content\/uploads\/2026\/03\/blog-digital-invoice-by-tessi-24x19.png 24w, https:\/\/www.tessi.eu\/wp-content\/uploads\/2026\/03\/blog-digital-invoice-by-tessi-36x29.png 36w, https:\/\/www.tessi.eu\/wp-content\/uploads\/2026\/03\/blog-digital-invoice-by-tessi-48x38.png 48w\" sizes=\"auto, (max-width: 300px) 100vw, 300px\" \/><\/a><\/td>\n<td>DIGITAL INVOICE <strong>by tessi<\/strong><br \/>\nLe Blog d\u00e9di\u00e9 \u00e0 la Facture \u00c9lectronique<br \/>\n<a href=\"https:\/\/www.tessi.eu\/fr\/digital-invoice-by-tessi\/blog\/\/\" target=\"_blank\" rel=\"noopener\"><input class=\"wpcf7-form-control wpcf7-submit btn btn-light btn-custom btn-big btn-round\" style=\"margin-top: 0px; margin-bottom: 0px;\" type=\"submit\" value=\"D\u00e9couvrez DIGITAL INVOICE by tessi\" \/><\/a><\/td>\n<\/tr>\n<\/tbody>\n<tbody>\n<tr valign=\"middle\">\n<td style=\"padding-right: 15px;\" width=\"60%\"><strong>Tessi#<\/strong>Insights<br \/>\nLe blog de la transformation digitale des processus d\u2019entreprises<\/p>\n<form action=\"https:\/\/www.tessi-blog.com\/\" target=\"_blank\"><input class=\"wpcf7-form-control wpcf7-submit btn btn-light btn-custom btn-big btn-round\" style=\"margin-top: 0px; margin-bottom: 0px;\" type=\"submit\" value=\"D\u00e9couvrez Tessi#Insights\" \/><\/form>\n<\/td>\n<td align=\"right\"><a href=\"https:\/\/www.tessi-blog.com\/\" target=\"_blank\" rel=\"noopener noreferrer\"><img loading=\"lazy\" decoding=\"async\" class=\"alignnone size-full wp-image-14561\" style=\"border: thin solid #1a214d;\" src=\"https:\/\/www.tessi.eu\/fr\/wp-content\/uploads\/2020\/12\/insights.jpg\" alt=\"\" width=\"300\" height=\"238\" srcset=\"https:\/\/www.tessi.eu\/wp-content\/uploads\/2020\/12\/insights.jpg 600w, https:\/\/www.tessi.eu\/wp-content\/uploads\/2020\/12\/insights-188x150.jpg 188w, https:\/\/www.tessi.eu\/wp-content\/uploads\/2020\/12\/insights-300x239.jpg 300w, https:\/\/www.tessi.eu\/wp-content\/uploads\/2020\/12\/insights-24x19.jpg 24w, https:\/\/www.tessi.eu\/wp-content\/uploads\/2020\/12\/insights-36x29.jpg 36w, https:\/\/www.tessi.eu\/wp-content\/uploads\/2020\/12\/insights-48x38.jpg 48w\" sizes=\"auto, (max-width: 300px) 100vw, 300px\" \/><\/a><\/td>\n<\/tr>\n<tr valign=\"middle\">\n<td style=\"padding-right: 15px;\"><a href=\"https:\/\/www.tessi.eu\/fr\/digital-experience-by-tessi-blog\/\" target=\"_blank\" rel=\"noopener noreferrer\"><img loading=\"lazy\" decoding=\"async\" class=\"alignnone size-full wp-image-14583\" style=\"border: thin solid #1a214d;\" src=\"https:\/\/www.tessi.eu\/wp-content\/uploads\/2024\/09\/dx-homepage.png\" alt=\"Blog DX\" width=\"300\" height=\"238\" \/><\/a><\/td>\n<td>Digital Exp\u00e9rience <strong>by tessi<\/strong><br \/>\nLe Blog de la Communication Omnicanale<br \/>\n<a href=\"https:\/\/www.tessi.eu\/fr\/digital-experience-by-tessi\/blog\/\" target=\"_blank\" rel=\"noopener\"><input class=\"wpcf7-form-control wpcf7-submit btn btn-light btn-custom btn-big btn-round\" style=\"margin-top: 0px; margin-bottom: 0px;\" type=\"submit\" value=\"D\u00e9couvrez Digital Experience by tessi\" \/><\/a><\/td>\n<\/tr>\n<tr valign=\"middle\">\n<td style=\"padding-right: 15px;\"><strong>BLOG<\/strong> Certigna<br \/>\nLa confiance num\u00e9rique<\/p>\n<form action=\"https:\/\/www.certigna.com\/blog\/\" target=\"_blank\"><input class=\"wpcf7-form-control wpcf7-submit btn btn-light btn-custom btn-big btn-round\" style=\"margin-top: 0px; margin-bottom: 0px;\" type=\"submit\" value=\"D\u00e9couvrez le BLOG Certigna\" \/><\/form>\n<\/td>\n<td align=\"right\"><a href=\"https:\/\/www.certigna.com\/blog\/\" target=\"_blank\" rel=\"noopener noreferrer\"><img loading=\"lazy\" decoding=\"async\" class=\"alignnone size-full wp-image-14579\" style=\"border: thin solid #1a214d;\" src=\"https:\/\/www.tessi.eu\/fr\/wp-content\/uploads\/2020\/12\/certigna.jpg\" alt=\"\" width=\"300\" height=\"238\" srcset=\"https:\/\/www.tessi.eu\/wp-content\/uploads\/2020\/12\/certigna.jpg 600w, https:\/\/www.tessi.eu\/wp-content\/uploads\/2020\/12\/certigna-188x150.jpg 188w, https:\/\/www.tessi.eu\/wp-content\/uploads\/2020\/12\/certigna-300x239.jpg 300w, https:\/\/www.tessi.eu\/wp-content\/uploads\/2020\/12\/certigna-24x19.jpg 24w, https:\/\/www.tessi.eu\/wp-content\/uploads\/2020\/12\/certigna-36x29.jpg 36w, https:\/\/www.tessi.eu\/wp-content\/uploads\/2020\/12\/certigna-48x38.jpg 48w\" sizes=\"auto, (max-width: 300px) 100vw, 300px\" \/><\/a><\/td>\n<\/tr>\n<\/tbody>\n<\/table>\n","protected":false},"excerpt":{"rendered":"<p>DIGITAL INVOICE by tessi Le Blog d\u00e9di\u00e9 \u00e0 la Facture \u00c9lectronique Tessi#Insights Le blog de la transformation digitale des processus d\u2019entreprises Digital Exp\u00e9rience by tessi Le Blog de la Communication Omnicanale BLOG Certigna La confiance num\u00e9rique<\/p>\n","protected":false},"author":1,"featured_media":0,"parent":0,"menu_order":306,"comment_status":"closed","ping_status":"closed","template":"page-templates\/type-page.php","meta":{"_acf_changed":false,"footnotes":""},"class_list":["post-14552","page","type-page","status-publish","hentry"],"acf":[],"yoast_head":"<!-- This site is optimized with the Yoast SEO Premium plugin v22.3 (Yoast SEO v27.1.1) - https:\/\/yoast.com\/product\/yoast-seo-premium-wordpress\/ -->\n<title>Les Blogs Tessi - Tessi International<\/title>\n<meta name=\"robots\" content=\"index, follow, max-snippet:-1, max-image-preview:large, max-video-preview:-1\" \/>\n<link rel=\"canonical\" href=\"https:\/\/www.tessi.eu\/fr\/les-blogs-tessi\/\" \/>\n<meta property=\"og:locale\" content=\"fr_FR\" \/>\n<meta property=\"og:type\" content=\"article\" \/>\n<meta property=\"og:title\" content=\"Les Blogs Tessi\" \/>\n<meta property=\"og:description\" content=\"DIGITAL INVOICE by tessi Le Blog d\u00e9di\u00e9 \u00e0 la Facture \u00c9lectronique Tessi#Insights Le blog de la transformation digitale des processus d\u2019entreprises Digital Exp\u00e9rience by tessi Le Blog de la Communication Omnicanale BLOG Certigna La confiance num\u00e9rique\" \/>\n<meta property=\"og:url\" content=\"https:\/\/www.tessi.eu\/fr\/les-blogs-tessi\/\" \/>\n<meta property=\"og:site_name\" content=\"Tessi International\" \/>\n<meta property=\"article:modified_time\" content=\"2026-03-26T15:11:20+00:00\" \/>\n<meta property=\"og:image\" content=\"https:\/\/www.tessi.eu\/wp-content\/uploads\/2026\/03\/blog-digital-invoice-by-tessi.png\" \/>\n\t<meta property=\"og:image:width\" content=\"600\" \/>\n\t<meta property=\"og:image:height\" content=\"477\" \/>\n\t<meta property=\"og:image:type\" content=\"image\/png\" \/>\n<meta name=\"twitter:card\" content=\"summary_large_image\" \/>\n<meta name=\"twitter:label1\" content=\"Dur\u00e9e de lecture estim\u00e9e\" \/>\n\t<meta name=\"twitter:data1\" content=\"1 minute\" \/>\n<script type=\"application\/ld+json\" class=\"yoast-schema-graph\">{\"@context\":\"https:\/\/schema.org\",\"@graph\":[{\"@type\":\"WebPage\",\"@id\":\"https:\/\/www.tessi.eu\/fr\/les-blogs-tessi\/\",\"url\":\"https:\/\/www.tessi.eu\/fr\/les-blogs-tessi\/\",\"name\":\"Les Blogs Tessi - Tessi International\",\"isPartOf\":{\"@id\":\"https:\/\/www.tessi.eu\/fr\/#website\"},\"primaryImageOfPage\":{\"@id\":\"https:\/\/www.tessi.eu\/fr\/les-blogs-tessi\/#primaryimage\"},\"image\":{\"@id\":\"https:\/\/www.tessi.eu\/fr\/les-blogs-tessi\/#primaryimage\"},\"thumbnailUrl\":\"https:\/\/www.tessi.eu\/wp-content\/uploads\/2026\/03\/blog-digital-invoice-by-tessi.png\",\"datePublished\":\"2020-12-03T11:18:53+00:00\",\"dateModified\":\"2026-03-26T15:11:20+00:00\",\"breadcrumb\":{\"@id\":\"https:\/\/www.tessi.eu\/fr\/les-blogs-tessi\/#breadcrumb\"},\"inLanguage\":\"fr-FR\",\"potentialAction\":[{\"@type\":\"ReadAction\",\"target\":[\"https:\/\/www.tessi.eu\/fr\/les-blogs-tessi\/\"]}]},{\"@type\":\"ImageObject\",\"inLanguage\":\"fr-FR\",\"@id\":\"https:\/\/www.tessi.eu\/fr\/les-blogs-tessi\/#primaryimage\",\"url\":\"https:\/\/www.tessi.eu\/wp-content\/uploads\/2026\/03\/blog-digital-invoice-by-tessi.png\",\"contentUrl\":\"https:\/\/www.tessi.eu\/wp-content\/uploads\/2026\/03\/blog-digital-invoice-by-tessi.png\"},{\"@type\":\"BreadcrumbList\",\"@id\":\"https:\/\/www.tessi.eu\/fr\/les-blogs-tessi\/#breadcrumb\",\"itemListElement\":[{\"@type\":\"ListItem\",\"position\":1,\"name\":\"Home\",\"item\":\"https:\/\/www.tessi.eu\/fr\/\"},{\"@type\":\"ListItem\",\"position\":2,\"name\":\"Les Blogs Tessi\"}]},{\"@type\":\"WebSite\",\"@id\":\"https:\/\/www.tessi.eu\/fr\/#website\",\"url\":\"https:\/\/www.tessi.eu\/fr\/\",\"name\":\"Tessi International\",\"description\":\"\",\"potentialAction\":[{\"@type\":\"SearchAction\",\"target\":{\"@type\":\"EntryPoint\",\"urlTemplate\":\"https:\/\/www.tessi.eu\/fr\/?s={search_term_string}\"},\"query-input\":{\"@type\":\"PropertyValueSpecification\",\"valueRequired\":true,\"valueName\":\"search_term_string\"}}],\"inLanguage\":\"fr-FR\"}]}<\/script>\n<!-- \/ Yoast SEO Premium plugin. -->","yoast_head_json":{"title":"Les Blogs Tessi - Tessi International","robots":{"index":"index","follow":"follow","max-snippet":"max-snippet:-1","max-image-preview":"max-image-preview:large","max-video-preview":"max-video-preview:-1"},"canonical":"https:\/\/www.tessi.eu\/fr\/les-blogs-tessi\/","og_locale":"fr_FR","og_type":"article","og_title":"Les Blogs Tessi","og_description":"DIGITAL INVOICE by tessi Le Blog d\u00e9di\u00e9 \u00e0 la Facture \u00c9lectronique Tessi#Insights Le blog de la transformation digitale des processus d\u2019entreprises Digital Exp\u00e9rience by tessi Le Blog de la Communication Omnicanale BLOG Certigna La confiance num\u00e9rique","og_url":"https:\/\/www.tessi.eu\/fr\/les-blogs-tessi\/","og_site_name":"Tessi International","article_modified_time":"2026-03-26T15:11:20+00:00","og_image":[{"width":600,"height":477,"url":"https:\/\/www.tessi.eu\/wp-content\/uploads\/2026\/03\/blog-digital-invoice-by-tessi.png","type":"image\/png"}],"twitter_card":"summary_large_image","twitter_misc":{"Dur\u00e9e de lecture estim\u00e9e":"1 minute"},"schema":{"@context":"https:\/\/schema.org","@graph":[{"@type":"WebPage","@id":"https:\/\/www.tessi.eu\/fr\/les-blogs-tessi\/","url":"https:\/\/www.tessi.eu\/fr\/les-blogs-tessi\/","name":"Les Blogs Tessi - Tessi International","isPartOf":{"@id":"https:\/\/www.tessi.eu\/fr\/#website"},"primaryImageOfPage":{"@id":"https:\/\/www.tessi.eu\/fr\/les-blogs-tessi\/#primaryimage"},"image":{"@id":"https:\/\/www.tessi.eu\/fr\/les-blogs-tessi\/#primaryimage"},"thumbnailUrl":"https:\/\/www.tessi.eu\/wp-content\/uploads\/2026\/03\/blog-digital-invoice-by-tessi.png","datePublished":"2020-12-03T11:18:53+00:00","dateModified":"2026-03-26T15:11:20+00:00","breadcrumb":{"@id":"https:\/\/www.tessi.eu\/fr\/les-blogs-tessi\/#breadcrumb"},"inLanguage":"fr-FR","potentialAction":[{"@type":"ReadAction","target":["https:\/\/www.tessi.eu\/fr\/les-blogs-tessi\/"]}]},{"@type":"ImageObject","inLanguage":"fr-FR","@id":"https:\/\/www.tessi.eu\/fr\/les-blogs-tessi\/#primaryimage","url":"https:\/\/www.tessi.eu\/wp-content\/uploads\/2026\/03\/blog-digital-invoice-by-tessi.png","contentUrl":"https:\/\/www.tessi.eu\/wp-content\/uploads\/2026\/03\/blog-digital-invoice-by-tessi.png"},{"@type":"BreadcrumbList","@id":"https:\/\/www.tessi.eu\/fr\/les-blogs-tessi\/#breadcrumb","itemListElement":[{"@type":"ListItem","position":1,"name":"Home","item":"https:\/\/www.tessi.eu\/fr\/"},{"@type":"ListItem","position":2,"name":"Les Blogs Tessi"}]},{"@type":"WebSite","@id":"https:\/\/www.tessi.eu\/fr\/#website","url":"https:\/\/www.tessi.eu\/fr\/","name":"Tessi International","description":"","potentialAction":[{"@type":"SearchAction","target":{"@type":"EntryPoint","urlTemplate":"https:\/\/www.tessi.eu\/fr\/?s={search_term_string}"},"query-input":{"@type":"PropertyValueSpecification","valueRequired":true,"valueName":"search_term_string"}}],"inLanguage":"fr-FR"}]}},"_links":{"self":[{"href":"https:\/\/www.tessi.eu\/fr\/wp-json\/wp\/v2\/pages\/14552\/"}],"collection":[{"href":"https:\/\/www.tessi.eu\/fr\/wp-json\/wp\/v2\/pages\/"}],"about":[{"href":"https:\/\/www.tessi.eu\/fr\/wp-json\/wp\/v2\/types\/page\/"}],"author":[{"embeddable":true,"href":"https:\/\/www.tessi.eu\/fr\/wp-json\/wp\/v2\/users\/1\/"}],"replies":[{"embeddable":true,"href":"https:\/\/www.tessi.eu\/fr\/wp-json\/wp\/v2\/comments\/?post=14552"}],"version-history":[{"count":10,"href":"https:\/\/www.tessi.eu\/fr\/wp-json\/wp\/v2\/pages\/14552\/revisions\/"}],"predecessor-version":[{"id":68954,"href":"https:\/\/www.tessi.eu\/fr\/wp-json\/wp\/v2\/pages\/14552\/revisions\/68954\/"}],"wp:attachment":[{"href":"https:\/\/www.tessi.eu\/fr\/wp-json\/wp\/v2\/media\/?parent=14552"}],"curies":[{"name":"wp","href":"https:\/\/api.w.org\/{rel}","templated":true}]}}