{"id":14134,"date":"2020-11-13T11:53:40","date_gmt":"2020-11-13T10:53:40","guid":{"rendered":"https:\/\/www.tessi.eu\/pepites-shaker-copy\/"},"modified":"2023-11-30T14:01:49","modified_gmt":"2023-11-30T13:01:49","slug":"plateforme-pepites-shaker","status":"publish","type":"page","link":"https:\/\/www.tessi.eu\/fr\/plateforme-pepites-shaker\/","title":{"rendered":"Plateforme P\u00e9pites Shaker"},"content":{"rendered":"<p>Elle r\u00e9unit des cas concrets, des contenus qui croisent vos probl\u00e9matiques sp\u00e9cifiques : pr\u00e9sentations des startups, tendances, partage de connaissances sur les sujets cl\u00e9s.<br \/>\nElle favorise les liens entre acteurs de notre \u00e9cosyst\u00e8me.<\/p>\n<div style=\"padding-top: 20px;\" align=\"center\"><img decoding=\"async\" src=\"https:\/\/www.tessi.eu\/wp-content\/uploads\/2020\/10\/image-intro-email-startups-externes.png\" width=\"600\" \/><\/div>\n<style>\nform{text-align: center;}<br \/>.form-row{text-align:center}<br \/><span data-mce-type=\"bookmark\" style=\"display: inline-block; width: 0px; overflow: hidden; line-height: 0;\" class=\"mce_SELRES_start\">\ufeff<\/span><span data-mce-type=\"bookmark\" style=\"display: inline-block; width: 0px; overflow: hidden; line-height: 0;\" class=\"mce_SELRES_start\">\ufeff<\/span>.capcha{text-align:center}<br \/><\/style>\n<div class=\"page-template-contact\" style=\"margin-top: 40px;\">\n<div class=\"formulaire\">\n<div class=\"form\">    <div class=\"popins\">\n            <div class=\"popin upload-file custom_form\">\n                <div class=\"popin-box\">\n                    <div class=\"page-template-contact\">\n                        <div class=\"formulaire form\">\n                                <a href=\"#\" class=\"close\" title=\"Fermer\">\n                                    <?xml version=\"1.0\" encoding=\"UTF-8\"?>\n<svg width=\"17px\" height=\"17px\" viewBox=\"0 0 17 17\" version=\"1.1\" xmlns=\"http:\/\/www.w3.org\/2000\/svg\" xmlns:xlink=\"http:\/\/www.w3.org\/1999\/xlink\">\n    <!-- Generator: sketchtool 52.5 (67469) - http:\/\/www.bohemiancoding.com\/sketch -->\n    <title>7E42CFC0-58CA-4426-BC01-B88A817CAA43<\/title>\n    <desc>Created with sketchtool.<\/desc>\n    <g stroke=\"none\" stroke-width=\"1\" fill=\"none\" fill-rule=\"evenodd\">\n        <g transform=\"translate(-281.000000, -21.000000)\" fill=\"#FFFFFF\" fill-rule=\"nonzero\">\n            <path d=\"M288.926165,28.9261655 L288.926165,19.3492424 L290.926165,19.3492424 L290.926165,28.9261655 L300.349242,28.9261655 L300.349242,30.9261655 L290.926165,30.9261655 L290.926165,40.3492424 L288.926165,40.3492424 L288.926165,30.9261655 L279.349242,30.9261655 L279.349242,28.9261655 L288.926165,28.9261655 Z\" id=\"Combined-Shape\" transform=\"translate(289.849242, 29.849242) rotate(-225.000000) translate(-289.849242, -29.849242) \"><\/path>\n        <\/g>\n    <\/g>\n<\/svg>                                <\/a>\n                                <span class=\"popin-title\">Demandez votre acc\u00e8s<\/span>\n                                \n<div class=\"wpcf7 no-js\" id=\"wpcf7-f13725-o1\" lang=\"fr-FR\" dir=\"ltr\" data-wpcf7-id=\"13725\">\n<div class=\"screen-reader-response\"><p role=\"status\" aria-live=\"polite\" aria-atomic=\"true\"><\/p> <ul><\/ul><\/div>\n<form action=\"\/fr\/wp-json\/wp\/v2\/pages\/14134\/#wpcf7-f13725-o1\" method=\"post\" class=\"wpcf7-form init\" aria-label=\"Formulaire de contact\" novalidate=\"novalidate\" data-status=\"init\">\n<fieldset class=\"hidden-fields-container\"><input type=\"hidden\" name=\"_wpcf7\" value=\"13725\" \/><input type=\"hidden\" name=\"_wpcf7_version\" value=\"6.1.5\" \/><input type=\"hidden\" name=\"_wpcf7_locale\" value=\"fr_FR\" \/><input type=\"hidden\" name=\"_wpcf7_unit_tag\" value=\"wpcf7-f13725-o1\" \/><input type=\"hidden\" name=\"_wpcf7_container_post\" value=\"0\" \/><input type=\"hidden\" name=\"_wpcf7_posted_data_hash\" value=\"\" \/><input type=\"hidden\" name=\"_wpcf7cf_hidden_group_fields\" value=\"[]\" \/><input type=\"hidden\" name=\"_wpcf7cf_hidden_groups\" value=\"[]\" \/><input type=\"hidden\" name=\"_wpcf7cf_visible_groups\" value=\"[]\" \/><input type=\"hidden\" name=\"_wpcf7cf_repeaters\" value=\"[]\" \/><input type=\"hidden\" name=\"_wpcf7cf_steps\" value=\"{}\" \/><input type=\"hidden\" name=\"_wpcf7cf_options\" value=\"{&quot;form_id&quot;:13725,&quot;conditions&quot;:[],&quot;settings&quot;:{&quot;animation&quot;:&quot;yes&quot;,&quot;animation_intime&quot;:200,&quot;animation_outtime&quot;:200,&quot;conditions_ui&quot;:&quot;normal&quot;,&quot;notice_dismissed&quot;:false,&quot;notice_dismissed_rollback-cf7-5.6.3&quot;:true}}\" \/><input type=\"hidden\" name=\"_wpcf7dtx_version\" value=\"5.0.5\" \/>\n<\/fieldset>\n<h3>Vos <span class=\"text-degrade\">informations<\/span> :\n<\/h3>\n<h5><sup>*<\/sup> Les champs suivis d\u2019un ast\u00e9risque sont obligatoires.\n<\/h5>\n<fieldset>\n\t<div class=\"form-row\">\n\t\t<div class=\"col-50 custom-input\">\n\t\t\t<p><span class=\"wpcf7-form-control-wrap\" data-autocomplete=\"given-name\" autocomplete=\"given-name\" name=\"firstname\"><input  maxlength=\"400\" class=\"wpcf7-form-control wpcf7-text wpcf7-validates-as-required form-control\" aria-required=\"true\" aria-invalid=\"false\" placeholder=\"Votre pr\u00e9nom*\" value=\"\" type=\"text\" autocomplete=\"given-name\" autocomplete=\"given-name\" name=\"firstname\" \/><\/span>\n\t\t\t<\/p>\n\t\t<\/div>\n\t\t<div class=\"col-50 custom-input\">\n\t\t\t<p><span class=\"wpcf7-form-control-wrap\" data-autocomplete=\"family-name\" name=\"lastname\"><input  maxlength=\"400\" class=\"wpcf7-form-control wpcf7-text wpcf7-validates-as-required form-control\" aria-required=\"true\" aria-invalid=\"false\" placeholder=\"Votre nom*\" value=\"\" type=\"text\" autocomplete=\"family-name\" name=\"lastname\" \/><\/span>\n\t\t\t<\/p>\n\t\t<\/div>\n\t\t<div class=\"col-50 custom-input\">\n\t\t\t<p><span class=\"wpcf7-form-control-wrap\" data-name=\"company\"><input  maxlength=\"400\" class=\"wpcf7-form-control wpcf7-text wpcf7-validates-as-required form-control\" aria-required=\"true\" aria-invalid=\"false\" placeholder=\"Votre soci\u00e9t\u00e9*\" value=\"\" type=\"text\" name=\"company\" \/><\/span>\n\t\t\t<\/p>\n\t\t<\/div>\n\t\t<div class=\"col-50 custom-input\">\n\t\t\t<p><span class=\"wpcf7-form-control-wrap\" data-name=\"position\"><input  maxlength=\"400\" class=\"wpcf7-form-control wpcf7-text form-control\" aria-invalid=\"false\" placeholder=\"Votre fonction\" value=\"\" type=\"text\" name=\"position\" \/><\/span>\n\t\t\t<\/p>\n\t\t<\/div>\n\t<\/div>\n\t<div class=\"form-row\">\n\t\t<div class=\"col-50 custom-input\">\n\t\t\t<p><span class=\"wpcf7-form-control-wrap\" data-name=\"email\"><input  maxlength=\"400\" class=\"wpcf7-form-control wpcf7-email wpcf7-validates-as-required wpcf7-text wpcf7-validates-as-email form-control\" aria-required=\"true\" aria-invalid=\"false\" placeholder=\"Votre email*\" value=\"\" autocomplete=\"email\" type=\"email\" title=\"Sous le format nom@domaine.fr\" name=\"email\" \/><\/span>\n\t\t\t<\/p>\n\t\t<\/div>\n\t\t<div class=\"col-50 custom-input\">\n\t\t\t<p><span class=\"wpcf7-form-control-wrap\" data-autocomplete=\"tel\" name=\"phone\" title=\"Sous le format +330102030405\"><input  maxlength=\"400\" class=\"wpcf7-form-control wpcf7-text form-control\" aria-invalid=\"false\" placeholder=\"Votre t\u00e9l\u00e9phone\" value=\"\" type=\"text\" autocomplete=\"tel\" name=\"phone\" title=\"Sous le format +330102030405\" \/><\/span>\n\t\t\t<\/p>\n\t\t<\/div>\n\t<\/div>\n<\/fieldset>\n<h3>Votre <span class=\"text-degrade\">message<\/span> :\n<\/h3>\n<fieldset>\n\t<div class=\"form-row\">\n\t\t<div class=\"col-auto custom-input\">\n\t\t\t<p><span class=\"wpcf7-form-control-wrap\" data-name=\"subject\"><select class=\"wpcf7-form-control wpcf7-select wpcf7-validates-as-required required\" aria-required=\"true\" aria-invalid=\"false\" name=\"subject\"><option value=\"Demande d&#039;acc\u00e8s \u00e0 la plateforme P\u00e9pites Shaker\">Demande d&#039;acc\u00e8s \u00e0 la plateforme P\u00e9pites Shaker<\/option><\/select><\/span>\n\t\t\t<\/p>\n\t\t<\/div>\n\t<\/div>\n\t<div class=\"form-row\">\n\t\t<div class=\"col-auto custom-input\">\n\t\t\t<p><span class=\"wpcf7-form-control-wrap\" data-name=\"textarea-253\"><textarea cols=\"40\" rows=\"10\" maxlength=\"2000\" class=\"wpcf7-form-control wpcf7-textarea\" aria-invalid=\"false\" placeholder=\"D\u00e9posez votre message\" name=\"textarea-253\"><\/textarea><\/span>\n\t\t\t<\/p>\n\t\t<\/div>\n\t<\/div>\n<\/fieldset>\n<fieldset>\n\t<div class=\"form-check\">\n\t\t<p><span class=\"wpcf7-form-control-wrap\" data-name=\"subscribe-newsletter\"><span class=\"wpcf7-form-control wpcf7-acceptance optional\"><span class=\"wpcf7-list-item\"><label><input type=\"checkbox\" name=\"subscribe-newsletter\" value=\"1\" aria-invalid=\"false\" \/><span class=\"wpcf7-list-item-label\">Recevoir les informations et actualit\u00e9s de Tessi par e-mail<\/span><\/label><\/span><\/span><\/span>\n\t\t<\/p>\n\t<\/div>\n\t<div class=\"form-check rgpd\">\n\t\t<p>Les finalit\u00e9s des traitements que Tessi effectue sont les suivantes : envoi d\u2019informations commerciales et\/ou de notifications et\/ou de documents demand\u00e9s, gestion des relations avec nos prospects et\/ou nos clients et\/ou nos partenaires. <a href=\"https:\/\/www.tessi.eu\/fr\/politique-dutilisation-des-donnees-personnelles\/\" target=\"_blank\" style=\"color:black !important;\">En savoir plus<\/a>.\n\t\t<\/p>\n\t<\/div>\n<\/fieldset>\n<div class=\"button-wrapper\">\n\t<div class=\"capcha\">\n\t\t<p><div class=\"orange_captcha_wrapper hidden wpcf7-form-control wpcf7-orange_captcha\" data-type=\"IMAGE\" data-locale=\"fr\"><div class=\"captcha\"><div class=\"element \" data-type=\"IMAGE\"><img decoding=\"async\" data-no-lazy=\"1\" src=\"\" alt=\"Captcha visuel\"\/><\/div><div class=\"element hidden\" data-type=\"AUDIO\"><audio title=\"Captcha audio\" controls><source data-no-lazy=\"1\" src=\"\" type=\"audio\/wav\">Your browser does not support the audio element.<\/audio><\/div><div class=\"controls\"><a href=\"\" data-action=\"switch\" title=\"Basculer vers audio\" data-type=\"AUDIO\"><img decoding=\"async\" data-no-lazy=\"1\" src=\"https:\/\/www.tessi.eu\/wp-content\/plugins\/orange-captcha\/assets\/img\/AUDIO.svg\"\/><\/a><a href=\"\" title=\"Rafra\u00eechir\" data-action=\"refresh\"><img decoding=\"async\" data-no-lazy=\"1\" src=\"https:\/\/www.tessi.eu\/wp-content\/plugins\/orange-captcha\/assets\/img\/refresh.svg\"\/><\/a><\/div><\/div><div class=\"input\"><span class=\"wpcf7-form-control-wrap orange_captcha\"><input type=\"text\" class=\"orange_captcha_answer\" autocomplete=\"off\" aria-invalid=\"false\" required aria-required=\"false\" name=\"orange_captcha[answer]\" placeholder=\"Saisir le code ci-dessus\" \/><\/span><input type=\"hidden\" class=\"orange_captcha_id\" name=\"orange_captcha[id]\" value=\"\"\/><\/div><\/div>\n\t\t<\/p>\n\t<\/div>\n\t<div class=\"cta-container\">\n\t\t<div class=\"btn-new btn-border-degrade\">\n\t\t\t<div class=\"btn-border-degrade-content btn-border-degrade-content-with-input\">\n\t\t\t\t<p><input class=\"wpcf7-form-control wpcf7-submit has-spinner text\" type=\"submit\" value=\"Envoyez\" \/>\n\t\t\t\t<\/p>\n\t\t\t<\/div>\n\t\t<\/div>\n\t<\/div>\n<\/div>\n<input class=\"wpcf7-form-control wpcf7-hidden\" value=\"fr\" type=\"hidden\" name=\"current_lang\" \/>\n<input class=\"wpcf7-form-control wpcf7-hidden\" value=\"14134\" type=\"hidden\" name=\"current_post\" \/>\n<input class=\"wpcf7-form-control wpcf7-hidden\" value=\"form_popin_custom\" type=\"hidden\" name=\"dl_type\" \/><div class=\"wpcf7-response-output\" aria-hidden=\"true\"><\/div>\n<\/form>\n<\/div>\n                        <\/div>\n                    <\/div>\n\n                <\/div>\n            <\/div>\n        <\/div>\n        <div class=\"wrapper-cta-popin-custom\" style=\"text-align:center\">\n\t\t\t<a href=\"#\"\n\t\t\tclass=\"active-popin-upload-file btn-new btn-arrow btn-border-degrade\"\n\t\t\ttarget=\"_blank\">\n\t\t\t<div class=\"btn-border-degrade-content white\">\n\t\t\t\t\t<span class=\"text\">Demandez votre acc\u00e8s<\/span>\n\t\t\t<\/div>\n\t\t\t<\/a>\n        <\/div>\n    <\/div>\n<\/div>\n<\/div>\n","protected":false},"excerpt":{"rendered":"<p>Elle r\u00e9unit des cas concrets, des contenus qui croisent vos probl\u00e9matiques sp\u00e9cifiques : pr\u00e9sentations des startups, tendances, partage de connaissances sur les sujets cl\u00e9s. Elle favorise les liens entre acteurs de notre \u00e9cosyst\u00e8me.<\/p>\n","protected":false},"author":1,"featured_media":0,"parent":0,"menu_order":304,"comment_status":"closed","ping_status":"closed","template":"page-templates\/type-page.php","meta":{"_acf_changed":false,"footnotes":""},"class_list":["post-14134","page","type-page","status-publish","hentry"],"acf":[],"yoast_head":"<!-- This site is optimized with the Yoast SEO Premium plugin v22.3 (Yoast SEO v27.1.1) - https:\/\/yoast.com\/product\/yoast-seo-premium-wordpress\/ -->\n<title>Plateforme P\u00e9pites Shaker - Tessi International<\/title>\n<meta name=\"robots\" content=\"index, follow, max-snippet:-1, max-image-preview:large, max-video-preview:-1\" \/>\n<link rel=\"canonical\" href=\"https:\/\/www.tessi.eu\/fr\/plateforme-pepites-shaker\/\" \/>\n<meta property=\"og:locale\" content=\"fr_FR\" \/>\n<meta property=\"og:type\" content=\"article\" \/>\n<meta property=\"og:title\" content=\"Plateforme P\u00e9pites Shaker\" \/>\n<meta property=\"og:description\" content=\"Elle r\u00e9unit des cas concrets, des contenus qui croisent vos probl\u00e9matiques sp\u00e9cifiques : pr\u00e9sentations des startups, tendances, partage de connaissances sur les sujets cl\u00e9s. Elle favorise les liens entre acteurs de notre \u00e9cosyst\u00e8me.\" \/>\n<meta property=\"og:url\" content=\"https:\/\/www.tessi.eu\/fr\/plateforme-pepites-shaker\/\" \/>\n<meta property=\"og:site_name\" content=\"Tessi International\" \/>\n<meta property=\"article:modified_time\" content=\"2023-11-30T13:01:49+00:00\" \/>\n<meta property=\"og:image\" content=\"https:\/\/www.tessi.eu\/wp-content\/uploads\/2020\/10\/image-intro-email-startups-externes.png\" \/>\n<meta name=\"twitter:card\" content=\"summary_large_image\" \/>\n<meta name=\"twitter:label1\" content=\"Dur\u00e9e de lecture estim\u00e9e\" \/>\n\t<meta name=\"twitter:data1\" content=\"1 minute\" \/>\n<script type=\"application\/ld+json\" class=\"yoast-schema-graph\">{\"@context\":\"https:\/\/schema.org\",\"@graph\":[{\"@type\":\"WebPage\",\"@id\":\"https:\/\/www.tessi.eu\/fr\/plateforme-pepites-shaker\/\",\"url\":\"https:\/\/www.tessi.eu\/fr\/plateforme-pepites-shaker\/\",\"name\":\"Plateforme P\u00e9pites Shaker - Tessi International\",\"isPartOf\":{\"@id\":\"https:\/\/www.tessi.eu\/fr\/#website\"},\"primaryImageOfPage\":{\"@id\":\"https:\/\/www.tessi.eu\/fr\/plateforme-pepites-shaker\/#primaryimage\"},\"image\":{\"@id\":\"https:\/\/www.tessi.eu\/fr\/plateforme-pepites-shaker\/#primaryimage\"},\"thumbnailUrl\":\"https:\/\/www.tessi.eu\/wp-content\/uploads\/2020\/10\/image-intro-email-startups-externes.png\",\"datePublished\":\"2020-11-13T10:53:40+00:00\",\"dateModified\":\"2023-11-30T13:01:49+00:00\",\"breadcrumb\":{\"@id\":\"https:\/\/www.tessi.eu\/fr\/plateforme-pepites-shaker\/#breadcrumb\"},\"inLanguage\":\"fr-FR\",\"potentialAction\":[{\"@type\":\"ReadAction\",\"target\":[\"https:\/\/www.tessi.eu\/fr\/plateforme-pepites-shaker\/\"]}]},{\"@type\":\"ImageObject\",\"inLanguage\":\"fr-FR\",\"@id\":\"https:\/\/www.tessi.eu\/fr\/plateforme-pepites-shaker\/#primaryimage\",\"url\":\"https:\/\/www.tessi.eu\/wp-content\/uploads\/2020\/10\/image-intro-email-startups-externes.png\",\"contentUrl\":\"https:\/\/www.tessi.eu\/wp-content\/uploads\/2020\/10\/image-intro-email-startups-externes.png\"},{\"@type\":\"BreadcrumbList\",\"@id\":\"https:\/\/www.tessi.eu\/fr\/plateforme-pepites-shaker\/#breadcrumb\",\"itemListElement\":[{\"@type\":\"ListItem\",\"position\":1,\"name\":\"Home\",\"item\":\"https:\/\/www.tessi.eu\/fr\/\"},{\"@type\":\"ListItem\",\"position\":2,\"name\":\"Plateforme P\u00e9pites Shaker\"}]},{\"@type\":\"WebSite\",\"@id\":\"https:\/\/www.tessi.eu\/fr\/#website\",\"url\":\"https:\/\/www.tessi.eu\/fr\/\",\"name\":\"Tessi International\",\"description\":\"\",\"potentialAction\":[{\"@type\":\"SearchAction\",\"target\":{\"@type\":\"EntryPoint\",\"urlTemplate\":\"https:\/\/www.tessi.eu\/fr\/?s={search_term_string}\"},\"query-input\":{\"@type\":\"PropertyValueSpecification\",\"valueRequired\":true,\"valueName\":\"search_term_string\"}}],\"inLanguage\":\"fr-FR\"}]}<\/script>\n<!-- \/ Yoast SEO Premium plugin. -->","yoast_head_json":{"title":"Plateforme P\u00e9pites Shaker - Tessi International","robots":{"index":"index","follow":"follow","max-snippet":"max-snippet:-1","max-image-preview":"max-image-preview:large","max-video-preview":"max-video-preview:-1"},"canonical":"https:\/\/www.tessi.eu\/fr\/plateforme-pepites-shaker\/","og_locale":"fr_FR","og_type":"article","og_title":"Plateforme P\u00e9pites Shaker","og_description":"Elle r\u00e9unit des cas concrets, des contenus qui croisent vos probl\u00e9matiques sp\u00e9cifiques : pr\u00e9sentations des startups, tendances, partage de connaissances sur les sujets cl\u00e9s. Elle favorise les liens entre acteurs de notre \u00e9cosyst\u00e8me.","og_url":"https:\/\/www.tessi.eu\/fr\/plateforme-pepites-shaker\/","og_site_name":"Tessi International","article_modified_time":"2023-11-30T13:01:49+00:00","og_image":[{"url":"https:\/\/www.tessi.eu\/wp-content\/uploads\/2020\/10\/image-intro-email-startups-externes.png","type":"","width":"","height":""}],"twitter_card":"summary_large_image","twitter_misc":{"Dur\u00e9e de lecture estim\u00e9e":"1 minute"},"schema":{"@context":"https:\/\/schema.org","@graph":[{"@type":"WebPage","@id":"https:\/\/www.tessi.eu\/fr\/plateforme-pepites-shaker\/","url":"https:\/\/www.tessi.eu\/fr\/plateforme-pepites-shaker\/","name":"Plateforme P\u00e9pites Shaker - Tessi International","isPartOf":{"@id":"https:\/\/www.tessi.eu\/fr\/#website"},"primaryImageOfPage":{"@id":"https:\/\/www.tessi.eu\/fr\/plateforme-pepites-shaker\/#primaryimage"},"image":{"@id":"https:\/\/www.tessi.eu\/fr\/plateforme-pepites-shaker\/#primaryimage"},"thumbnailUrl":"https:\/\/www.tessi.eu\/wp-content\/uploads\/2020\/10\/image-intro-email-startups-externes.png","datePublished":"2020-11-13T10:53:40+00:00","dateModified":"2023-11-30T13:01:49+00:00","breadcrumb":{"@id":"https:\/\/www.tessi.eu\/fr\/plateforme-pepites-shaker\/#breadcrumb"},"inLanguage":"fr-FR","potentialAction":[{"@type":"ReadAction","target":["https:\/\/www.tessi.eu\/fr\/plateforme-pepites-shaker\/"]}]},{"@type":"ImageObject","inLanguage":"fr-FR","@id":"https:\/\/www.tessi.eu\/fr\/plateforme-pepites-shaker\/#primaryimage","url":"https:\/\/www.tessi.eu\/wp-content\/uploads\/2020\/10\/image-intro-email-startups-externes.png","contentUrl":"https:\/\/www.tessi.eu\/wp-content\/uploads\/2020\/10\/image-intro-email-startups-externes.png"},{"@type":"BreadcrumbList","@id":"https:\/\/www.tessi.eu\/fr\/plateforme-pepites-shaker\/#breadcrumb","itemListElement":[{"@type":"ListItem","position":1,"name":"Home","item":"https:\/\/www.tessi.eu\/fr\/"},{"@type":"ListItem","position":2,"name":"Plateforme P\u00e9pites Shaker"}]},{"@type":"WebSite","@id":"https:\/\/www.tessi.eu\/fr\/#website","url":"https:\/\/www.tessi.eu\/fr\/","name":"Tessi International","description":"","potentialAction":[{"@type":"SearchAction","target":{"@type":"EntryPoint","urlTemplate":"https:\/\/www.tessi.eu\/fr\/?s={search_term_string}"},"query-input":{"@type":"PropertyValueSpecification","valueRequired":true,"valueName":"search_term_string"}}],"inLanguage":"fr-FR"}]}},"_links":{"self":[{"href":"https:\/\/www.tessi.eu\/fr\/wp-json\/wp\/v2\/pages\/14134\/"}],"collection":[{"href":"https:\/\/www.tessi.eu\/fr\/wp-json\/wp\/v2\/pages\/"}],"about":[{"href":"https:\/\/www.tessi.eu\/fr\/wp-json\/wp\/v2\/types\/page\/"}],"author":[{"embeddable":true,"href":"https:\/\/www.tessi.eu\/fr\/wp-json\/wp\/v2\/users\/1\/"}],"replies":[{"embeddable":true,"href":"https:\/\/www.tessi.eu\/fr\/wp-json\/wp\/v2\/comments\/?post=14134"}],"version-history":[{"count":10,"href":"https:\/\/www.tessi.eu\/fr\/wp-json\/wp\/v2\/pages\/14134\/revisions\/"}],"predecessor-version":[{"id":41555,"href":"https:\/\/www.tessi.eu\/fr\/wp-json\/wp\/v2\/pages\/14134\/revisions\/41555\/"}],"wp:attachment":[{"href":"https:\/\/www.tessi.eu\/fr\/wp-json\/wp\/v2\/media\/?parent=14134"}],"curies":[{"name":"wp","href":"https:\/\/api.w.org\/{rel}","templated":true}]}}