{"id":8471,"date":"2019-04-08T16:14:25","date_gmt":"2019-04-08T15:14:25","guid":{"rendered":"https:\/\/www.tessi.eu\/?page_id=8471"},"modified":"2026-04-23T11:11:32","modified_gmt":"2026-04-23T09:11:32","slug":"personal-data-use-policy","status":"publish","type":"page","link":"https:\/\/www.tessi.eu\/en\/personal-data-use-policy\/","title":{"rendered":"Privacy and personal data policy"},"content":{"rendered":"<h3>Identity of the controller<\/h3>\n<p>Controller:<\/p>\n<p><strong>TESSI<\/strong><\/p>\n<p>French \u00ab Soci\u00e9t\u00e9 par Actions Simplif\u00e9e \u00bb (SAS) with share capital of \u20ac6,523,342<br \/>\nRegistered office: 14 rue des Arts et M\u00e9tiers, 38027 Grenoble Cedex <span class=\"s1\">(France)<\/span><br \/>\nRegistered Grenoble RCS (Trade and Companies Register) under no.: 071 501 571<br \/>\nTel.: +33 (0)4 76 70 59 10<\/p>\n<p><strong>Director of publication:<\/strong> Alain de Lambilly<\/p>\n<p>\u201cSite\u201d: refers to the following website: <em>tessi.eu<\/em><\/p>\n<h3>Contact details of the Tessi Group\u2019s DPO (Data Protection Officer)<\/h3>\n<p class=\"p7\">Email address: <a href=\"mailto:dpo.tessi@tessi.fr\">dpo.tessi@tessi.fr<\/a><br \/>\nPostal address: DPO Tessi &#8211; 45, rue Saint Jean de Dieu &#8211; 69007 Lyon <span class=\"s1\">(France)<\/span><\/p>\n<h3>Legal basis \/ Collection \/ Purposes of the personal data processing<\/h3>\n<p>Tessi collects and processes your personal data:<\/p>\n<ul>\n<li>as this processing is justified by Tessi&#8217;s legitimate interest (fraud prevention, security, etc.);<\/li>\n<li>on the basis of your consent.<\/li>\n<\/ul>\n<p>Your data is collected directly when you browse the Site, either automatically, by means of cookies, or via the data entry forms displayed on the Site. Your personal data is collected when you:<\/p>\n<ul>\n<li>browse the various pages on the Site;<\/li>\n<li>subscribe to our newsletter;<\/li>\n<li>submit a request for documentation;<\/li>\n<li>submit a spontaneous application;<\/li>\n<li>contact customer service;<\/li>\n<li>share content with someone by emailing them the link to an article;<\/li>\n<li>share an opinion on social networks (YouTube, Twitter, Viadeo, LinkedIn, etc.).<\/li>\n<\/ul>\n<p>Your personal data comes under the following categories:<\/p>\n<ul>\n<li>identifiable data (first name, surname, telephone number, email address, etc.);<\/li>\n<li>professional data (role, company, email address, etc.),<\/li>\n<\/ul>\n<p>may also be collected indirectly by Tessi from Tessi\u2019s customers in the context of collaboration.<\/p>\n<p>As regards the data entry forms on the Site, the mandatory personal data that you must send to have your request considered is marked by an asterisk &#8220;*Required fields&#8221;. Failure to enter mandatory personal data marked as required will result in the non-validation of the form in question. Tessi will not, therefore, be able to process your request.<\/p>\n<p>The purposes of Tessi\u2019s processing are as follows:<\/p>\n<ul>\n<li>sending commercial information and\/or notifications and\/or documents requested;<\/li>\n<li>management of relationships with prospective customers and\/or customers and\/or partners;<\/li>\n<li>technical and\/or commercial support;<\/li>\n<li>enrichment\/update of customer\/prospective customer databases;<\/li>\n<li>producing statistics, analyses and studies on Site traffic;<\/li>\n<li>career management;<\/li>\n<li>organisation of participation at an event.<\/li>\n<\/ul>\n<p>Tessi may compare data from different sources for the following purpose: canvassing and follow-up of commercial relationship.<\/p>\n<h3>Cookies<\/h3>\n<p>Personal data that is obtained automatically at the time of connecting to and browsing the Site, in particular your device&#8217;s IP address, and\/or via computer files stored on your device, known as &#8220;cookies&#8221;, is used in accordance with the conditions set out in the &#8220;<a href=\"https:\/\/www.tessi.eu\/cookie-management-policy\/\" target=\"_blank\" rel=\"noopener noreferrer\"><em><u>Cookie management policy<\/u><\/em><\/a>&#8220;.<\/p>\n<h3>Social media share buttons<\/h3>\n<p>The Site uses social media share buttons such as LinkedIn, Twitter, YouTube, Facebook, etc., to facilitate the exchange of information between the Site and the social media networks concerned.<br \/>\nThe personal data of individuals using the share buttons can be saved on the servers of social media network publishers.<\/p>\n<p>Tessi is not liable for how your personal data is handled by the social media networks.<\/p>\n<p>We recommend that you familiarise yourself with the personal data management policies of the social media networks concerned.<\/p>\n<h3>Data recipients<\/h3>\n<p>Personal data collected on the Site is for use by Tessi only. The data may be sent to Tessi Group subsidiaries. It may also be sent to our service providers involved in Site management (especially the Site technical administrator and host and site traffic measurement service provider).<\/p>\n<p>Tessi may be required to disclose personal data to the relevant authorities as part of operations aimed at combating criminal activity.<\/p>\n<h3>Retention period<\/h3>\n<p><u>For management of the commercial relationship<\/u>:<\/p>\n<p>Tessi retains the personal data for a period of three years from the last interaction with the customer or prospective customer. This three-year period begins from the last connection with the customer account or the last email sent to customer service or from the last telephone call to customer service, or from a click on an email hypertext sent by Tessi, or from a positive response to an email asking if the customer wishes to continue to receive marketing research at the end of the three-year period.<\/p>\n<p>Data pertaining to contractual relations will be retained in accordance with legal provisions.<\/p>\n<p><u>For management of applications<\/u>:<\/p>\n<p>Tessi collects your personal data for the purpose of \u201cManagement of applications\u201d; your file is handled confidentially by the human resources department and is kept for up to one year from the last contact with you.<\/p>\n<h3>Exercise of the rights of data subjects<\/h3>\n<p>You have a right of access, rectification, erasure, objection (including the right not to be subject to a decision based solely on automated processing) or, as appropriate, the withdrawal of your consent at any time, as well as the right to the limitation and portability of your personal data. You can exercise your rights by contacting the Tessi Group&#8217;s Data Protection Officer (see &#8220;Tessi Group DPO contact details&#8221;). Your request must include your first name, surname, email or postal address, and be signed and accompanied by valid proof of identity.<\/p>\n<p>You can also object to the sending of commercial information by clicking on the unsubscribe link featuring at the end of the emails you receive from Tessi.<\/p>\n<p>If, after contacting our DPO, you do not feel that your rights have been observed, you may submit a claim online <a href=\"https:\/\/www.cnil.fr\/\" target=\"_blank\" rel=\"noopener noreferrer\">www.cnil.fr<\/a> or by letter to CNIL CNIL &#8211; 3 Place de Fontenoy &#8211; TSA 80715 &#8211; 75334 PARIS CEDEX 07 (the French Data Protection Authority) if you are on the French territory. If you are in Spain, you may submit a claim online <a href=\"https:\/\/www.aepd.es\" target=\"_blank\" rel=\"noopener noreferrer\">www.aepd.es<\/a> or by letter to the AEPD C\/ Jorge Juan, 6. 28001 Madrid (the Spanish Data Protection Authority).<\/p>\n<p>&nbsp;<\/p>\n","protected":false},"excerpt":{"rendered":"<p>Identity of the controller Controller: TESSI French \u00ab Soci\u00e9t\u00e9 par Actions Simplif\u00e9e \u00bb (SAS) with share capital of \u20ac6,523,342 Registered office: 14 rue des Arts et M\u00e9tiers, 38027 Grenoble Cedex (France) Registered Grenoble RCS (Trade and Companies Register) under no.: 071 501 571 Tel.: +33 (0)4 76 70 59 10 Director of publication: Alain de [&hellip;]<\/p>\n","protected":false},"author":1,"featured_media":0,"parent":0,"menu_order":298,"comment_status":"closed","ping_status":"closed","template":"page-templates\/donnees_perso.php","meta":{"_acf_changed":false,"footnotes":""},"class_list":["post-8471","page","type-page","status-publish","hentry"],"acf":[],"yoast_head":"<!-- This site is optimized with the Yoast SEO Premium plugin v22.3 (Yoast SEO v27.1.1) - https:\/\/yoast.com\/product\/yoast-seo-premium-wordpress\/ -->\n<title>Privacy and personal data policy - Tessi International<\/title>\n<meta name=\"robots\" content=\"index, follow, max-snippet:-1, max-image-preview:large, max-video-preview:-1\" \/>\n<link rel=\"canonical\" href=\"https:\/\/www.tessi.eu\/en\/personal-data-use-policy\/\" \/>\n<meta property=\"og:locale\" content=\"en_US\" \/>\n<meta property=\"og:type\" content=\"article\" \/>\n<meta property=\"og:title\" content=\"Privacy and personal data policy\" \/>\n<meta property=\"og:description\" content=\"Identity of the controller Controller: TESSI French \u00ab Soci\u00e9t\u00e9 par Actions Simplif\u00e9e \u00bb (SAS) with share capital of \u20ac6,523,342 Registered office: 14 rue des Arts et M\u00e9tiers, 38027 Grenoble Cedex (France) Registered Grenoble RCS (Trade and Companies Register) under no.: 071 501 571 Tel.: +33 (0)4 76 70 59 10 Director of publication: Alain de [&hellip;]\" \/>\n<meta property=\"og:url\" content=\"https:\/\/www.tessi.eu\/en\/personal-data-use-policy\/\" \/>\n<meta property=\"og:site_name\" content=\"Tessi International\" \/>\n<meta property=\"article:modified_time\" content=\"2026-04-23T09:11:32+00:00\" \/>\n<meta name=\"twitter:card\" content=\"summary_large_image\" \/>\n<meta name=\"twitter:label1\" content=\"Est. reading time\" \/>\n\t<meta name=\"twitter:data1\" content=\"5 minutes\" \/>\n<script type=\"application\/ld+json\" class=\"yoast-schema-graph\">{\"@context\":\"https:\/\/schema.org\",\"@graph\":[{\"@type\":\"WebPage\",\"@id\":\"https:\/\/www.tessi.eu\/en\/personal-data-use-policy\/\",\"url\":\"https:\/\/www.tessi.eu\/en\/personal-data-use-policy\/\",\"name\":\"Privacy and personal data policy - Tessi International\",\"isPartOf\":{\"@id\":\"https:\/\/www.tessi.eu\/fr\/#website\"},\"datePublished\":\"2019-04-08T15:14:25+00:00\",\"dateModified\":\"2026-04-23T09:11:32+00:00\",\"breadcrumb\":{\"@id\":\"https:\/\/www.tessi.eu\/en\/personal-data-use-policy\/#breadcrumb\"},\"inLanguage\":\"en-US\",\"potentialAction\":[{\"@type\":\"ReadAction\",\"target\":[\"https:\/\/www.tessi.eu\/en\/personal-data-use-policy\/\"]}]},{\"@type\":\"BreadcrumbList\",\"@id\":\"https:\/\/www.tessi.eu\/en\/personal-data-use-policy\/#breadcrumb\",\"itemListElement\":[{\"@type\":\"ListItem\",\"position\":1,\"name\":\"Home\",\"item\":\"https:\/\/www.tessi.eu\/en\/\"},{\"@type\":\"ListItem\",\"position\":2,\"name\":\"Privacy and personal data policy\"}]},{\"@type\":\"WebSite\",\"@id\":\"https:\/\/www.tessi.eu\/fr\/#website\",\"url\":\"https:\/\/www.tessi.eu\/fr\/\",\"name\":\"Tessi International\",\"description\":\"\",\"potentialAction\":[{\"@type\":\"SearchAction\",\"target\":{\"@type\":\"EntryPoint\",\"urlTemplate\":\"https:\/\/www.tessi.eu\/fr\/?s={search_term_string}\"},\"query-input\":{\"@type\":\"PropertyValueSpecification\",\"valueRequired\":true,\"valueName\":\"search_term_string\"}}],\"inLanguage\":\"en-US\"}]}<\/script>\n<!-- \/ Yoast SEO Premium plugin. -->","yoast_head_json":{"title":"Privacy and personal data policy - Tessi International","robots":{"index":"index","follow":"follow","max-snippet":"max-snippet:-1","max-image-preview":"max-image-preview:large","max-video-preview":"max-video-preview:-1"},"canonical":"https:\/\/www.tessi.eu\/en\/personal-data-use-policy\/","og_locale":"en_US","og_type":"article","og_title":"Privacy and personal data policy","og_description":"Identity of the controller Controller: TESSI French \u00ab Soci\u00e9t\u00e9 par Actions Simplif\u00e9e \u00bb (SAS) with share capital of \u20ac6,523,342 Registered office: 14 rue des Arts et M\u00e9tiers, 38027 Grenoble Cedex (France) Registered Grenoble RCS (Trade and Companies Register) under no.: 071 501 571 Tel.: +33 (0)4 76 70 59 10 Director of publication: Alain de [&hellip;]","og_url":"https:\/\/www.tessi.eu\/en\/personal-data-use-policy\/","og_site_name":"Tessi International","article_modified_time":"2026-04-23T09:11:32+00:00","twitter_card":"summary_large_image","twitter_misc":{"Est. reading time":"5 minutes"},"schema":{"@context":"https:\/\/schema.org","@graph":[{"@type":"WebPage","@id":"https:\/\/www.tessi.eu\/en\/personal-data-use-policy\/","url":"https:\/\/www.tessi.eu\/en\/personal-data-use-policy\/","name":"Privacy and personal data policy - Tessi International","isPartOf":{"@id":"https:\/\/www.tessi.eu\/fr\/#website"},"datePublished":"2019-04-08T15:14:25+00:00","dateModified":"2026-04-23T09:11:32+00:00","breadcrumb":{"@id":"https:\/\/www.tessi.eu\/en\/personal-data-use-policy\/#breadcrumb"},"inLanguage":"en-US","potentialAction":[{"@type":"ReadAction","target":["https:\/\/www.tessi.eu\/en\/personal-data-use-policy\/"]}]},{"@type":"BreadcrumbList","@id":"https:\/\/www.tessi.eu\/en\/personal-data-use-policy\/#breadcrumb","itemListElement":[{"@type":"ListItem","position":1,"name":"Home","item":"https:\/\/www.tessi.eu\/en\/"},{"@type":"ListItem","position":2,"name":"Privacy and personal data policy"}]},{"@type":"WebSite","@id":"https:\/\/www.tessi.eu\/fr\/#website","url":"https:\/\/www.tessi.eu\/fr\/","name":"Tessi International","description":"","potentialAction":[{"@type":"SearchAction","target":{"@type":"EntryPoint","urlTemplate":"https:\/\/www.tessi.eu\/fr\/?s={search_term_string}"},"query-input":{"@type":"PropertyValueSpecification","valueRequired":true,"valueName":"search_term_string"}}],"inLanguage":"en-US"}]}},"_links":{"self":[{"href":"https:\/\/www.tessi.eu\/en\/wp-json\/wp\/v2\/pages\/8471\/"}],"collection":[{"href":"https:\/\/www.tessi.eu\/en\/wp-json\/wp\/v2\/pages\/"}],"about":[{"href":"https:\/\/www.tessi.eu\/en\/wp-json\/wp\/v2\/types\/page\/"}],"author":[{"embeddable":true,"href":"https:\/\/www.tessi.eu\/en\/wp-json\/wp\/v2\/users\/1\/"}],"replies":[{"embeddable":true,"href":"https:\/\/www.tessi.eu\/en\/wp-json\/wp\/v2\/comments\/?post=8471"}],"version-history":[{"count":10,"href":"https:\/\/www.tessi.eu\/en\/wp-json\/wp\/v2\/pages\/8471\/revisions\/"}],"predecessor-version":[{"id":69407,"href":"https:\/\/www.tessi.eu\/en\/wp-json\/wp\/v2\/pages\/8471\/revisions\/69407\/"}],"wp:attachment":[{"href":"https:\/\/www.tessi.eu\/en\/wp-json\/wp\/v2\/media\/?parent=8471"}],"curies":[{"name":"wp","href":"https:\/\/api.w.org\/{rel}","templated":true}]}}